{"id":2,"date":"2021-03-20T17:16:38","date_gmt":"2021-03-20T16:16:38","guid":{"rendered":"https:\/\/dubicz.hu\/en\/?page_id=2"},"modified":"2025-10-01T11:11:51","modified_gmt":"2025-10-01T09:11:51","slug":"home","status":"publish","type":"page","link":"https:\/\/dubicz.hu\/en\/","title":{"rendered":"Home"},"content":{"rendered":"<div id=\"pl-2\"  class=\"panel-layout\" ><div id=\"pg-2-0\"  class=\"panel-grid panel-has-style\" ><div class=\"panel-row-style panel-row-style-for-2-0\" ><div id=\"pgc-2-0-0\"  class=\"panel-grid-cell\" ><div id=\"panel-2-0-0-0\" class=\"so-panel widget widget_ndm-title panel-first-child panel-last-child\" data-index=\"0\" ><div\n\t\t\t\n\t\t\tclass=\"so-widget-ndm-title so-widget-ndm-title-default-d75171398898-2\"\n\t\t\t\n\t\t><h2 class=\"ndm-title-background ml-auto mr-auto\">118 years<\/h2><h2 class=\"ndm-title 118 years dubicz-darkblue text-center\">on the volcanic slopes of the M\u00e1tra<\/h2><p class=\"ndm-title-desc col-lg-8 mx-auto text-center\">Dubicz Winery and Vineyard is a winery particularly focusing on white wines on our own vineyards of 114 hectares. We create award-winning wines by combining wine-making traditions fostered for 120 years, the great natural factors of the M\u00e1tra Wine Region, and the most up-to-date technologies.<\/p><\/div><\/div><\/div><\/div><\/div><div id=\"pg-2-1\"  class=\"panel-grid panel-has-style\" ><div class=\"siteorigin-panels-stretch panel-row-style panel-row-style-for-2-1\" data-stretch-type=\"full-width-stretch\" ><div id=\"pgc-2-1-0\"  class=\"panel-grid-cell\" ><div id=\"panel-2-1-0-0\" class=\"so-panel widget widget_ndm-wave panel-first-child panel-last-child\" data-index=\"1\" ><div\n\t\t\t\n\t\t\tclass=\"so-widget-ndm-wave so-widget-ndm-wave-default-d75171398898-2\"\n\t\t\t\n\t\t><div class=\"ndm-footer-widgets-wave w-100 p-0\">\r\n\t<svg xmlns=\"http:\/\/www.w3.org\/2000\/svg\" viewBox=\"0 0 25 2\">\r\n\t\t<path d=\"m 0 2 c 14 0 14 -2 25 -1 l 0 1 l -25 0\" fill=\"#3f4c59\"\/>\r\n\t<\/svg>\r\n<\/div><\/div><\/div><\/div><\/div><\/div><div id=\"pg-2-2\"  class=\"panel-grid panel-has-style\" ><div class=\"siteorigin-panels-stretch panel-row-style panel-row-style-for-2-2\" id=\"home-wines\" data-stretch-type=\"full\" ><div id=\"pgc-2-2-0\"  class=\"panel-grid-cell\" ><div id=\"panel-2-2-0-0\" class=\"so-panel widget widget_ndm-title panel-first-child panel-last-child\" data-index=\"2\" ><div class=\"panel-widget-style panel-widget-style-for-2-2-0-0\" ><div\n\t\t\t\n\t\t\tclass=\"so-widget-ndm-title so-widget-ndm-title-default-d75171398898-2\"\n\t\t\t\n\t\t><h2 class=\"ndm-title  text-white text-center\">Wines<\/h2><p class=\"ndm-title-desc col-lg-8 mx-auto text-center text-white\">In case of every vintage, we bottle the very best of our heart, soul and professional knowledge. Our offering includes traditional wines made from white grape varieties that make everyone enchanted from those loving light flavors to gourmets.<\/p><\/div><\/div><\/div><\/div><\/div><\/div><div id=\"pg-2-3\"  class=\"panel-grid panel-has-style\" ><div class=\"waveboxes siteorigin-panels-stretch panel-row-style panel-row-style-for-2-3\" data-stretch-type=\"full\" ><div id=\"pgc-2-3-0\"  class=\"panel-grid-cell\" ><div id=\"panel-2-3-0-0\" class=\"so-panel widget widget_ndm-wavebox panel-first-child panel-last-child\" data-index=\"3\" ><div\n\t\t\t\n\t\t\tclass=\"so-widget-ndm-wavebox so-widget-ndm-wavebox-default-d75171398898-2\"\n\t\t\t\n\t\t><div class=\"row\">\r\n\r\n\t<div class=\"col-lg-4\">\r\n\t\t<div class=\"ndm-wavebox themered\">\r\n\t\t\t<div class=\"ndm-wavebox-top\">\r\n\t\t\t\t<img decoding=\"async\" src=\"https:\/\/dubicz.hu\/en\/wp-content\/uploads\/2021\/09\/matra-sorozat.jpg\" class=\"img-fluid\">\t\t\t\t\t\t\t<img decoding=\"async\" src=\"https:\/\/dubicz.hu\/en\/wp-content\/themes\/dubicz\/img\/wave\/wave-red.png\" class=\"img-fluid ndm-wavebox-wave\">\r\n\t\t\t\t\t\t\t\t\t<\/div>\r\n\t\t\t<div class=\"ndm-wavebox-bottom\">\r\n\t\t\t\t<h4 class=\"text-white mb-2\">\r\n\t\t\t\t\tM\u00e1tra\t\t\t\t<\/h4>\r\n\t\t\t\t<p class=\"text-white\">\r\n\t\t\t\t\tFresh, fragrant, fruity wines of excellent value for money. The quality wines of everyday life, for any occasion.\t\t\t\t<\/p>\r\n\t\t\t\t<a href=\"\/en\/winecategory\/matra\/\">\r\n\t\t\t\t\tWines\t\t\t\t<\/a>\r\n\t\t\t<\/div>\r\n\t\t<\/div>\r\n\t<\/div>\r\n\r\n\t\r\n\t<div class=\"col-lg-4\">\r\n\t\t<div class=\"ndm-wavebox themelightblue\">\r\n\t\t\t<div class=\"ndm-wavebox-top\">\r\n\t\t\t\t<img decoding=\"async\" src=\"https:\/\/dubicz.hu\/en\/wp-content\/uploads\/2021\/09\/1014-sorozat.jpg\" class=\"img-fluid\">\t\t\t\t\t\t\t<img decoding=\"async\" src=\"https:\/\/dubicz.hu\/en\/wp-content\/themes\/dubicz\/img\/wave\/wave-blue.png\" class=\"img-fluid ndm-wavebox-wave\">\r\n\t\t\t\t\t\t\t\t\t<\/div>\r\n\t\t\t<div class=\"ndm-wavebox-bottom\">\r\n\t\t\t\t<h4 class=\"text-white mb-2\">\r\n\t\t\t\t\t1014\t\t\t\t<\/h4>\r\n\t\t\t\t<p class=\"text-white\">\r\n\t\t\t\t\tThe excellent wines of the winery made from selected grapes are sold under the denomination referring to the K\u00e9kes.\t\t\t\t<\/p>\r\n\t\t\t\t<a href=\"\/en\/winecategory\/ezertizennegy\/\">\r\n\t\t\t\t\tWines\t\t\t\t<\/a>\r\n\t\t\t<\/div>\r\n\t\t<\/div>\r\n\t<\/div>\r\n\r\n\t\r\n\t<div class=\"col-lg-4\">\r\n\t\t<div class=\"ndm-wavebox themedarkblue\">\r\n\t\t\t<div class=\"ndm-wavebox-top\">\r\n\t\t\t\t<img decoding=\"async\" src=\"https:\/\/dubicz.hu\/en\/wp-content\/uploads\/2021\/09\/sarhegy-sorozat.jpg\" class=\"img-fluid\">\t\t\t\t\t\t\t<img decoding=\"async\" src=\"https:\/\/dubicz.hu\/en\/wp-content\/themes\/dubicz\/img\/wave\/wave-dark.png\" class=\"img-fluid ndm-wavebox-wave\">\r\n\t\t\t\t\t\t\t\t\t<\/div>\r\n\t\t\t<div class=\"ndm-wavebox-bottom\">\r\n\t\t\t\t<h4 class=\"text-white mb-2\">\r\n\t\t\t\t\tS\u00e1rhegy\t\t\t\t<\/h4>\r\n\t\t\t\t<p class=\"text-white\">\r\n\t\t\t\t\tOnly the finest batches of the best vintages can be part of our original, single vineyard wines.\t\t\t\t<\/p>\r\n\t\t\t\t<a href=\"\/en\/winecategory\/sarhegy\/\">\r\n\t\t\t\t\tWines\t\t\t\t<\/a>\r\n\t\t\t<\/div>\r\n\t\t<\/div>\r\n\t<\/div>\r\n\r\n\t<\/div><\/div><\/div><\/div><\/div><\/div><div id=\"pg-2-4\"  class=\"panel-grid panel-has-style\" ><div class=\"siteorigin-panels-stretch panel-row-style panel-row-style-for-2-4\" data-stretch-type=\"full-width-stretch\" ><div id=\"pgc-2-4-0\"  class=\"panel-grid-cell\" ><div id=\"panel-2-4-0-0\" class=\"so-panel widget widget_ndm-img-grid panel-first-child panel-last-child\" data-index=\"4\" ><div\n\t\t\t\n\t\t\tclass=\"so-widget-ndm-img-grid so-widget-ndm-img-grid-default-d75171398898-2\"\n\t\t\t\n\t\t>\r\n\t\t<div class=\"ndm-img-grid-container container-fluid pl-2 pr-2 pl-lg-4 pr-lg-4\">\r\n\t\t\t<div class=\"ndm-img-grid row\">\r\n\t\t\t\t<div class=\"col-lg-6 col-xl-3\">\r\n\t\t\t\t\t<div class=\"ndm-img-grid-wrapper mb-2 mb-lg-4\">\r\n\t\t\t\t\t\t<img decoding=\"async\" src=\"https:\/\/dubicz.hu\/en\/wp-content\/uploads\/2021\/08\/fooldal-borkostolo5.jpg\" class=\"img-fluid\" alt=\"Dubicz Bor\u00e1szat \u00e9s Sz\u0151l\u0151birtok\">\r\n\t\t\t\t\t<\/div>\r\n\t\t\t\t\t<div class=\"ndm-img-grid-wrapper mb-2 mb-lg-0\">\r\n\t\t\t\t\t\t<img decoding=\"async\" src=\"https:\/\/dubicz.hu\/en\/wp-content\/uploads\/2021\/08\/fooldal-borkostolo1.jpg\" class=\"img-fluid\" alt=\"Dubicz Bor\u00e1szat \u00e9s Sz\u0151l\u0151birtok\">\r\n\t\t\t\t\t<\/div>\r\n\t\t\t\t<\/div>\r\n\t\t\t\t<div class=\"col-lg-6 col-xl-5 img-center mb-2 mb-lg-0\">\r\n\t\t\t\t\t<img decoding=\"async\" src=\"https:\/\/dubicz.hu\/en\/wp-content\/uploads\/2021\/08\/fooldal-borkostolo2-scaled.jpg\" class=\"img-fluid\" alt=\"Dubicz Bor\u00e1szat \u00e9s Sz\u0151l\u0151birtok\">\r\n\t\t\t\t<\/div>\r\n\t\t\t\t<div class=\"d-flex flex-column justify-content-between col-xl-3 mt-2 mt-lg-4 mt-xl-0\">\r\n\t\t\t\t\t\t\t\t\t\t\t\t\t<a href=\"https:\/\/www.instagram.com\/explore\/tags\/mutimitiszol\/\" target=\"_blank\" rel=\"noopener\" arial-label=\"Link\">\r\n\t\t\t\t\t\t\t\t\t<h6>#mutimitiszol<\/h6>\r\n\t\t\t\t\t\t\t\t<\/a>\r\n\t\t\t\t\t\t\t\t\t\t\t\t<div class=\"ndm-img-grid-desc\">\r\n\t\t\t\t\t\t\t<h3 class=\"themecolor mb-2 mb-lg-4\">Wine tasting<\/h3><p class=\"ndm-img-grid-description mb-0\"><p>Taste our wines and let us show you as a host what is in the 120-year-old building of the winery and what adventures the M\u00e1tra Wine Region has to offer!<\/p>\n<p>All those interested can find the flavors and types of recreation according to their needs in the thematic programs \u2013 either on location or virtually.<\/p>\n<\/p><a href=\"\/en\/winetasting\/\" class=\"ndm-read-more ndm-read-more--dark\" arial-label=\"Link\">Wine tastings<\/a>\t\t\t\t\t\t\r\n\t\t\t\t\t<\/div>\r\n\t\t\t\t<\/div>\r\n\t\t\t\t<div class=\"col-xl-1\"><\/div>\r\n\t\t\t<\/div>\r\n\t\t<\/div>\r\n\r\n\t<\/div><\/div><\/div><\/div><\/div><div id=\"pg-2-5\"  class=\"panel-grid panel-has-style\" ><div class=\"siteorigin-panels-stretch panel-row-style panel-row-style-for-2-5\" data-stretch-type=\"full-width-stretch\" ><div id=\"pgc-2-5-0\"  class=\"panel-grid-cell\" ><div id=\"panel-2-5-0-0\" class=\"so-panel widget widget_ndm-image panel-first-child panel-last-child\" data-index=\"5\" ><div class=\"1014-big-image panel-widget-style panel-widget-style-for-2-5-0-0\" ><div\n\t\t\t\n\t\t\tclass=\"so-widget-ndm-image so-widget-ndm-image-default-d75171398898-2\"\n\t\t\t\n\t\t><img decoding=\"async\" src=\"https:\/\/dubicz.hu\/en\/wp-content\/uploads\/2021\/07\/1014-irsai-oliver.jpg\" class=\"img-fluid mb-2 mb-lg-4\" alt=\"\"><\/div><\/div><\/div><\/div><\/div><\/div><div id=\"pg-2-6\"  class=\"panel-grid panel-has-style\" ><div class=\"panel-row-style panel-row-style-for-2-6\" ><div id=\"pgc-2-6-0\"  class=\"panel-grid-cell\" ><div id=\"panel-2-6-0-0\" class=\"so-panel widget widget_ndm-wavebox panel-first-child panel-last-child\" data-index=\"6\" ><div\n\t\t\t\n\t\t\tclass=\"so-widget-ndm-wavebox so-widget-ndm-wavebox-default-d75171398898-2\"\n\t\t\t\n\t\t><div class=\"row\">\r\n\r\n\t<div class=\"col-lg-4\">\r\n\t\t<div class=\"ndm-wavebox themered\">\r\n\t\t\t<div class=\"ndm-wavebox-top\">\r\n\t\t\t\t<img decoding=\"async\" src=\"https:\/\/dubicz.hu\/en\/wp-content\/uploads\/2021\/07\/wavebox-red.png\" class=\"img-fluid\">\t\t\t\t\t\t\t<img decoding=\"async\" src=\"https:\/\/dubicz.hu\/en\/wp-content\/themes\/dubicz\/img\/wave\/wave-red.png\" class=\"img-fluid ndm-wavebox-wave\">\r\n\t\t\t\t\t\t\t\t\t<\/div>\r\n\t\t\t<div class=\"ndm-wavebox-bottom\">\r\n\t\t\t\t<h4 class=\"text-white mb-2\">\r\n\t\t\t\t\tAwards\t\t\t\t<\/h4>\r\n\t\t\t\t<p class=\"text-white\">\r\n\t\t\t\t\tIn addition to our customers, Dubicz-wines have been recognized also by the national and international wine profession on several occasions.\n\t\t\t\t<\/p>\r\n\t\t\t\t<a href=\"https:\/\/dubicz.hu\/en\/winery\/awards\/\">\r\n\t\t\t\t\tRead more\t\t\t\t<\/a>\r\n\t\t\t<\/div>\r\n\t\t<\/div>\r\n\t<\/div>\r\n\r\n\t\r\n\t<div class=\"col-lg-4\">\r\n\t\t<div class=\"ndm-wavebox themedarkblue\">\r\n\t\t\t<div class=\"ndm-wavebox-top\">\r\n\t\t\t\t<img decoding=\"async\" src=\"https:\/\/dubicz.hu\/en\/wp-content\/uploads\/2021\/07\/wavebox-darkblue.png\" class=\"img-fluid\">\t\t\t\t\t\t\t<img decoding=\"async\" src=\"https:\/\/dubicz.hu\/en\/wp-content\/themes\/dubicz\/img\/wave\/wave-dark.png\" class=\"img-fluid ndm-wavebox-wave\">\r\n\t\t\t\t\t\t\t\t\t<\/div>\r\n\t\t\t<div class=\"ndm-wavebox-bottom\">\r\n\t\t\t\t<h4 class=\"text-white mb-2\">\r\n\t\t\t\t\tWine store\t\t\t\t<\/h4>\r\n\t\t\t\t<p class=\"text-white\">\r\n\t\t\t\t\tVisit our wine store where our colleagues are pleased to help you select the appropriate wine for any occasion!\t\t\t\t<\/p>\r\n\t\t\t\t<a href=\"https:\/\/dubicz.hu\/en\/winery\/wine-store\/\">\r\n\t\t\t\t\tRead more\t\t\t\t<\/a>\r\n\t\t\t<\/div>\r\n\t\t<\/div>\r\n\t<\/div>\r\n\r\n\t\r\n\t<div class=\"col-lg-4\">\r\n\t\t<div class=\"ndm-wavebox themelightblue\">\r\n\t\t\t<div class=\"ndm-wavebox-top\">\r\n\t\t\t\t<img decoding=\"async\" src=\"https:\/\/dubicz.hu\/en\/wp-content\/uploads\/2021\/07\/wavebox-lightblue-1.png\" class=\"img-fluid\">\t\t\t\t\t\t\t<img decoding=\"async\" src=\"https:\/\/dubicz.hu\/en\/wp-content\/themes\/dubicz\/img\/wave\/wave-blue.png\" class=\"img-fluid ndm-wavebox-wave\">\r\n\t\t\t\t\t\t\t\t\t<\/div>\r\n\t\t\t<div class=\"ndm-wavebox-bottom\">\r\n\t\t\t\t<h4 class=\"text-white mb-2\">\r\n\t\t\t\t\tThe Team\t\t\t\t<\/h4>\r\n\t\t\t\t<p class=\"text-white\">\r\n\t\t\t\t\tOur family has been the owner of the winery since 2003. We truly believe in hard work and make decisions as a team helping each other. \t\t\t\t<\/p>\r\n\t\t\t\t<a href=\"https:\/\/dubicz.hu\/en\/winery\/the-team\/\">\r\n\t\t\t\t\tRead More\t\t\t\t<\/a>\r\n\t\t\t<\/div>\r\n\t\t<\/div>\r\n\t<\/div>\r\n\r\n\t<\/div><\/div><\/div><\/div><\/div><\/div><div id=\"pg-2-7\"  class=\"panel-grid panel-no-style\" ><div id=\"pgc-2-7-0\"  class=\"panel-grid-cell\" ><div id=\"panel-2-7-0-0\" class=\"so-panel widget widget_ndm-title panel-first-child\" data-index=\"7\" ><div\n\t\t\t\n\t\t\tclass=\"so-widget-ndm-title so-widget-ndm-title-default-d75171398898-2\"\n\t\t\t\n\t\t><h2 class=\"ndm-title  dubicz-darkblue text-center\">Colors and flavors<\/h2><p class=\"ndm-title-desc col-lg-8 mx-auto text-center\">Dubicz-wines are the excellent companions of everyday life and special occasions. Confirm this by following us on both social medial platforms!<\/p><\/div><\/div><div id=\"panel-2-7-0-1\" class=\"so-panel widget widget_ndm-hashtag panel-last-child\" data-index=\"8\" ><div\n\t\t\t\n\t\t\tclass=\"so-widget-ndm-hashtag so-widget-ndm-hashtag-default-d75171398898-2\"\n\t\t\t\n\t\t>\t<div class=\"ndm-hastag-container text-center\">\r\n\t\t<ul class=\"ndm-hashtag-list\">\r\n\t\t\t<li>\r\n\t\t\t\t\t\t\t\t<a href=\"https:\/\/www.facebook.com\/dubicz.hu\/\" class=\"ndm-hashtag-social\" target=\"_blank\" rel=\"noopener\">\r\n\t\t\t\t\t<svg xmlns=\"http:\/\/www.w3.org\/2000\/svg\" viewBox=\"0 0 16 16\">\r\n\t\t\t\t\t\t<path d=\"M16 8.049c0-4.446-3.582-8.05-8-8.05C3.58 0-.002 3.603-.002 8.05c0 4.017 2.926 7.347 6.75 7.951v-5.625h-2.03V8.05H6.75V6.275c0-2.017 1.195-3.131 3.022-3.131.876 0 1.791.157 1.791.157v1.98h-1.009c-.993 0-1.303.621-1.303 1.258v1.51h2.218l-.354 2.326H9.25V16c3.824-.604 6.75-3.934 6.75-7.951z\"><\/path>\r\n\t\t\t\t\t<\/svg>\r\n\t\t\t\t<\/a>\r\n\t\t\t<\/li>\r\n\t\t\t<li>\r\n\t\t\t\t\t\t\t\t<a href=\"https:\/\/www.instagram.com\/dubiczbor\/\" class=\"ndm-hashtag-social\" target=\"_blank\" rel=\"noopener\">\r\n\t\t\t\t\t<svg xmlns=\"http:\/\/www.w3.org\/2000\/svg\" viewBox=\"0 0 16 16\">\r\n\t\t\t\t\t\t<path d=\"M8 0C5.829 0 5.556.01 4.703.048 3.85.088 3.269.222 2.76.42a3.917 3.917 0 0 0-1.417.923A3.927 3.927 0 0 0 .42 2.76C.222 3.268.087 3.85.048 4.7.01 5.555 0 5.827 0 8.001c0 2.172.01 2.444.048 3.297.04.852.174 1.433.372 1.942.205.526.478.972.923 1.417.444.445.89.719 1.416.923.51.198 1.09.333 1.942.372C5.555 15.99 5.827 16 8 16s2.444-.01 3.298-.048c.851-.04 1.434-.174 1.943-.372a3.916 3.916 0 0 0 1.416-.923c.445-.445.718-.891.923-1.417.197-.509.332-1.09.372-1.942C15.99 10.445 16 10.173 16 8s-.01-2.445-.048-3.299c-.04-.851-.175-1.433-.372-1.941a3.926 3.926 0 0 0-.923-1.417A3.911 3.911 0 0 0 13.24.42c-.51-.198-1.092-.333-1.943-.372C10.443.01 10.172 0 7.998 0h.003zm-.717 1.442h.718c2.136 0 2.389.007 3.232.046.78.035 1.204.166 1.486.275.373.145.64.319.92.599.28.28.453.546.598.92.11.281.24.705.275 1.485.039.843.047 1.096.047 3.231s-.008 2.389-.047 3.232c-.035.78-.166 1.203-.275 1.485a2.47 2.47 0 0 1-.599.919c-.28.28-.546.453-.92.598-.28.11-.704.24-1.485.276-.843.038-1.096.047-3.232.047s-2.39-.009-3.233-.047c-.78-.036-1.203-.166-1.485-.276a2.478 2.478 0 0 1-.92-.598 2.48 2.48 0 0 1-.6-.92c-.109-.281-.24-.705-.275-1.485-.038-.843-.046-1.096-.046-3.233 0-2.136.008-2.388.046-3.231.036-.78.166-1.204.276-1.486.145-.373.319-.64.599-.92.28-.28.546-.453.92-.598.282-.11.705-.24 1.485-.276.738-.034 1.024-.044 2.515-.045v.002zm4.988 1.328a.96.96 0 1 0 0 1.92.96.96 0 0 0 0-1.92zm-4.27 1.122a4.109 4.109 0 1 0 0 8.217 4.109 4.109 0 0 0 0-8.217zm0 1.441a2.667 2.667 0 1 1 0 5.334 2.667 2.667 0 0 1 0-5.334z\"\/><\/path>\r\n\t\t\t\t\t<\/svg>\r\n\t\t\t\t<\/a>\r\n\t\t\t<\/li>\r\n\t\t\t\t\t\t\t\t<li><a href=\"https:\/\/www.instagram.com\/explore\/tags\/dubicz\/\" target=\"_blank\" rel=\"noopener\">#dubicz<\/a><\/li>\r\n\t\t\t\t\t\t\t\t\t<li><a href=\"https:\/\/www.instagram.com\/explore\/tags\/dubiczbor\/\" target=\"_blank\" rel=\"noopener\">#dubiczbor<\/a><\/li>\r\n\t\t\t\t\t\t\t\t\t<li><a href=\"https:\/\/www.instagram.com\/explore\/tags\/matraiborvidek\/\" target=\"_blank\" rel=\"noopener\">#matraiborvidek<\/a><\/li>\r\n\t\t\t\t\t\t\t\t\t<li><a href=\"https:\/\/www.instagram.com\/explore\/tags\/boraszat\/\" target=\"_blank\" rel=\"noopener\">#boraszat<\/a><\/li>\r\n\t\t\t\t\t\t\t\t\t<li><a href=\"https:\/\/www.instagram.com\/explore\/tags\/mutimitiszol\/\" target=\"_blank\" rel=\"noopener\">#mutimitiszol<\/a><\/li>\r\n\t\t\t\t\t\t<\/ul>\r\n\t<\/div>\r\n\t\t<\/div><\/div><\/div><\/div><\/div>","protected":false},"excerpt":{"rendered":"<p>118 yearson the volcanic slopes of the M\u00e1traDubicz Winery and Vineyard is a winery particularly focusing on white wines on [&hellip;]<\/p>\n","protected":false},"author":3,"featured_media":0,"parent":0,"menu_order":0,"comment_status":"closed","ping_status":"closed","template":"fullwidth.php","meta":{"footnotes":""},"class_list":["post-2","page","type-page","status-publish","hentry"],"yoast_head":"<!-- This site is optimized with the Yoast SEO plugin v27.3 - https:\/\/yoast.com\/product\/yoast-seo-wordpress\/ -->\n<title>Dubicz Winery and Vineyard<\/title>\n<meta name=\"description\" content=\"A Dubicz Bor\u00e1szat \u00e9s sz\u0151l\u0151birtok egy 114 hekt\u00e1r saj\u00e1t sz\u0151l\u0151\u00fcltetv\u00e9nyen kiemelten feh\u00e9rborokkal foglalkoz\u00f3 pinc\u00e9szet. A 115 \u00e9ve \u00e1polt borkult\u00far\u00e1t, a M\u00e1trai borvid\u00e9k nagyszer\u0171 adotts\u00e1gait \u00e9s legmodernebb technol\u00f3gi\u00e1t \u00f6tv\u00f6zve d\u00edjnyertes borokat alkotunk.\" \/>\n<meta name=\"robots\" content=\"index, follow, max-snippet:-1, max-image-preview:large, max-video-preview:-1\" \/>\n<link rel=\"canonical\" href=\"https:\/\/dubicz.hu\/en\/\" \/>\n<meta property=\"og:locale\" content=\"en_US\" \/>\n<meta property=\"og:type\" content=\"article\" \/>\n<meta property=\"og:title\" content=\"Dubicz Bor\u00e1szat \u00e9s Sz\u0151l\u0151birtok\" \/>\n<meta property=\"og:description\" content=\"A Dubicz Bor\u00e1szat \u00e9s sz\u0151l\u0151birtok egy 114 hekt\u00e1r saj\u00e1t sz\u0151l\u0151\u00fcltetv\u00e9nyen kiemelten feh\u00e9rborokkal foglalkoz\u00f3 pinc\u00e9szet. A 115 \u00e9ve \u00e1polt borkult\u00far\u00e1t, a M\u00e1trai borvid\u00e9k nagyszer\u0171 adotts\u00e1gait \u00e9s legmodernebb technol\u00f3gi\u00e1t \u00f6tv\u00f6zve d\u00edjnyertes borokat alkotunk.\" \/>\n<meta property=\"og:url\" content=\"https:\/\/dubicz.hu\/en\/\" \/>\n<meta property=\"og:site_name\" content=\"Dubicz Winery and Vineyard\" \/>\n<meta property=\"article:modified_time\" content=\"2025-10-01T09:11:51+00:00\" \/>\n<meta name=\"twitter:card\" content=\"summary_large_image\" \/>\n<meta name=\"twitter:label1\" content=\"Est. reading time\" \/>\n\t<meta name=\"twitter:data1\" content=\"5 minutes\" \/>\n<script type=\"application\/ld+json\" class=\"yoast-schema-graph\">{\"@context\":\"https:\\\/\\\/schema.org\",\"@graph\":[{\"@type\":\"WebPage\",\"@id\":\"https:\\\/\\\/dubicz.hu\\\/en\\\/\",\"url\":\"https:\\\/\\\/dubicz.hu\\\/en\\\/\",\"name\":\"Dubicz Winery and Vineyard\",\"isPartOf\":{\"@id\":\"https:\\\/\\\/dubicz.hu\\\/en\\\/#website\"},\"datePublished\":\"2021-03-20T16:16:38+00:00\",\"dateModified\":\"2025-10-01T09:11:51+00:00\",\"description\":\"A Dubicz Bor\u00e1szat \u00e9s sz\u0151l\u0151birtok egy 114 hekt\u00e1r saj\u00e1t sz\u0151l\u0151\u00fcltetv\u00e9nyen kiemelten feh\u00e9rborokkal foglalkoz\u00f3 pinc\u00e9szet. A 115 \u00e9ve \u00e1polt borkult\u00far\u00e1t, a M\u00e1trai borvid\u00e9k nagyszer\u0171 adotts\u00e1gait \u00e9s legmodernebb technol\u00f3gi\u00e1t \u00f6tv\u00f6zve d\u00edjnyertes borokat alkotunk.\",\"breadcrumb\":{\"@id\":\"https:\\\/\\\/dubicz.hu\\\/en\\\/#breadcrumb\"},\"inLanguage\":\"en-US\",\"potentialAction\":[{\"@type\":\"ReadAction\",\"target\":[\"https:\\\/\\\/dubicz.hu\\\/en\\\/\"]}]},{\"@type\":\"BreadcrumbList\",\"@id\":\"https:\\\/\\\/dubicz.hu\\\/en\\\/#breadcrumb\",\"itemListElement\":[{\"@type\":\"ListItem\",\"position\":1,\"name\":\"Kezd\u0151lap\",\"item\":\"https:\\\/\\\/dubicz.hu\\\/en\\\/\"},{\"@type\":\"ListItem\",\"position\":2,\"name\":\"Home\"}]},{\"@type\":\"WebSite\",\"@id\":\"https:\\\/\\\/dubicz.hu\\\/en\\\/#website\",\"url\":\"https:\\\/\\\/dubicz.hu\\\/en\\\/\",\"name\":\"Dubicz Winery and Vineyard\",\"description\":\"\",\"publisher\":{\"@id\":\"https:\\\/\\\/dubicz.hu\\\/en\\\/#organization\"},\"potentialAction\":[{\"@type\":\"SearchAction\",\"target\":{\"@type\":\"EntryPoint\",\"urlTemplate\":\"https:\\\/\\\/dubicz.hu\\\/en\\\/?s={search_term_string}\"},\"query-input\":{\"@type\":\"PropertyValueSpecification\",\"valueRequired\":true,\"valueName\":\"search_term_string\"}}],\"inLanguage\":\"en-US\"},{\"@type\":\"Organization\",\"@id\":\"https:\\\/\\\/dubicz.hu\\\/en\\\/#organization\",\"name\":\"Dubicz Bor\u00e1szat & Sz\u0151l\u0151birtok\",\"url\":\"https:\\\/\\\/dubicz.hu\\\/en\\\/\",\"logo\":{\"@type\":\"ImageObject\",\"inLanguage\":\"en-US\",\"@id\":\"https:\\\/\\\/dubicz.hu\\\/en\\\/#\\\/schema\\\/logo\\\/image\\\/\",\"url\":\"https:\\\/\\\/dubicz.hu\\\/en\\\/wp-content\\\/uploads\\\/2021\\\/09\\\/dubicz-logo.png\",\"contentUrl\":\"https:\\\/\\\/dubicz.hu\\\/en\\\/wp-content\\\/uploads\\\/2021\\\/09\\\/dubicz-logo.png\",\"width\":323,\"height\":245,\"caption\":\"Dubicz Bor\u00e1szat & Sz\u0151l\u0151birtok\"},\"image\":{\"@id\":\"https:\\\/\\\/dubicz.hu\\\/en\\\/#\\\/schema\\\/logo\\\/image\\\/\"}}]}<\/script>\n<!-- \/ Yoast SEO plugin. -->","yoast_head_json":{"title":"Dubicz Winery and Vineyard","description":"A Dubicz Bor\u00e1szat \u00e9s sz\u0151l\u0151birtok egy 114 hekt\u00e1r saj\u00e1t sz\u0151l\u0151\u00fcltetv\u00e9nyen kiemelten feh\u00e9rborokkal foglalkoz\u00f3 pinc\u00e9szet. A 115 \u00e9ve \u00e1polt borkult\u00far\u00e1t, a M\u00e1trai borvid\u00e9k nagyszer\u0171 adotts\u00e1gait \u00e9s legmodernebb technol\u00f3gi\u00e1t \u00f6tv\u00f6zve d\u00edjnyertes borokat alkotunk.","robots":{"index":"index","follow":"follow","max-snippet":"max-snippet:-1","max-image-preview":"max-image-preview:large","max-video-preview":"max-video-preview:-1"},"canonical":"https:\/\/dubicz.hu\/en\/","og_locale":"en_US","og_type":"article","og_title":"Dubicz Bor\u00e1szat \u00e9s Sz\u0151l\u0151birtok","og_description":"A Dubicz Bor\u00e1szat \u00e9s sz\u0151l\u0151birtok egy 114 hekt\u00e1r saj\u00e1t sz\u0151l\u0151\u00fcltetv\u00e9nyen kiemelten feh\u00e9rborokkal foglalkoz\u00f3 pinc\u00e9szet. A 115 \u00e9ve \u00e1polt borkult\u00far\u00e1t, a M\u00e1trai borvid\u00e9k nagyszer\u0171 adotts\u00e1gait \u00e9s legmodernebb technol\u00f3gi\u00e1t \u00f6tv\u00f6zve d\u00edjnyertes borokat alkotunk.","og_url":"https:\/\/dubicz.hu\/en\/","og_site_name":"Dubicz Winery and Vineyard","article_modified_time":"2025-10-01T09:11:51+00:00","twitter_card":"summary_large_image","twitter_misc":{"Est. reading time":"5 minutes"},"schema":{"@context":"https:\/\/schema.org","@graph":[{"@type":"WebPage","@id":"https:\/\/dubicz.hu\/en\/","url":"https:\/\/dubicz.hu\/en\/","name":"Dubicz Winery and Vineyard","isPartOf":{"@id":"https:\/\/dubicz.hu\/en\/#website"},"datePublished":"2021-03-20T16:16:38+00:00","dateModified":"2025-10-01T09:11:51+00:00","description":"A Dubicz Bor\u00e1szat \u00e9s sz\u0151l\u0151birtok egy 114 hekt\u00e1r saj\u00e1t sz\u0151l\u0151\u00fcltetv\u00e9nyen kiemelten feh\u00e9rborokkal foglalkoz\u00f3 pinc\u00e9szet. A 115 \u00e9ve \u00e1polt borkult\u00far\u00e1t, a M\u00e1trai borvid\u00e9k nagyszer\u0171 adotts\u00e1gait \u00e9s legmodernebb technol\u00f3gi\u00e1t \u00f6tv\u00f6zve d\u00edjnyertes borokat alkotunk.","breadcrumb":{"@id":"https:\/\/dubicz.hu\/en\/#breadcrumb"},"inLanguage":"en-US","potentialAction":[{"@type":"ReadAction","target":["https:\/\/dubicz.hu\/en\/"]}]},{"@type":"BreadcrumbList","@id":"https:\/\/dubicz.hu\/en\/#breadcrumb","itemListElement":[{"@type":"ListItem","position":1,"name":"Kezd\u0151lap","item":"https:\/\/dubicz.hu\/en\/"},{"@type":"ListItem","position":2,"name":"Home"}]},{"@type":"WebSite","@id":"https:\/\/dubicz.hu\/en\/#website","url":"https:\/\/dubicz.hu\/en\/","name":"Dubicz Winery and Vineyard","description":"","publisher":{"@id":"https:\/\/dubicz.hu\/en\/#organization"},"potentialAction":[{"@type":"SearchAction","target":{"@type":"EntryPoint","urlTemplate":"https:\/\/dubicz.hu\/en\/?s={search_term_string}"},"query-input":{"@type":"PropertyValueSpecification","valueRequired":true,"valueName":"search_term_string"}}],"inLanguage":"en-US"},{"@type":"Organization","@id":"https:\/\/dubicz.hu\/en\/#organization","name":"Dubicz Bor\u00e1szat & Sz\u0151l\u0151birtok","url":"https:\/\/dubicz.hu\/en\/","logo":{"@type":"ImageObject","inLanguage":"en-US","@id":"https:\/\/dubicz.hu\/en\/#\/schema\/logo\/image\/","url":"https:\/\/dubicz.hu\/en\/wp-content\/uploads\/2021\/09\/dubicz-logo.png","contentUrl":"https:\/\/dubicz.hu\/en\/wp-content\/uploads\/2021\/09\/dubicz-logo.png","width":323,"height":245,"caption":"Dubicz Bor\u00e1szat & Sz\u0151l\u0151birtok"},"image":{"@id":"https:\/\/dubicz.hu\/en\/#\/schema\/logo\/image\/"}}]}},"_links":{"self":[{"href":"https:\/\/dubicz.hu\/en\/wp-json\/wp\/v2\/pages\/2","targetHints":{"allow":["GET"]}}],"collection":[{"href":"https:\/\/dubicz.hu\/en\/wp-json\/wp\/v2\/pages"}],"about":[{"href":"https:\/\/dubicz.hu\/en\/wp-json\/wp\/v2\/types\/page"}],"author":[{"embeddable":true,"href":"https:\/\/dubicz.hu\/en\/wp-json\/wp\/v2\/users\/3"}],"replies":[{"embeddable":true,"href":"https:\/\/dubicz.hu\/en\/wp-json\/wp\/v2\/comments?post=2"}],"version-history":[{"count":19,"href":"https:\/\/dubicz.hu\/en\/wp-json\/wp\/v2\/pages\/2\/revisions"}],"predecessor-version":[{"id":8708,"href":"https:\/\/dubicz.hu\/en\/wp-json\/wp\/v2\/pages\/2\/revisions\/8708"}],"wp:attachment":[{"href":"https:\/\/dubicz.hu\/en\/wp-json\/wp\/v2\/media?parent=2"}],"curies":[{"name":"wp","href":"https:\/\/api.w.org\/{rel}","templated":true}]}}