{"id":37,"date":"2021-03-23T10:10:35","date_gmt":"2021-03-23T09:10:35","guid":{"rendered":"https:\/\/dubicz.hu\/en\/?page_id=37"},"modified":"2025-10-01T11:15:31","modified_gmt":"2025-10-01T09:15:31","slug":"winery","status":"publish","type":"page","link":"https:\/\/dubicz.hu\/en\/winery\/","title":{"rendered":"Winery"},"content":{"rendered":"<div id=\"pl-37\"  class=\"panel-layout\" ><div id=\"pg-37-0\"  class=\"panel-grid panel-has-style\" ><div class=\"panel-row-style panel-row-style-for-37-0\" ><div id=\"pgc-37-0-0\"  class=\"panel-grid-cell\" ><div id=\"panel-37-0-0-0\" class=\"so-panel widget widget_ndm-title panel-first-child panel-last-child\" data-index=\"0\" ><div\n\t\t\t\n\t\t\tclass=\"so-widget-ndm-title so-widget-ndm-title-default-d75171398898-37\"\n\t\t\t\n\t\t><h2 class=\"ndm-title  dubicz-darkblue text-center\">Welcome!<\/h2><p class=\"ndm-title-desc col-lg-8 mx-auto text-center\">Pride. Perhaps this is the first term to come to our minds when we think of Dubicz-wines. We are proud of the constantly excellent quality, the progress made, the results, the excellent team and you, wine consumers. Because more and more of you know and are looking for the Dubicz-batches, talk about your experiences together and come back to us from time to time. We are grateful to you!<\/p><\/div><\/div><\/div><\/div><\/div><div id=\"pg-37-1\"  class=\"panel-grid panel-has-style\" ><div class=\"siteorigin-panels-stretch panel-row-style panel-row-style-for-37-1\" data-stretch-type=\"full-width-stretch\" ><div id=\"pgc-37-1-0\"  class=\"panel-grid-cell\" ><div id=\"panel-37-1-0-0\" class=\"so-panel widget widget_ndm-wave panel-first-child panel-last-child\" data-index=\"1\" ><div\n\t\t\t\n\t\t\tclass=\"so-widget-ndm-wave so-widget-ndm-wave-default-d75171398898-37\"\n\t\t\t\n\t\t><div class=\"ndm-footer-widgets-wave w-100 p-0\">\r\n\t<svg xmlns=\"http:\/\/www.w3.org\/2000\/svg\" viewBox=\"0 0 25 2\">\r\n\t\t<path d=\"m 0 2 c 14 0 14 -2 25 -1 l 0 1 l -25 0\" fill=\"#3f4c59\"\/>\r\n\t<\/svg>\r\n<\/div><\/div><\/div><\/div><\/div><\/div><div id=\"pg-37-2\"  class=\"panel-grid panel-has-style\" ><div class=\"siteorigin-panels-stretch panel-row-style panel-row-style-for-37-2\" data-stretch-type=\"full\" ><div id=\"pgc-37-2-0\"  class=\"panel-grid-cell\" ><div id=\"panel-37-2-0-0\" class=\"so-panel widget widget_ndm-paragraph panel-first-child\" data-index=\"2\" ><div class=\"panel-widget-style panel-widget-style-for-37-2-0-0\" ><div\n\t\t\t\n\t\t\tclass=\"so-widget-ndm-paragraph so-widget-ndm-paragraph-default-d75171398898-37\"\n\t\t\t\n\t\t><div class=\"ndm-paragraph row\"><div class=\"col-md-8 ml-auto mr-auto\"><p class=\"text-left text-white\">It was 9 years ago that the Wine Palace building \u2013 currently 120 years old \u2013 received the Dubicz brand name. We made the decision in 2016 \u2013 out of respect for our descendants, to ensure historical continuity \u2013 to choose the ancient family name as the name of our winery. From a certain aspect, this half a decade has flown by in a moment, while from another, it seems to be a great deal of time. A lot has happened to us during this time, and it is difficult to summarize all of them even in headlines:<\/p><\/div><\/div><\/div><\/div><\/div><div id=\"panel-37-2-0-1\" class=\"so-panel widget widget_ndm-list panel-last-child\" data-index=\"3\" ><div\n\t\t\t\n\t\t\tclass=\"so-widget-ndm-list so-widget-ndm-list-default-d75171398898-37\"\n\t\t\t\n\t\t><div class=\"row\"><div class=\"col-md-8 ml-auto mr-auto\"><ul class=\"ndm-list\">        <li\n         class=\"text-white\"        >Due to the growths and developments of the past few years, we now cultivate an area of 114 hectares, as a result of which, the sales volume has also increased tenfold and today, nearly half a million bottles of wine are purchased by the customers.<\/li>\n            <li\n         class=\"text-white\"        >In recent years, we have become more open to quality wine consumers, and the S\u00e1rhegy category is part of our premium selection.<\/li>\n            <li\n         class=\"text-white\"        >We have a number of professional national and international awards.<\/li>\n            <li\n         class=\"text-white\"        >In 2018, our family of labels won the internationally prestigious Red Dot Award that is considered to be the Oscars of the design industry. During the competition, the graphic concept depicting M\u00e1tra-motifs was awarded among the 8,600 creations of 45 countries. The recognition has been previously awarded to big brands, such as Apple, Nike, BMW or Audi.<\/li>\n            <li\n         class=\"text-white\"        >In 2018 and 2019, Sziget Fesztiv\u00e1l Kft. and the Borh\u00e1l\u00f3 Wine &amp; Spirit Shop appointed Dubicz-wines as the official wines of festivals, so we were present in the bars of every Sziget, Balaton Sound, Beach Festival, VOLT, Be.my.lake and EFOTT festival, to make you happily take part in the festivals. The festivals were canceled in 2020, but we were able to meet again in 2021, at the EFOTT festival!<\/li>\n            <li\n         class=\"text-white\"        >Our everyday technological development assists the entire process of wine making: from grape harvest to labeling, every process element is conducted by using innovative solutions.<\/li>\n            <li\n         class=\"text-white\"        >We can meet around 120-150 times a year at wine festivals, wine tasting events, and professional events related to wines. These events, the feedback received, and the direct connection are important to us.<\/li>\n    <\/ul><\/div><\/div><\/div><\/div><\/div><\/div><\/div><div id=\"pg-37-3\"  class=\"panel-grid panel-has-style\" ><div class=\"siteorigin-panels-stretch panel-row-style panel-row-style-for-37-3\" data-stretch-type=\"full-width-stretch\" ><div id=\"pgc-37-3-0\"  class=\"panel-grid-cell\" ><div id=\"panel-37-3-0-0\" class=\"so-panel widget widget_ndm-wave panel-first-child panel-last-child\" data-index=\"4\" ><div\n\t\t\t\n\t\t\tclass=\"so-widget-ndm-wave so-widget-ndm-wave-default-d75171398898-37\"\n\t\t\t\n\t\t><div class=\"ndm-footer-widgets-wave w-100 p-0\">\r\n\t<svg xmlns=\"http:\/\/www.w3.org\/2000\/svg\" viewBox=\"0 0 25 2\">\r\n\t\t<path d=\"m 0 2 c 14 0 14 -2 25 -1 l 0 1 l -25 0\" fill=\"#fff\"\/>\r\n\t<\/svg>\r\n<\/div><\/div><\/div><\/div><\/div><\/div><div id=\"pg-37-4\"  class=\"panel-grid panel-has-style\" ><div class=\"siteorigin-panels-stretch panel-row-style panel-row-style-for-37-4\" data-stretch-type=\"full\" ><div id=\"pgc-37-4-0\"  class=\"panel-grid-cell\" ><div id=\"panel-37-4-0-0\" class=\"so-panel widget widget_ndm-paragraph panel-first-child panel-last-child\" data-index=\"5\" ><div\n\t\t\t\n\t\t\tclass=\"so-widget-ndm-paragraph so-widget-ndm-paragraph-default-d75171398898-37\"\n\t\t\t\n\t\t><div class=\"ndm-paragraph row\"><div class=\"col-md-8 ml-auto mr-auto\"><p class=\"text-left mb-0\">In case of every vintage, we bottle the very best of our heart, soul and highest professional knowledge. We hope that everyone will love our wines as much as we do.<\/p><\/div><\/div><\/div><\/div><\/div><\/div><\/div><\/div>","protected":false},"excerpt":{"rendered":"<p>Welcome!Pride. Perhaps this is the first term to come to our minds when we think of Dubicz-wines. We are proud [&hellip;]<\/p>\n","protected":false},"author":3,"featured_media":0,"parent":0,"menu_order":1,"comment_status":"closed","ping_status":"closed","template":"fullwidth.php","meta":{"footnotes":""},"class_list":["post-37","page","type-page","status-publish","hentry"],"yoast_head":"<!-- This site is optimized with the Yoast SEO plugin v27.5 - https:\/\/yoast.com\/product\/yoast-seo-wordpress\/ -->\n<title>Winery &#8226; Dubicz Winery and Vineyard<\/title>\n<meta name=\"robots\" content=\"index, follow, max-snippet:-1, max-image-preview:large, max-video-preview:-1\" \/>\n<link rel=\"canonical\" href=\"https:\/\/dubicz.hu\/en\/winery\/\" \/>\n<meta property=\"og:locale\" content=\"en_US\" \/>\n<meta property=\"og:type\" content=\"article\" \/>\n<meta property=\"og:title\" content=\"Winery &#8226; Dubicz Winery and Vineyard\" \/>\n<meta property=\"og:description\" content=\"Welcome!Pride. Perhaps this is the first term to come to our minds when we think of Dubicz-wines. We are proud [&hellip;]\" \/>\n<meta property=\"og:url\" content=\"https:\/\/dubicz.hu\/en\/winery\/\" \/>\n<meta property=\"og:site_name\" content=\"Dubicz Winery and Vineyard\" \/>\n<meta property=\"article:modified_time\" content=\"2025-10-01T09:15:31+00:00\" \/>\n<meta name=\"twitter:card\" content=\"summary_large_image\" \/>\n<meta name=\"twitter:label1\" content=\"Est. reading time\" \/>\n\t<meta name=\"twitter:data1\" content=\"2 minutes\" \/>\n<script type=\"application\/ld+json\" class=\"yoast-schema-graph\">{\"@context\":\"https:\\\/\\\/schema.org\",\"@graph\":[{\"@type\":\"WebPage\",\"@id\":\"https:\\\/\\\/dubicz.hu\\\/en\\\/winery\\\/\",\"url\":\"https:\\\/\\\/dubicz.hu\\\/en\\\/winery\\\/\",\"name\":\"Winery &#8226; Dubicz Winery and Vineyard\",\"isPartOf\":{\"@id\":\"https:\\\/\\\/dubicz.hu\\\/en\\\/#website\"},\"datePublished\":\"2021-03-23T09:10:35+00:00\",\"dateModified\":\"2025-10-01T09:15:31+00:00\",\"breadcrumb\":{\"@id\":\"https:\\\/\\\/dubicz.hu\\\/en\\\/winery\\\/#breadcrumb\"},\"inLanguage\":\"en-US\",\"potentialAction\":[{\"@type\":\"ReadAction\",\"target\":[\"https:\\\/\\\/dubicz.hu\\\/en\\\/winery\\\/\"]}]},{\"@type\":\"BreadcrumbList\",\"@id\":\"https:\\\/\\\/dubicz.hu\\\/en\\\/winery\\\/#breadcrumb\",\"itemListElement\":[{\"@type\":\"ListItem\",\"position\":1,\"name\":\"Kezd\u0151lap\",\"item\":\"https:\\\/\\\/dubicz.hu\\\/en\\\/\"},{\"@type\":\"ListItem\",\"position\":2,\"name\":\"Winery\"}]},{\"@type\":\"WebSite\",\"@id\":\"https:\\\/\\\/dubicz.hu\\\/en\\\/#website\",\"url\":\"https:\\\/\\\/dubicz.hu\\\/en\\\/\",\"name\":\"Dubicz Winery and Vineyard\",\"description\":\"\",\"publisher\":{\"@id\":\"https:\\\/\\\/dubicz.hu\\\/en\\\/#organization\"},\"potentialAction\":[{\"@type\":\"SearchAction\",\"target\":{\"@type\":\"EntryPoint\",\"urlTemplate\":\"https:\\\/\\\/dubicz.hu\\\/en\\\/?s={search_term_string}\"},\"query-input\":{\"@type\":\"PropertyValueSpecification\",\"valueRequired\":true,\"valueName\":\"search_term_string\"}}],\"inLanguage\":\"en-US\"},{\"@type\":\"Organization\",\"@id\":\"https:\\\/\\\/dubicz.hu\\\/en\\\/#organization\",\"name\":\"Dubicz Bor\u00e1szat & Sz\u0151l\u0151birtok\",\"url\":\"https:\\\/\\\/dubicz.hu\\\/en\\\/\",\"logo\":{\"@type\":\"ImageObject\",\"inLanguage\":\"en-US\",\"@id\":\"https:\\\/\\\/dubicz.hu\\\/en\\\/#\\\/schema\\\/logo\\\/image\\\/\",\"url\":\"https:\\\/\\\/dubicz.hu\\\/en\\\/wp-content\\\/uploads\\\/2021\\\/09\\\/dubicz-logo.png\",\"contentUrl\":\"https:\\\/\\\/dubicz.hu\\\/en\\\/wp-content\\\/uploads\\\/2021\\\/09\\\/dubicz-logo.png\",\"width\":323,\"height\":245,\"caption\":\"Dubicz Bor\u00e1szat & Sz\u0151l\u0151birtok\"},\"image\":{\"@id\":\"https:\\\/\\\/dubicz.hu\\\/en\\\/#\\\/schema\\\/logo\\\/image\\\/\"}}]}<\/script>\n<!-- \/ Yoast SEO plugin. -->","yoast_head_json":{"title":"Winery &#8226; Dubicz Winery and Vineyard","robots":{"index":"index","follow":"follow","max-snippet":"max-snippet:-1","max-image-preview":"max-image-preview:large","max-video-preview":"max-video-preview:-1"},"canonical":"https:\/\/dubicz.hu\/en\/winery\/","og_locale":"en_US","og_type":"article","og_title":"Winery &#8226; Dubicz Winery and Vineyard","og_description":"Welcome!Pride. Perhaps this is the first term to come to our minds when we think of Dubicz-wines. We are proud [&hellip;]","og_url":"https:\/\/dubicz.hu\/en\/winery\/","og_site_name":"Dubicz Winery and Vineyard","article_modified_time":"2025-10-01T09:15:31+00:00","twitter_card":"summary_large_image","twitter_misc":{"Est. reading time":"2 minutes"},"schema":{"@context":"https:\/\/schema.org","@graph":[{"@type":"WebPage","@id":"https:\/\/dubicz.hu\/en\/winery\/","url":"https:\/\/dubicz.hu\/en\/winery\/","name":"Winery &#8226; Dubicz Winery and Vineyard","isPartOf":{"@id":"https:\/\/dubicz.hu\/en\/#website"},"datePublished":"2021-03-23T09:10:35+00:00","dateModified":"2025-10-01T09:15:31+00:00","breadcrumb":{"@id":"https:\/\/dubicz.hu\/en\/winery\/#breadcrumb"},"inLanguage":"en-US","potentialAction":[{"@type":"ReadAction","target":["https:\/\/dubicz.hu\/en\/winery\/"]}]},{"@type":"BreadcrumbList","@id":"https:\/\/dubicz.hu\/en\/winery\/#breadcrumb","itemListElement":[{"@type":"ListItem","position":1,"name":"Kezd\u0151lap","item":"https:\/\/dubicz.hu\/en\/"},{"@type":"ListItem","position":2,"name":"Winery"}]},{"@type":"WebSite","@id":"https:\/\/dubicz.hu\/en\/#website","url":"https:\/\/dubicz.hu\/en\/","name":"Dubicz Winery and Vineyard","description":"","publisher":{"@id":"https:\/\/dubicz.hu\/en\/#organization"},"potentialAction":[{"@type":"SearchAction","target":{"@type":"EntryPoint","urlTemplate":"https:\/\/dubicz.hu\/en\/?s={search_term_string}"},"query-input":{"@type":"PropertyValueSpecification","valueRequired":true,"valueName":"search_term_string"}}],"inLanguage":"en-US"},{"@type":"Organization","@id":"https:\/\/dubicz.hu\/en\/#organization","name":"Dubicz Bor\u00e1szat & Sz\u0151l\u0151birtok","url":"https:\/\/dubicz.hu\/en\/","logo":{"@type":"ImageObject","inLanguage":"en-US","@id":"https:\/\/dubicz.hu\/en\/#\/schema\/logo\/image\/","url":"https:\/\/dubicz.hu\/en\/wp-content\/uploads\/2021\/09\/dubicz-logo.png","contentUrl":"https:\/\/dubicz.hu\/en\/wp-content\/uploads\/2021\/09\/dubicz-logo.png","width":323,"height":245,"caption":"Dubicz Bor\u00e1szat & Sz\u0151l\u0151birtok"},"image":{"@id":"https:\/\/dubicz.hu\/en\/#\/schema\/logo\/image\/"}}]}},"_links":{"self":[{"href":"https:\/\/dubicz.hu\/en\/wp-json\/wp\/v2\/pages\/37","targetHints":{"allow":["GET"]}}],"collection":[{"href":"https:\/\/dubicz.hu\/en\/wp-json\/wp\/v2\/pages"}],"about":[{"href":"https:\/\/dubicz.hu\/en\/wp-json\/wp\/v2\/types\/page"}],"author":[{"embeddable":true,"href":"https:\/\/dubicz.hu\/en\/wp-json\/wp\/v2\/users\/3"}],"replies":[{"embeddable":true,"href":"https:\/\/dubicz.hu\/en\/wp-json\/wp\/v2\/comments?post=37"}],"version-history":[{"count":4,"href":"https:\/\/dubicz.hu\/en\/wp-json\/wp\/v2\/pages\/37\/revisions"}],"predecessor-version":[{"id":8709,"href":"https:\/\/dubicz.hu\/en\/wp-json\/wp\/v2\/pages\/37\/revisions\/8709"}],"wp:attachment":[{"href":"https:\/\/dubicz.hu\/en\/wp-json\/wp\/v2\/media?parent=37"}],"curies":[{"name":"wp","href":"https:\/\/api.w.org\/{rel}","templated":true}]}}