{"id":40,"date":"2021-03-23T10:11:14","date_gmt":"2021-03-23T09:11:14","guid":{"rendered":"https:\/\/dubicz.hu\/en\/?page_id=40"},"modified":"2023-05-18T14:57:48","modified_gmt":"2023-05-18T12:57:48","slug":"contact","status":"publish","type":"page","link":"https:\/\/dubicz.hu\/en\/contact\/","title":{"rendered":"Contact"},"content":{"rendered":"<div id=\"pl-40\"  class=\"panel-layout\" ><div id=\"pg-40-0\"  class=\"panel-grid panel-no-style\" ><div id=\"pgc-40-0-0\"  class=\"panel-grid-cell\" ><div id=\"panel-40-0-0-0\" class=\"so-panel widget widget_ndm-small-title panel-first-child\" data-index=\"0\" ><div\n\t\t\t\n\t\t\tclass=\"so-widget-ndm-small-title so-widget-ndm-small-title-default-d75171398898-40\"\n\t\t\t\n\t\t><h3 class=\"ndm-small-title text-left themecolor mb-3\">Visit us<\/h3><\/div><\/div><div id=\"panel-40-0-0-1\" class=\"so-panel widget widget_ndm-contact\" data-index=\"1\" ><div\n\t\t\t\n\t\t\tclass=\"so-widget-ndm-contact so-widget-ndm-contact-default-d75171398898-40\"\n\t\t\t\n\t\t><a href=\"https:\/\/www.google.hu\/maps\/place\/Dubicz+Borszat\/@47.7836548,19.9303726,17.75z\/data=!4m13!1m7!3m6!1s0x47405a1ab621a34d:0x17f57d5ef5a59e75!2zR3nDtm5necO2cywgS29ow6FyeSDDunQgNCwgMzIwMA!3b1!8m2!3d47.7838982!4d19.9308868!3m4!1s0x47405a1acbfa89c1:0x7370c139fa16a8a4!8m2!3d47.7835779!4d19.931292\" class=\"ndm-slide-menu__item mr-5 mb-0\" target=\"_blank\" rel=\"noopener\" aria-label=\"Google Maps link\"><svg xmlns=\"http:\/\/www.w3.org\/2000\/svg\" width=\"16\" height=\"16\" class=\"bi bi-geo-alt-fill mr-3 themecolor\" viewBox=\"0 0 16 16\"><path d=\"M8 16s6-5.686 6-10A6 6 0 0 0 2 6c0 4.314 6 10 6 10zm0-7a3 3 0 1 1 0-6 3 3 0 0 1 0 6z\"\/><\/svg>H-3200 Gy\u00f6ngy\u00f6s, Koh\u00e1ry \u00fat 4.<\/a><p class=\"ndm-slide-menu__item mr-5\"><svg xmlns=\"http:\/\/www.w3.org\/2000\/svg\" width=\"16\" height=\"16\" class=\"bi bi-phone-fill mr-3 themecolor\" viewBox=\"0 0 16 16\"><path d=\"M3 2a2 2 0 0 1 2-2h6a2 2 0 0 1 2 2v12a2 2 0 0 1-2 2H5a2 2 0 0 1-2-2V2zm6 11a1 1 0 1 0-2 0 1 1 0 0 0 2 0z\"\/><\/svg><a href=\"tel:003637301015\">06 37 301 015<\/a><\/p>\r\n<p class=\"mb-2\"><strong>Opening Hours:<\/strong><\/p>\r\n\t\t\t\t<div class=\"ndm-opening d-flex justify-content-between w-100 mb-1\">\r\n\t\t\t\t\t<p class=\"mb-0\">Monday - Saturday<\/p>\r\n\t\t\t\t\t<p class=\"mb-0\">8:00 - 16:00<\/p>\r\n\t\t\t\t<\/div>\r\n\t\t\t\t\t\t<div class=\"ndm-opening d-flex justify-content-between w-100 mb-1\">\r\n\t\t\t\t\t<p class=\"mb-0\">Sunday<\/p>\r\n\t\t\t\t\t<p class=\"mb-0\">Closed<\/p>\r\n\t\t\t\t<\/div>\r\n\t\t\r\n<p class=\"mb-3 mt-2\">\r\n\t<a href=\"\/borkostolo\/\">Wine tasting<\/a> is also available when our shop is closed, but prior approval is needed.<\/p><\/div><\/div><div id=\"panel-40-0-0-2\" class=\"so-panel widget widget_ndm-small-title\" data-index=\"2\" ><div\n\t\t\t\n\t\t\tclass=\"so-widget-ndm-small-title so-widget-ndm-small-title-default-d75171398898-40\"\n\t\t\t\n\t\t><h3 class=\"ndm-small-title text-left themecolor mb-3\">Send us a message<\/h3><\/div><\/div><div id=\"panel-40-0-0-3\" class=\"so-panel widget widget_sow-editor panel-last-child\" data-index=\"3\" ><div\n\t\t\t\n\t\t\tclass=\"so-widget-sow-editor so-widget-sow-editor-base\"\n\t\t\t\n\t\t>\n<div class=\"siteorigin-widget-tinymce textwidget\">\n\t\n<div class=\"wpcf7 no-js\" id=\"wpcf7-f7435-o1\" lang=\"hu-HU\" dir=\"ltr\" data-wpcf7-id=\"7435\">\n<div class=\"screen-reader-response\"><p role=\"status\" aria-live=\"polite\" aria-atomic=\"true\"><\/p> <ul><\/ul><\/div>\n<form action=\"\/en\/wp-json\/wp\/v2\/pages\/40#wpcf7-f7435-o1\" method=\"post\" class=\"wpcf7-form init\" aria-label=\"Kapcsolatfelv\u00e9teli \u0171rlap\" novalidate=\"novalidate\" data-status=\"init\">\n<fieldset class=\"hidden-fields-container\"><input type=\"hidden\" name=\"_wpcf7\" value=\"7435\" \/><input type=\"hidden\" name=\"_wpcf7_version\" value=\"6.1.5\" \/><input type=\"hidden\" name=\"_wpcf7_locale\" value=\"hu_HU\" \/><input type=\"hidden\" name=\"_wpcf7_unit_tag\" value=\"wpcf7-f7435-o1\" \/><input type=\"hidden\" name=\"_wpcf7_container_post\" value=\"0\" \/><input type=\"hidden\" name=\"_wpcf7_posted_data_hash\" value=\"\" \/><input type=\"hidden\" name=\"_wpcf7_recaptcha_response\" value=\"\" \/>\n<\/fieldset>\n<div class=\"row mb-5 mb-lg-0\">\n\t<div class=\"col-12 mb-2\">\n\t\t<p><label> Name<span class=\"themecolor\">*<\/span> <span class=\"wpcf7-form-control-wrap\" data-name=\"nev\"><input size=\"40\" maxlength=\"400\" class=\"wpcf7-form-control wpcf7-text wpcf7-validates-as-required\" aria-required=\"true\" aria-invalid=\"false\" value=\"\" type=\"text\" name=\"nev\" \/><\/span> <\/label>\n\t\t<\/p>\n\t<\/div>\n\t<div class=\"col-12 mb-2\">\n\t\t<p><label> Email<span class=\"themecolor\">*<\/span> <span class=\"wpcf7-form-control-wrap\" data-name=\"email\"><input size=\"40\" maxlength=\"400\" class=\"wpcf7-form-control wpcf7-email wpcf7-validates-as-required wpcf7-text wpcf7-validates-as-email\" aria-required=\"true\" aria-invalid=\"false\" value=\"\" type=\"email\" name=\"email\" \/><\/span> <\/label>\n\t\t<\/p>\n\t<\/div>\n\t<div class=\"col-12 mb-2\">\n\t\t<p><label> Phone<span class=\"themecolor\">*<\/span> <span class=\"wpcf7-form-control-wrap\" data-name=\"tel\"><input size=\"40\" maxlength=\"400\" class=\"wpcf7-form-control wpcf7-tel wpcf7-validates-as-required wpcf7-text wpcf7-validates-as-tel\" aria-required=\"true\" aria-invalid=\"false\" value=\"\" type=\"tel\" name=\"tel\" \/><\/span> <\/label>\n\t\t<\/p>\n\t<\/div>\n\t<div class=\"col-12 mb-2\">\n\t\t<p><label> Message <span class=\"wpcf7-form-control-wrap\" data-name=\"uzenet\"><textarea cols=\"40\" rows=\"10\" maxlength=\"2000\" class=\"wpcf7-form-control wpcf7-textarea\" aria-invalid=\"false\" name=\"uzenet\"><\/textarea><\/span> <\/label>\n\t\t<\/p>\n\t<\/div>\n\t<div class=\"col-12 mb-2\">\n\t\t<p><label> <span class=\"wpcf7-form-control-wrap\" data-name=\"adatvedelem\"><span class=\"wpcf7-form-control wpcf7-acceptance\"><span class=\"wpcf7-list-item\"><label><input type=\"checkbox\" name=\"adatvedelem\" value=\"1\" aria-invalid=\"false\" \/><span class=\"wpcf7-list-item-label\">I have read and accept the <a href=\"\/en\/privacy-policy\/\" target=\"_blank\" rel=\"noopener\">Privacy Policy<\/a>!<\/span><\/label><\/span><\/span><\/span> <\/label>\n\t\t<\/p>\n\t<\/div>\n\t<div class=\"col-12 mb-2\">\n\t\n\t<\/div>\n\t<div class=\"col-12\">\n\t\t<p><input class=\"wpcf7-form-control wpcf7-submit has-spinner\" id=\"contact-submit\" type=\"submit\" value=\"Send Message\" \/>\n\t\t<\/p>\n\t<\/div>\n<\/div><div class=\"wpcf7-response-output\" aria-hidden=\"true\"><\/div>\n<\/form>\n<\/div>\n<\/div>\n<\/div><\/div><\/div><div id=\"pgc-40-0-1\"  class=\"panel-grid-cell\" ><div id=\"panel-40-0-1-0\" class=\"so-panel widget widget_ndm-small-title panel-first-child\" data-index=\"4\" ><div\n\t\t\t\n\t\t\tclass=\"so-widget-ndm-small-title so-widget-ndm-small-title-default-d75171398898-40\"\n\t\t\t\n\t\t><h3 class=\"ndm-small-title text-left themecolor mb-3\">Contact us<\/h3><\/div><\/div><div id=\"panel-40-0-1-1\" class=\"so-panel widget widget_ndm-team panel-last-child\" data-index=\"5\" ><div\n\t\t\t\n\t\t\tclass=\"so-widget-ndm-team so-widget-ndm-team-default-d75171398898-40\"\n\t\t\t\n\t\t><div class=\"row\">\r\n\r\n\t\t\t<div class=\"col-md-6\">\r\n\t\t\t\t<div class=\"ndm-team-member text-center\">\r\n\t\t\t\t\t<img decoding=\"async\" src=\"https:\/\/dubicz.hu\/en\/wp-content\/uploads\/2021\/08\/dunai-agnes.jpg\" class=\"ndm-team-member-image img-fluid mb-2\" alt=\"\u00c1gnes Dunai\">\r\n\t\t\t\t\t<h6 class=\"themecolor\">\u00c1gnes Dunai<\/h6>\r\n\t\t\t\t\t<p class=\"ndm-team-member-title text-white mb-0\">owner<\/p>\r\n\t\t\t\t\t<p class=\"ndm-team-member-email mb-0\">\r\n\t\t\t\t\t\t<a href=\"mailto:info@dubicz.hu\">\r\n\t\t\t\t\t\t\tinfo@dubicz.hu\t\t\t\t\t\t<\/a>\r\n\t\t\t\t\t<\/p>\r\n\t\t\t\t<\/div>\r\n\r\n\t\t\t<\/div>\r\n\r\n\t\t\r\n\t\t\t<div class=\"col-md-6\">\r\n\t\t\t\t<div class=\"ndm-team-member text-center\">\r\n\t\t\t\t\t<img decoding=\"async\" src=\"https:\/\/dubicz.hu\/en\/wp-content\/uploads\/2023\/04\/Dunai-Bernadett_Dubicz-Boraszat-tulajdonos.png\" class=\"ndm-team-member-image img-fluid mb-2\" alt=\"Bernadett Dunai\">\r\n\t\t\t\t\t<h6 class=\"themecolor\">Bernadett Dunai<\/h6>\r\n\t\t\t\t\t<p class=\"ndm-team-member-title text-white mb-0\">owner<\/p>\r\n\t\t\t\t\t<p class=\"ndm-team-member-email mb-0\">\r\n\t\t\t\t\t\t<a href=\"mailto:info@dubicz.hu\">\r\n\t\t\t\t\t\t\tinfo@dubicz.hu\t\t\t\t\t\t<\/a>\r\n\t\t\t\t\t<\/p>\r\n\t\t\t\t<\/div>\r\n\r\n\t\t\t<\/div>\r\n\r\n\t\t\r\n\t\t\t<div class=\"col-md-6\">\r\n\t\t\t\t<div class=\"ndm-team-member text-center\">\r\n\t\t\t\t\t<img decoding=\"async\" src=\"https:\/\/dubicz.hu\/en\/wp-content\/uploads\/2021\/08\/barta-bianka.jpg\" class=\"ndm-team-member-image img-fluid mb-2\" alt=\"Bianka Barta\">\r\n\t\t\t\t\t<h6 class=\"themecolor\">Bianka Barta<\/h6>\r\n\t\t\t\t\t<p class=\"ndm-team-member-title text-white mb-0\">office manager<\/p>\r\n\t\t\t\t\t<p class=\"ndm-team-member-email mb-0\">\r\n\t\t\t\t\t\t<a href=\"mailto:info@dubicz.hu\">\r\n\t\t\t\t\t\t\tinfo@dubicz.hu\t\t\t\t\t\t<\/a>\r\n\t\t\t\t\t<\/p>\r\n\t\t\t\t<\/div>\r\n\r\n\t\t\t<\/div>\r\n\r\n\t\t\r\n\t\t\t<div class=\"col-md-6\">\r\n\t\t\t\t<div class=\"ndm-team-member text-center\">\r\n\t\t\t\t\t<img decoding=\"async\" src=\"https:\/\/dubicz.hu\/en\/wp-content\/uploads\/2023\/05\/IMG_0947.jpg\" class=\"ndm-team-member-image img-fluid mb-2\" alt=\"Zsolt Feh\u00e9r\">\r\n\t\t\t\t\t<h6 class=\"themecolor\">Zsolt Feh\u00e9r<\/h6>\r\n\t\t\t\t\t<p class=\"ndm-team-member-title text-white mb-0\">Export<\/p>\r\n\t\t\t\t\t<p class=\"ndm-team-member-email mb-0\">\r\n\t\t\t\t\t\t<a href=\"mailto:export@dubicz.hu\">\r\n\t\t\t\t\t\t\texport@dubicz.hu\t\t\t\t\t\t<\/a>\r\n\t\t\t\t\t<\/p>\r\n\t\t\t\t<\/div>\r\n\r\n\t\t\t<\/div>\r\n\r\n\t\t\r\n\t\t\t<div class=\"col-md-6\">\r\n\t\t\t\t<div class=\"ndm-team-member text-center\">\r\n\t\t\t\t\t<img decoding=\"async\" src=\"https:\/\/dubicz.hu\/en\/wp-content\/uploads\/2021\/08\/winkler-anna.jpg\" class=\"ndm-team-member-image img-fluid mb-2\" alt=\"Anna Winkler\">\r\n\t\t\t\t\t<h6 class=\"themecolor\">Anna Winkler<\/h6>\r\n\t\t\t\t\t<p class=\"ndm-team-member-title text-white mb-0\">marketing<\/p>\r\n\t\t\t\t\t<p class=\"ndm-team-member-email mb-0\">\r\n\t\t\t\t\t\t<a href=\"mailto:marketing@dubicz.hu\">\r\n\t\t\t\t\t\t\tmarketing@dubicz.hu\t\t\t\t\t\t<\/a>\r\n\t\t\t\t\t<\/p>\r\n\t\t\t\t<\/div>\r\n\r\n\t\t\t<\/div>\r\n\r\n\t\t<\/div><\/div><\/div><\/div><\/div><div id=\"pg-40-1\"  class=\"panel-grid panel-no-style\" ><div id=\"pgc-40-1-0\"  class=\"panel-grid-cell\" ><div id=\"panel-40-1-0-0\" class=\"widget_text so-panel widget widget_custom_html panel-first-child panel-last-child\" data-index=\"6\" ><div class=\"textwidget custom-html-widget\"><iframe src=\"https:\/\/www.google.com\/maps\/embed?pb=!1m14!1m8!1m3!1d2680.8861923227278!2d19.9303726!3d47.7836548!3m2!1i1024!2i768!4f13.1!3m3!1m2!1s0x47405a1acbfa89c1%3A0x7370c139fa16a8a4!2sDubicz%20Bor%C3%A1szat!5e0!3m2!1shu!2shu!4v1629118142377!5m2!1shu!2shu\" width=\"100%\" height=\"550\" style=\"border:0;\" allowfullscreen=\"\" loading=\"lazy\"><\/iframe><\/div><\/div><\/div><\/div><\/div>","protected":false},"excerpt":{"rendered":"<p>Visit usH-3200 Gy\u00f6ngy\u00f6s, Koh\u00e1ry \u00fat 4.06 37 301 015 Opening Hours: Monday &#8211; Saturday 8:00 &#8211; 16:00 Sunday Closed Wine [&hellip;]<\/p>\n","protected":false},"author":3,"featured_media":0,"parent":0,"menu_order":5,"comment_status":"closed","ping_status":"closed","template":"fullwidth.php","meta":{"footnotes":""},"class_list":["post-40","page","type-page","status-publish","hentry"],"yoast_head":"<!-- This site is optimized with the Yoast SEO plugin v27.5 - https:\/\/yoast.com\/product\/yoast-seo-wordpress\/ -->\n<title>Contact &#8226; Dubicz Winery and Vineyard<\/title>\n<meta name=\"robots\" content=\"index, follow, max-snippet:-1, max-image-preview:large, max-video-preview:-1\" \/>\n<link rel=\"canonical\" href=\"https:\/\/dubicz.hu\/en\/contact\/\" \/>\n<meta property=\"og:locale\" content=\"en_US\" \/>\n<meta property=\"og:type\" content=\"article\" \/>\n<meta property=\"og:title\" content=\"Contact &#8226; Dubicz Winery and Vineyard\" \/>\n<meta property=\"og:description\" content=\"Visit usH-3200 Gy\u00f6ngy\u00f6s, Koh\u00e1ry \u00fat 4.06 37 301 015 Opening Hours: Monday - Saturday 8:00 - 16:00 Sunday Closed Wine [&hellip;]\" \/>\n<meta property=\"og:url\" content=\"https:\/\/dubicz.hu\/en\/contact\/\" \/>\n<meta property=\"og:site_name\" content=\"Dubicz Winery and Vineyard\" \/>\n<meta property=\"article:modified_time\" content=\"2023-05-18T12:57:48+00:00\" \/>\n<meta name=\"twitter:card\" content=\"summary_large_image\" \/>\n<meta name=\"twitter:label1\" content=\"Est. reading time\" \/>\n\t<meta name=\"twitter:data1\" content=\"1 minute\" \/>\n<script type=\"application\/ld+json\" class=\"yoast-schema-graph\">{\"@context\":\"https:\\\/\\\/schema.org\",\"@graph\":[{\"@type\":\"WebPage\",\"@id\":\"https:\\\/\\\/dubicz.hu\\\/en\\\/contact\\\/\",\"url\":\"https:\\\/\\\/dubicz.hu\\\/en\\\/contact\\\/\",\"name\":\"Contact &#8226; Dubicz Winery and Vineyard\",\"isPartOf\":{\"@id\":\"https:\\\/\\\/dubicz.hu\\\/en\\\/#website\"},\"datePublished\":\"2021-03-23T09:11:14+00:00\",\"dateModified\":\"2023-05-18T12:57:48+00:00\",\"breadcrumb\":{\"@id\":\"https:\\\/\\\/dubicz.hu\\\/en\\\/contact\\\/#breadcrumb\"},\"inLanguage\":\"en-US\",\"potentialAction\":[{\"@type\":\"ReadAction\",\"target\":[\"https:\\\/\\\/dubicz.hu\\\/en\\\/contact\\\/\"]}]},{\"@type\":\"BreadcrumbList\",\"@id\":\"https:\\\/\\\/dubicz.hu\\\/en\\\/contact\\\/#breadcrumb\",\"itemListElement\":[{\"@type\":\"ListItem\",\"position\":1,\"name\":\"Kezd\u0151lap\",\"item\":\"https:\\\/\\\/dubicz.hu\\\/en\\\/\"},{\"@type\":\"ListItem\",\"position\":2,\"name\":\"Contact\"}]},{\"@type\":\"WebSite\",\"@id\":\"https:\\\/\\\/dubicz.hu\\\/en\\\/#website\",\"url\":\"https:\\\/\\\/dubicz.hu\\\/en\\\/\",\"name\":\"Dubicz Winery and Vineyard\",\"description\":\"\",\"publisher\":{\"@id\":\"https:\\\/\\\/dubicz.hu\\\/en\\\/#organization\"},\"potentialAction\":[{\"@type\":\"SearchAction\",\"target\":{\"@type\":\"EntryPoint\",\"urlTemplate\":\"https:\\\/\\\/dubicz.hu\\\/en\\\/?s={search_term_string}\"},\"query-input\":{\"@type\":\"PropertyValueSpecification\",\"valueRequired\":true,\"valueName\":\"search_term_string\"}}],\"inLanguage\":\"en-US\"},{\"@type\":\"Organization\",\"@id\":\"https:\\\/\\\/dubicz.hu\\\/en\\\/#organization\",\"name\":\"Dubicz Bor\u00e1szat & Sz\u0151l\u0151birtok\",\"url\":\"https:\\\/\\\/dubicz.hu\\\/en\\\/\",\"logo\":{\"@type\":\"ImageObject\",\"inLanguage\":\"en-US\",\"@id\":\"https:\\\/\\\/dubicz.hu\\\/en\\\/#\\\/schema\\\/logo\\\/image\\\/\",\"url\":\"https:\\\/\\\/dubicz.hu\\\/en\\\/wp-content\\\/uploads\\\/2021\\\/09\\\/dubicz-logo.png\",\"contentUrl\":\"https:\\\/\\\/dubicz.hu\\\/en\\\/wp-content\\\/uploads\\\/2021\\\/09\\\/dubicz-logo.png\",\"width\":323,\"height\":245,\"caption\":\"Dubicz Bor\u00e1szat & Sz\u0151l\u0151birtok\"},\"image\":{\"@id\":\"https:\\\/\\\/dubicz.hu\\\/en\\\/#\\\/schema\\\/logo\\\/image\\\/\"}}]}<\/script>\n<!-- \/ Yoast SEO plugin. -->","yoast_head_json":{"title":"Contact &#8226; Dubicz Winery and Vineyard","robots":{"index":"index","follow":"follow","max-snippet":"max-snippet:-1","max-image-preview":"max-image-preview:large","max-video-preview":"max-video-preview:-1"},"canonical":"https:\/\/dubicz.hu\/en\/contact\/","og_locale":"en_US","og_type":"article","og_title":"Contact &#8226; Dubicz Winery and Vineyard","og_description":"Visit usH-3200 Gy\u00f6ngy\u00f6s, Koh\u00e1ry \u00fat 4.06 37 301 015 Opening Hours: Monday - Saturday 8:00 - 16:00 Sunday Closed Wine [&hellip;]","og_url":"https:\/\/dubicz.hu\/en\/contact\/","og_site_name":"Dubicz Winery and Vineyard","article_modified_time":"2023-05-18T12:57:48+00:00","twitter_card":"summary_large_image","twitter_misc":{"Est. reading time":"1 minute"},"schema":{"@context":"https:\/\/schema.org","@graph":[{"@type":"WebPage","@id":"https:\/\/dubicz.hu\/en\/contact\/","url":"https:\/\/dubicz.hu\/en\/contact\/","name":"Contact &#8226; Dubicz Winery and Vineyard","isPartOf":{"@id":"https:\/\/dubicz.hu\/en\/#website"},"datePublished":"2021-03-23T09:11:14+00:00","dateModified":"2023-05-18T12:57:48+00:00","breadcrumb":{"@id":"https:\/\/dubicz.hu\/en\/contact\/#breadcrumb"},"inLanguage":"en-US","potentialAction":[{"@type":"ReadAction","target":["https:\/\/dubicz.hu\/en\/contact\/"]}]},{"@type":"BreadcrumbList","@id":"https:\/\/dubicz.hu\/en\/contact\/#breadcrumb","itemListElement":[{"@type":"ListItem","position":1,"name":"Kezd\u0151lap","item":"https:\/\/dubicz.hu\/en\/"},{"@type":"ListItem","position":2,"name":"Contact"}]},{"@type":"WebSite","@id":"https:\/\/dubicz.hu\/en\/#website","url":"https:\/\/dubicz.hu\/en\/","name":"Dubicz Winery and Vineyard","description":"","publisher":{"@id":"https:\/\/dubicz.hu\/en\/#organization"},"potentialAction":[{"@type":"SearchAction","target":{"@type":"EntryPoint","urlTemplate":"https:\/\/dubicz.hu\/en\/?s={search_term_string}"},"query-input":{"@type":"PropertyValueSpecification","valueRequired":true,"valueName":"search_term_string"}}],"inLanguage":"en-US"},{"@type":"Organization","@id":"https:\/\/dubicz.hu\/en\/#organization","name":"Dubicz Bor\u00e1szat & Sz\u0151l\u0151birtok","url":"https:\/\/dubicz.hu\/en\/","logo":{"@type":"ImageObject","inLanguage":"en-US","@id":"https:\/\/dubicz.hu\/en\/#\/schema\/logo\/image\/","url":"https:\/\/dubicz.hu\/en\/wp-content\/uploads\/2021\/09\/dubicz-logo.png","contentUrl":"https:\/\/dubicz.hu\/en\/wp-content\/uploads\/2021\/09\/dubicz-logo.png","width":323,"height":245,"caption":"Dubicz Bor\u00e1szat & Sz\u0151l\u0151birtok"},"image":{"@id":"https:\/\/dubicz.hu\/en\/#\/schema\/logo\/image\/"}}]}},"_links":{"self":[{"href":"https:\/\/dubicz.hu\/en\/wp-json\/wp\/v2\/pages\/40","targetHints":{"allow":["GET"]}}],"collection":[{"href":"https:\/\/dubicz.hu\/en\/wp-json\/wp\/v2\/pages"}],"about":[{"href":"https:\/\/dubicz.hu\/en\/wp-json\/wp\/v2\/types\/page"}],"author":[{"embeddable":true,"href":"https:\/\/dubicz.hu\/en\/wp-json\/wp\/v2\/users\/3"}],"replies":[{"embeddable":true,"href":"https:\/\/dubicz.hu\/en\/wp-json\/wp\/v2\/comments?post=40"}],"version-history":[{"count":24,"href":"https:\/\/dubicz.hu\/en\/wp-json\/wp\/v2\/pages\/40\/revisions"}],"predecessor-version":[{"id":8673,"href":"https:\/\/dubicz.hu\/en\/wp-json\/wp\/v2\/pages\/40\/revisions\/8673"}],"wp:attachment":[{"href":"https:\/\/dubicz.hu\/en\/wp-json\/wp\/v2\/media?parent=40"}],"curies":[{"name":"wp","href":"https:\/\/api.w.org\/{rel}","templated":true}]}}