{"id":50,"date":"2021-03-24T12:26:01","date_gmt":"2021-03-24T11:26:01","guid":{"rendered":"https:\/\/dubicz.hu\/en\/?page_id=50"},"modified":"2021-12-16T14:27:11","modified_gmt":"2021-12-16T13:27:11","slug":"environmental-policy","status":"publish","type":"page","link":"https:\/\/dubicz.hu\/en\/environmental-policy\/","title":{"rendered":"Environmental policy"},"content":{"rendered":"<div id=\"pl-50\"  class=\"panel-layout\" ><div id=\"pg-50-0\"  class=\"panel-grid panel-no-style\" ><div id=\"pgc-50-0-0\"  class=\"panel-grid-cell\" ><div id=\"panel-50-0-0-0\" class=\"so-panel widget widget_ndm-image panel-first-child panel-last-child\" data-index=\"0\" ><div\n\t\t\t\n\t\t\tclass=\"so-widget-ndm-image so-widget-ndm-image-default-d75171398898-50\"\n\t\t\t\n\t\t><a href=\"https:\/\/dubicz.hu\/en\/wp-content\/uploads\/2021\/08\/DubiczBoraszat_Tanusitvany_ISO14001-724x1024-1.jpg\" class=\"ndm-lightbox\"><img decoding=\"async\" src=\"https:\/\/dubicz.hu\/en\/wp-content\/uploads\/2021\/08\/DubiczBoraszat_Tanusitvany_ISO14001-724x1024-1.jpg\" class=\"img-fluid ndm-img-br mb-2 mb-lg-4\" alt=\"\"><\/a><\/div><\/div><\/div><div id=\"pgc-50-0-1\"  class=\"panel-grid-cell\" ><div id=\"panel-50-0-1-0\" class=\"so-panel widget widget_sow-editor panel-first-child\" data-index=\"1\" ><div\n\t\t\t\n\t\t\tclass=\"so-widget-sow-editor so-widget-sow-editor-base\"\n\t\t\t\n\t\t>\n<div class=\"siteorigin-widget-tinymce textwidget\">\n\t<p>A Borpalota Kft. c\u00e9lja, hogy a bor\u00e1szati \u00e9s sz\u0151l\u00e9szeti tev\u00e9kenys\u00e9ge a lehet\u0151 legkisebb k\u00f6rnyezeti hat\u00e1ssal j\u00e1rjon, \u00e9s p\u00e9ld\u00e1t mutasson a k\u00f6rnyezetbar\u00e1t megold\u00e1sok tekintet\u00e9ben is,<\/p>\n<p>A t\u00e1rsas\u00e1g k\u00f6rnyezetv\u00e9delmi k\u00f6vetelm\u00e9nyek kiel\u00e9g\u00edt\u00e9s\u00e9vel, k\u00f6rnyezeti teljes\u00edtm\u00e9ny\u00e9nek fokozatos jav\u00edt\u00e1s\u00e1val igyekszik a k\u00f6rnyezetv\u00e9delem ir\u00e1nti elk\u00f6telezetts\u00e9g\u00e9t bizony\u00edtani.<\/p>\n<p>A t\u00e1rsas\u00e1g elk\u00f6telezett a k\u00f6rnyezetv\u00e9delem jogi \u00e9s egy\u00e9b el\u0151\u00edr\u00e1sainak betart\u00e1sa, a felhaszn\u00e1lt term\u00e9szeti er\u0151forr\u00e1sok mennyis\u00e9g\u00e9nek cs\u00f6kkent\u00e9se, a term\u00e9szeti er\u0151forr\u00e1sokkal t\u00f6rt\u00e9n\u0151 takar\u00e9kos gazd\u00e1lkod\u00e1s, a k\u00f6rnyezetszennyez\u00e9sek megel\u0151z\u00e9se \u00e9s a k\u00f6rnyezeti teljes\u00edtm\u00e9ny jav\u00edt\u00e1sa ir\u00e1nt.<\/p>\n<p>Ennek \u00e9rdek\u00e9ben a t\u00e1rsas\u00e1g:<\/p>\n<\/div>\n<\/div><\/div><div id=\"panel-50-0-1-1\" class=\"so-panel widget widget_ndm-list\" data-index=\"2\" ><div\n\t\t\t\n\t\t\tclass=\"so-widget-ndm-list so-widget-ndm-list-default-d75171398898-50\"\n\t\t\t\n\t\t><ul class=\"ndm-list\">        <li\n                >az alapanyagait \u00e9s berendez\u00e9seit k\u00f6r\u00fcltekint\u0151en szerzi be,<\/li>\n            <li\n                >besz\u00e1ll\u00edt\u00f3it \u00e9s sz\u00e1ll\u00edtm\u00e1nyoz\u00f3it t\u00e1j\u00e9koztatja a k\u00f6rnyezetv\u00e9delmi elv\u00e1r\u00e1sokr\u00f3l,<\/li>\n            <li\n                >a telephelyen az el\u00e9rhet\u0151 legkisebb k\u00f6rnyezeti hat\u00e1ssal j\u00e1r\u00f3 technol\u00f3gi\u00e1t alkalmazza,<\/li>\n            <li\n                >gy\u00e1rt\u00e1si, termel\u00e9si folyamatait nyomon k\u00f6veti \u00e9s ellen\u0151rzi,<\/li>\n            <li\n                >munkat\u00e1rsait oktat\u00e1sban r\u00e9szes\u00edti \u00e9s rendszeresen tov\u00e1bbk\u00e9pzi,<\/li>\n            <li\n                >a potenci\u00e1lis k\u00f6rnyezeti vesz\u00e9lyhelyzetekre felk\u00e9sz\u00fclt,<\/li>\n            <li\n                >a k\u00f6rnyezeti elt\u00e9r\u00e9seket kivizsg\u00e1lja, a nyert tapasztalatokat felhaszn\u00e1lja.<\/li>\n    <\/ul><\/div><\/div><div id=\"panel-50-0-1-2\" class=\"so-panel widget widget_sow-editor panel-last-child\" data-index=\"3\" ><div\n\t\t\t\n\t\t\tclass=\"so-widget-sow-editor so-widget-sow-editor-base\"\n\t\t\t\n\t\t>\n<div class=\"siteorigin-widget-tinymce textwidget\">\n\t<p>A Borpalota Kft. politik\u00e1j\u00e1hoz keretet az MSZ EN ISO 14001: 2015 szabv\u00e1nyok szerinti k\u00f6rnyezetk\u00f6zpont\u00fa ir\u00e1ny\u00edt\u00e1si rendszere ad, amelyet folyamatosan fejleszt.<\/p>\n<p>A t\u00e1rsas\u00e1g minden munkat\u00e1rs\u00e1t\u00f3l elv\u00e1rja, hogy a k\u00f6rnyezeti politik\u00e1val azonosuljon, a napi feladatait a k\u00f6rnyezetir\u00e1ny\u00edt\u00e1si rendszernek megfelelve v\u00e9gezze, munkahelyi k\u00f6rnyezet\u00e9t \u00f3vja, a munkav\u00e9delmi, balesetv\u00e9delmi \u00e9s eg\u00e9szs\u00e9g\u00fcgyi k\u00f6vetelm\u00e9nyeket betartsa.<\/p>\n<p><em>Gy\u00f6ngy\u00f6s, 2020. janu\u00e1r 6.<\/em><\/p>\n<p><strong>dr. Dunai Bernadett<\/strong><br \/>\n\u00dcgyvezet\u0151<\/p>\n<\/div>\n<\/div><\/div><\/div><\/div><\/div>","protected":false},"excerpt":{"rendered":"<p>A Borpalota Kft. c\u00e9lja, hogy a bor\u00e1szati \u00e9s sz\u0151l\u00e9szeti tev\u00e9kenys\u00e9ge a lehet\u0151 legkisebb k\u00f6rnyezeti hat\u00e1ssal j\u00e1rjon, \u00e9s p\u00e9ld\u00e1t mutasson a [&hellip;]<\/p>\n","protected":false},"author":3,"featured_media":0,"parent":0,"menu_order":97,"comment_status":"closed","ping_status":"closed","template":"fullwidth.php","meta":{"footnotes":""},"class_list":["post-50","page","type-page","status-publish","hentry"],"yoast_head":"<!-- This site is optimized with the Yoast SEO plugin v27.3 - https:\/\/yoast.com\/product\/yoast-seo-wordpress\/ -->\n<title>Environmental policy &#8226; Dubicz Winery and Vineyard<\/title>\n<meta name=\"robots\" content=\"index, follow, max-snippet:-1, max-image-preview:large, max-video-preview:-1\" \/>\n<link rel=\"canonical\" href=\"https:\/\/dubicz.hu\/en\/environmental-policy\/\" \/>\n<meta property=\"og:locale\" content=\"en_US\" \/>\n<meta property=\"og:type\" content=\"article\" \/>\n<meta property=\"og:title\" content=\"Environmental policy &#8226; Dubicz Winery and Vineyard\" \/>\n<meta property=\"og:description\" content=\"A Borpalota Kft. c\u00e9lja, hogy a bor\u00e1szati \u00e9s sz\u0151l\u00e9szeti tev\u00e9kenys\u00e9ge a lehet\u0151 legkisebb k\u00f6rnyezeti hat\u00e1ssal j\u00e1rjon, \u00e9s p\u00e9ld\u00e1t mutasson a [&hellip;]\" \/>\n<meta property=\"og:url\" content=\"https:\/\/dubicz.hu\/en\/environmental-policy\/\" \/>\n<meta property=\"og:site_name\" content=\"Dubicz Winery and Vineyard\" \/>\n<meta property=\"article:modified_time\" content=\"2021-12-16T13:27:11+00:00\" \/>\n<meta name=\"twitter:card\" content=\"summary_large_image\" \/>\n<meta name=\"twitter:label1\" content=\"Est. reading time\" \/>\n\t<meta name=\"twitter:data1\" content=\"1 minute\" \/>\n<script type=\"application\/ld+json\" class=\"yoast-schema-graph\">{\"@context\":\"https:\\\/\\\/schema.org\",\"@graph\":[{\"@type\":\"WebPage\",\"@id\":\"https:\\\/\\\/dubicz.hu\\\/en\\\/environmental-policy\\\/\",\"url\":\"https:\\\/\\\/dubicz.hu\\\/en\\\/environmental-policy\\\/\",\"name\":\"Environmental policy &#8226; Dubicz Winery and Vineyard\",\"isPartOf\":{\"@id\":\"https:\\\/\\\/dubicz.hu\\\/en\\\/#website\"},\"datePublished\":\"2021-03-24T11:26:01+00:00\",\"dateModified\":\"2021-12-16T13:27:11+00:00\",\"breadcrumb\":{\"@id\":\"https:\\\/\\\/dubicz.hu\\\/en\\\/environmental-policy\\\/#breadcrumb\"},\"inLanguage\":\"en-US\",\"potentialAction\":[{\"@type\":\"ReadAction\",\"target\":[\"https:\\\/\\\/dubicz.hu\\\/en\\\/environmental-policy\\\/\"]}]},{\"@type\":\"BreadcrumbList\",\"@id\":\"https:\\\/\\\/dubicz.hu\\\/en\\\/environmental-policy\\\/#breadcrumb\",\"itemListElement\":[{\"@type\":\"ListItem\",\"position\":1,\"name\":\"Kezd\u0151lap\",\"item\":\"https:\\\/\\\/dubicz.hu\\\/en\\\/\"},{\"@type\":\"ListItem\",\"position\":2,\"name\":\"Environmental policy\"}]},{\"@type\":\"WebSite\",\"@id\":\"https:\\\/\\\/dubicz.hu\\\/en\\\/#website\",\"url\":\"https:\\\/\\\/dubicz.hu\\\/en\\\/\",\"name\":\"Dubicz Winery and Vineyard\",\"description\":\"\",\"publisher\":{\"@id\":\"https:\\\/\\\/dubicz.hu\\\/en\\\/#organization\"},\"potentialAction\":[{\"@type\":\"SearchAction\",\"target\":{\"@type\":\"EntryPoint\",\"urlTemplate\":\"https:\\\/\\\/dubicz.hu\\\/en\\\/?s={search_term_string}\"},\"query-input\":{\"@type\":\"PropertyValueSpecification\",\"valueRequired\":true,\"valueName\":\"search_term_string\"}}],\"inLanguage\":\"en-US\"},{\"@type\":\"Organization\",\"@id\":\"https:\\\/\\\/dubicz.hu\\\/en\\\/#organization\",\"name\":\"Dubicz Bor\u00e1szat & Sz\u0151l\u0151birtok\",\"url\":\"https:\\\/\\\/dubicz.hu\\\/en\\\/\",\"logo\":{\"@type\":\"ImageObject\",\"inLanguage\":\"en-US\",\"@id\":\"https:\\\/\\\/dubicz.hu\\\/en\\\/#\\\/schema\\\/logo\\\/image\\\/\",\"url\":\"https:\\\/\\\/dubicz.hu\\\/en\\\/wp-content\\\/uploads\\\/2021\\\/09\\\/dubicz-logo.png\",\"contentUrl\":\"https:\\\/\\\/dubicz.hu\\\/en\\\/wp-content\\\/uploads\\\/2021\\\/09\\\/dubicz-logo.png\",\"width\":323,\"height\":245,\"caption\":\"Dubicz Bor\u00e1szat & Sz\u0151l\u0151birtok\"},\"image\":{\"@id\":\"https:\\\/\\\/dubicz.hu\\\/en\\\/#\\\/schema\\\/logo\\\/image\\\/\"}}]}<\/script>\n<!-- \/ Yoast SEO plugin. -->","yoast_head_json":{"title":"Environmental policy &#8226; Dubicz Winery and Vineyard","robots":{"index":"index","follow":"follow","max-snippet":"max-snippet:-1","max-image-preview":"max-image-preview:large","max-video-preview":"max-video-preview:-1"},"canonical":"https:\/\/dubicz.hu\/en\/environmental-policy\/","og_locale":"en_US","og_type":"article","og_title":"Environmental policy &#8226; Dubicz Winery and Vineyard","og_description":"A Borpalota Kft. c\u00e9lja, hogy a bor\u00e1szati \u00e9s sz\u0151l\u00e9szeti tev\u00e9kenys\u00e9ge a lehet\u0151 legkisebb k\u00f6rnyezeti hat\u00e1ssal j\u00e1rjon, \u00e9s p\u00e9ld\u00e1t mutasson a [&hellip;]","og_url":"https:\/\/dubicz.hu\/en\/environmental-policy\/","og_site_name":"Dubicz Winery and Vineyard","article_modified_time":"2021-12-16T13:27:11+00:00","twitter_card":"summary_large_image","twitter_misc":{"Est. reading time":"1 minute"},"schema":{"@context":"https:\/\/schema.org","@graph":[{"@type":"WebPage","@id":"https:\/\/dubicz.hu\/en\/environmental-policy\/","url":"https:\/\/dubicz.hu\/en\/environmental-policy\/","name":"Environmental policy &#8226; Dubicz Winery and Vineyard","isPartOf":{"@id":"https:\/\/dubicz.hu\/en\/#website"},"datePublished":"2021-03-24T11:26:01+00:00","dateModified":"2021-12-16T13:27:11+00:00","breadcrumb":{"@id":"https:\/\/dubicz.hu\/en\/environmental-policy\/#breadcrumb"},"inLanguage":"en-US","potentialAction":[{"@type":"ReadAction","target":["https:\/\/dubicz.hu\/en\/environmental-policy\/"]}]},{"@type":"BreadcrumbList","@id":"https:\/\/dubicz.hu\/en\/environmental-policy\/#breadcrumb","itemListElement":[{"@type":"ListItem","position":1,"name":"Kezd\u0151lap","item":"https:\/\/dubicz.hu\/en\/"},{"@type":"ListItem","position":2,"name":"Environmental policy"}]},{"@type":"WebSite","@id":"https:\/\/dubicz.hu\/en\/#website","url":"https:\/\/dubicz.hu\/en\/","name":"Dubicz Winery and Vineyard","description":"","publisher":{"@id":"https:\/\/dubicz.hu\/en\/#organization"},"potentialAction":[{"@type":"SearchAction","target":{"@type":"EntryPoint","urlTemplate":"https:\/\/dubicz.hu\/en\/?s={search_term_string}"},"query-input":{"@type":"PropertyValueSpecification","valueRequired":true,"valueName":"search_term_string"}}],"inLanguage":"en-US"},{"@type":"Organization","@id":"https:\/\/dubicz.hu\/en\/#organization","name":"Dubicz Bor\u00e1szat & Sz\u0151l\u0151birtok","url":"https:\/\/dubicz.hu\/en\/","logo":{"@type":"ImageObject","inLanguage":"en-US","@id":"https:\/\/dubicz.hu\/en\/#\/schema\/logo\/image\/","url":"https:\/\/dubicz.hu\/en\/wp-content\/uploads\/2021\/09\/dubicz-logo.png","contentUrl":"https:\/\/dubicz.hu\/en\/wp-content\/uploads\/2021\/09\/dubicz-logo.png","width":323,"height":245,"caption":"Dubicz Bor\u00e1szat & Sz\u0151l\u0151birtok"},"image":{"@id":"https:\/\/dubicz.hu\/en\/#\/schema\/logo\/image\/"}}]}},"_links":{"self":[{"href":"https:\/\/dubicz.hu\/en\/wp-json\/wp\/v2\/pages\/50","targetHints":{"allow":["GET"]}}],"collection":[{"href":"https:\/\/dubicz.hu\/en\/wp-json\/wp\/v2\/pages"}],"about":[{"href":"https:\/\/dubicz.hu\/en\/wp-json\/wp\/v2\/types\/page"}],"author":[{"embeddable":true,"href":"https:\/\/dubicz.hu\/en\/wp-json\/wp\/v2\/users\/3"}],"replies":[{"embeddable":true,"href":"https:\/\/dubicz.hu\/en\/wp-json\/wp\/v2\/comments?post=50"}],"version-history":[{"count":0,"href":"https:\/\/dubicz.hu\/en\/wp-json\/wp\/v2\/pages\/50\/revisions"}],"wp:attachment":[{"href":"https:\/\/dubicz.hu\/en\/wp-json\/wp\/v2\/media?parent=50"}],"curies":[{"name":"wp","href":"https:\/\/api.w.org\/{rel}","templated":true}]}}