{"id":51,"date":"2021-03-24T12:26:15","date_gmt":"2021-03-24T11:26:15","guid":{"rendered":"https:\/\/dubicz.hu\/en\/?page_id=51"},"modified":"2022-03-21T12:54:46","modified_gmt":"2022-03-21T11:54:46","slug":"imprint","status":"publish","type":"page","link":"https:\/\/dubicz.hu\/en\/imprint\/","title":{"rendered":"Imprint"},"content":{"rendered":"<div id=\"pl-51\"  class=\"panel-layout\" ><div id=\"pg-51-0\"  class=\"panel-grid panel-has-style\" ><div class=\"panel-row-style panel-row-style-for-51-0\" ><div id=\"pgc-51-0-0\"  class=\"panel-grid-cell\" ><div id=\"panel-51-0-0-0\" class=\"so-panel widget widget_ndm-small-title panel-first-child\" data-index=\"0\" ><div\n\t\t\t\n\t\t\tclass=\"so-widget-ndm-small-title so-widget-ndm-small-title-default-d75171398898-51\"\n\t\t\t\n\t\t><h6 class=\"ndm-small-title text-left themecolor mb-3\">Provider<\/h6><\/div><\/div><div id=\"panel-51-0-0-1\" class=\"so-panel widget widget_sow-editor panel-last-child\" data-index=\"1\" ><div\n\t\t\t\n\t\t\tclass=\"so-widget-sow-editor so-widget-sow-editor-base\"\n\t\t\t\n\t\t>\n<div class=\"siteorigin-widget-tinymce textwidget\">\n\t<p><strong>Borpalota Kft.<\/strong><br \/>\n<strong>Managing Director:<\/strong>\u00a0Dr. Dunai Bernadett<br \/>\n<strong>Seat:<\/strong> 1113 Budapest, Vill\u00e1nyi \u00fat 18. 4\/46<br \/>\n<strong>Site:<\/strong> 3200 Gy\u00f6ngy\u00f6s, Koh\u00e1ry u. 4.<br \/>\n<strong>Tax number:<\/strong> 12719736-2-43<br \/>\n<strong>Company Registry no:<\/strong> 01-09-991609<br \/>\n<strong>Phone.:<\/strong> 00 36 37 301 015<br \/>\n<strong>E-mail:<\/strong> <a href=\"mailto:info@dubicz.hu\">info@dubicz.hu<\/a><br \/>\n<strong>Court of Registration:<\/strong> F\u0151v\u00e1rosi\u00a0T\u00f6rv\u00e9nysz\u00e9k C\u00e9gb\u00edr\u00f3s\u00e1ga<\/p>\n<\/div>\n<\/div><\/div><\/div><\/div><\/div><div id=\"pg-51-1\"  class=\"panel-grid panel-has-style\" ><div class=\"panel-row-style panel-row-style-for-51-1\" ><div id=\"pgc-51-1-0\"  class=\"panel-grid-cell\" ><div id=\"panel-51-1-0-0\" class=\"so-panel widget widget_ndm-small-title panel-first-child\" data-index=\"2\" ><div\n\t\t\t\n\t\t\tclass=\"so-widget-ndm-small-title so-widget-ndm-small-title-default-d75171398898-51\"\n\t\t\t\n\t\t><h6 class=\"ndm-small-title text-left themecolor mb-3\">Contact<\/h6><\/div><\/div><div id=\"panel-51-1-0-1\" class=\"so-panel widget widget_sow-editor panel-last-child\" data-index=\"3\" ><div\n\t\t\t\n\t\t\tclass=\"so-widget-sow-editor so-widget-sow-editor-base\"\n\t\t\t\n\t\t>\n<div class=\"siteorigin-widget-tinymce textwidget\">\n\t<p><strong>Borpalota Kft.<\/strong><br \/>\n<strong>Address:<\/strong> 3200 Gy\u00f6ngy\u00f6s, Koh\u00e1ry street<br \/>\n<strong>Phone.:<\/strong> 00 36 37 301 015<br \/>\n<strong>E-mail:<\/strong> <a href=\"mailto:info@dubicz.hu\">info@dubicz.hu<\/a><\/p>\n<\/div>\n<\/div><\/div><\/div><\/div><\/div><div id=\"pg-51-2\"  class=\"panel-grid panel-has-style\" ><div class=\"panel-row-style panel-row-style-for-51-2\" ><div id=\"pgc-51-2-0\"  class=\"panel-grid-cell\" ><div id=\"panel-51-2-0-0\" class=\"so-panel widget widget_ndm-small-title panel-first-child\" data-index=\"4\" ><div\n\t\t\t\n\t\t\tclass=\"so-widget-ndm-small-title so-widget-ndm-small-title-default-d75171398898-51\"\n\t\t\t\n\t\t><h6 class=\"ndm-small-title text-left themecolor mb-3\">Hosting service provider<\/h6><\/div><\/div><div id=\"panel-51-2-0-1\" class=\"so-panel widget widget_sow-editor panel-last-child\" data-index=\"5\" ><div\n\t\t\t\n\t\t\tclass=\"so-widget-sow-editor so-widget-sow-editor-base\"\n\t\t\t\n\t\t>\n<div class=\"siteorigin-widget-tinymce textwidget\">\n\t<p><strong>Name of the company:<\/strong>\u00a0SteelFish Bt.<br \/>\n<strong>Postal address: <\/strong>2151 F\u00f3t, Nagy Lajos kir\u00e1ly u. 27\/A<br \/>\n<strong>Seat:<\/strong>\u00a02151 F\u00f3t, Nagy Lajos kir\u00e1ly u. 27\/A<br \/>\n<strong>Phone:<\/strong> 00 36 30 297 83 92<br \/>\n<strong>Fax:<\/strong> 00 36 30 297 83 92<br \/>\n<strong>Tax number:<\/strong>\u00a021139163-3-13<\/p>\n<\/div>\n<\/div><\/div><\/div><\/div><\/div><div id=\"pg-51-3\"  class=\"panel-grid panel-has-style\" ><div class=\"panel-row-style panel-row-style-for-51-3\" ><div id=\"pgc-51-3-0\"  class=\"panel-grid-cell\" ><div id=\"panel-51-3-0-0\" class=\"so-panel widget widget_ndm-small-title panel-first-child\" data-index=\"6\" ><div\n\t\t\t\n\t\t\tclass=\"so-widget-ndm-small-title so-widget-ndm-small-title-default-d75171398898-51\"\n\t\t\t\n\t\t><h6 class=\"ndm-small-title text-left themecolor mb-3\">Copyright<\/h6><\/div><\/div><div id=\"panel-51-3-0-1\" class=\"so-panel widget widget_sow-editor panel-last-child\" data-index=\"7\" ><div\n\t\t\t\n\t\t\tclass=\"so-widget-sow-editor so-widget-sow-editor-base\"\n\t\t\t\n\t\t>\n<div class=\"siteorigin-widget-tinymce textwidget\">\n\t<p>The publisher of this website: Borpalota Kft.<\/p>\n<p>Borpalota Kft. reserves all and any rights pertaining to the copying and distribution of any part of the site (textual content, photos, etc.), regardless of method or technique applied. The content and structure of any pages belonging under the site are protected under international and Hungarian law. It shall not be republished, broadcast or transmitted in any media, or be stored on a computer, whether in its original or modified form, in part or as a whole. No part of the site shall be processed or sold, whether in part or as an unaltered whole, without the prior written permission of the Publisher.<\/p>\n<p>Based on Article 36 (2) of Act LXXVI of 1999 on Copyright, this statement constitutes a declaration of prohibition.<\/p>\n<\/div>\n<\/div><\/div><\/div><\/div><\/div><\/div>","protected":false},"excerpt":{"rendered":"<p>Borpalota Kft. Managing Director:\u00a0Dr. Dunai Bernadett Seat: 1113 Budapest, Vill\u00e1nyi \u00fat 18. 4\/46 Site: 3200 Gy\u00f6ngy\u00f6s, Koh\u00e1ry u. 4. Tax [&hellip;]<\/p>\n","protected":false},"author":3,"featured_media":0,"parent":0,"menu_order":98,"comment_status":"closed","ping_status":"closed","template":"fullwidth.php","meta":{"footnotes":""},"class_list":["post-51","page","type-page","status-publish","hentry"],"yoast_head":"<!-- This site is optimized with the Yoast SEO plugin v27.3 - https:\/\/yoast.com\/product\/yoast-seo-wordpress\/ -->\n<title>Imprint &#8226; Dubicz Winery and Vineyard<\/title>\n<meta name=\"robots\" content=\"index, follow, max-snippet:-1, max-image-preview:large, max-video-preview:-1\" \/>\n<link rel=\"canonical\" href=\"https:\/\/dubicz.hu\/en\/imprint\/\" \/>\n<meta property=\"og:locale\" content=\"en_US\" \/>\n<meta property=\"og:type\" content=\"article\" \/>\n<meta property=\"og:title\" content=\"Imprint &#8226; Dubicz Winery and Vineyard\" \/>\n<meta property=\"og:description\" content=\"Borpalota Kft. Managing Director:\u00a0Dr. Dunai Bernadett Seat: 1113 Budapest, Vill\u00e1nyi \u00fat 18. 4\/46 Site: 3200 Gy\u00f6ngy\u00f6s, Koh\u00e1ry u. 4. Tax [&hellip;]\" \/>\n<meta property=\"og:url\" content=\"https:\/\/dubicz.hu\/en\/imprint\/\" \/>\n<meta property=\"og:site_name\" content=\"Dubicz Winery and Vineyard\" \/>\n<meta property=\"article:modified_time\" content=\"2022-03-21T11:54:46+00:00\" \/>\n<meta name=\"twitter:card\" content=\"summary_large_image\" \/>\n<meta name=\"twitter:label1\" content=\"Est. reading time\" \/>\n\t<meta name=\"twitter:data1\" content=\"1 minute\" \/>\n<script type=\"application\/ld+json\" class=\"yoast-schema-graph\">{\"@context\":\"https:\\\/\\\/schema.org\",\"@graph\":[{\"@type\":\"WebPage\",\"@id\":\"https:\\\/\\\/dubicz.hu\\\/en\\\/imprint\\\/\",\"url\":\"https:\\\/\\\/dubicz.hu\\\/en\\\/imprint\\\/\",\"name\":\"Imprint &#8226; Dubicz Winery and Vineyard\",\"isPartOf\":{\"@id\":\"https:\\\/\\\/dubicz.hu\\\/en\\\/#website\"},\"datePublished\":\"2021-03-24T11:26:15+00:00\",\"dateModified\":\"2022-03-21T11:54:46+00:00\",\"breadcrumb\":{\"@id\":\"https:\\\/\\\/dubicz.hu\\\/en\\\/imprint\\\/#breadcrumb\"},\"inLanguage\":\"en-US\",\"potentialAction\":[{\"@type\":\"ReadAction\",\"target\":[\"https:\\\/\\\/dubicz.hu\\\/en\\\/imprint\\\/\"]}]},{\"@type\":\"BreadcrumbList\",\"@id\":\"https:\\\/\\\/dubicz.hu\\\/en\\\/imprint\\\/#breadcrumb\",\"itemListElement\":[{\"@type\":\"ListItem\",\"position\":1,\"name\":\"Kezd\u0151lap\",\"item\":\"https:\\\/\\\/dubicz.hu\\\/en\\\/\"},{\"@type\":\"ListItem\",\"position\":2,\"name\":\"Imprint\"}]},{\"@type\":\"WebSite\",\"@id\":\"https:\\\/\\\/dubicz.hu\\\/en\\\/#website\",\"url\":\"https:\\\/\\\/dubicz.hu\\\/en\\\/\",\"name\":\"Dubicz Winery and Vineyard\",\"description\":\"\",\"publisher\":{\"@id\":\"https:\\\/\\\/dubicz.hu\\\/en\\\/#organization\"},\"potentialAction\":[{\"@type\":\"SearchAction\",\"target\":{\"@type\":\"EntryPoint\",\"urlTemplate\":\"https:\\\/\\\/dubicz.hu\\\/en\\\/?s={search_term_string}\"},\"query-input\":{\"@type\":\"PropertyValueSpecification\",\"valueRequired\":true,\"valueName\":\"search_term_string\"}}],\"inLanguage\":\"en-US\"},{\"@type\":\"Organization\",\"@id\":\"https:\\\/\\\/dubicz.hu\\\/en\\\/#organization\",\"name\":\"Dubicz Bor\u00e1szat & Sz\u0151l\u0151birtok\",\"url\":\"https:\\\/\\\/dubicz.hu\\\/en\\\/\",\"logo\":{\"@type\":\"ImageObject\",\"inLanguage\":\"en-US\",\"@id\":\"https:\\\/\\\/dubicz.hu\\\/en\\\/#\\\/schema\\\/logo\\\/image\\\/\",\"url\":\"https:\\\/\\\/dubicz.hu\\\/en\\\/wp-content\\\/uploads\\\/2021\\\/09\\\/dubicz-logo.png\",\"contentUrl\":\"https:\\\/\\\/dubicz.hu\\\/en\\\/wp-content\\\/uploads\\\/2021\\\/09\\\/dubicz-logo.png\",\"width\":323,\"height\":245,\"caption\":\"Dubicz Bor\u00e1szat & Sz\u0151l\u0151birtok\"},\"image\":{\"@id\":\"https:\\\/\\\/dubicz.hu\\\/en\\\/#\\\/schema\\\/logo\\\/image\\\/\"}}]}<\/script>\n<!-- \/ Yoast SEO plugin. -->","yoast_head_json":{"title":"Imprint &#8226; Dubicz Winery and Vineyard","robots":{"index":"index","follow":"follow","max-snippet":"max-snippet:-1","max-image-preview":"max-image-preview:large","max-video-preview":"max-video-preview:-1"},"canonical":"https:\/\/dubicz.hu\/en\/imprint\/","og_locale":"en_US","og_type":"article","og_title":"Imprint &#8226; Dubicz Winery and Vineyard","og_description":"Borpalota Kft. Managing Director:\u00a0Dr. Dunai Bernadett Seat: 1113 Budapest, Vill\u00e1nyi \u00fat 18. 4\/46 Site: 3200 Gy\u00f6ngy\u00f6s, Koh\u00e1ry u. 4. Tax [&hellip;]","og_url":"https:\/\/dubicz.hu\/en\/imprint\/","og_site_name":"Dubicz Winery and Vineyard","article_modified_time":"2022-03-21T11:54:46+00:00","twitter_card":"summary_large_image","twitter_misc":{"Est. reading time":"1 minute"},"schema":{"@context":"https:\/\/schema.org","@graph":[{"@type":"WebPage","@id":"https:\/\/dubicz.hu\/en\/imprint\/","url":"https:\/\/dubicz.hu\/en\/imprint\/","name":"Imprint &#8226; Dubicz Winery and Vineyard","isPartOf":{"@id":"https:\/\/dubicz.hu\/en\/#website"},"datePublished":"2021-03-24T11:26:15+00:00","dateModified":"2022-03-21T11:54:46+00:00","breadcrumb":{"@id":"https:\/\/dubicz.hu\/en\/imprint\/#breadcrumb"},"inLanguage":"en-US","potentialAction":[{"@type":"ReadAction","target":["https:\/\/dubicz.hu\/en\/imprint\/"]}]},{"@type":"BreadcrumbList","@id":"https:\/\/dubicz.hu\/en\/imprint\/#breadcrumb","itemListElement":[{"@type":"ListItem","position":1,"name":"Kezd\u0151lap","item":"https:\/\/dubicz.hu\/en\/"},{"@type":"ListItem","position":2,"name":"Imprint"}]},{"@type":"WebSite","@id":"https:\/\/dubicz.hu\/en\/#website","url":"https:\/\/dubicz.hu\/en\/","name":"Dubicz Winery and Vineyard","description":"","publisher":{"@id":"https:\/\/dubicz.hu\/en\/#organization"},"potentialAction":[{"@type":"SearchAction","target":{"@type":"EntryPoint","urlTemplate":"https:\/\/dubicz.hu\/en\/?s={search_term_string}"},"query-input":{"@type":"PropertyValueSpecification","valueRequired":true,"valueName":"search_term_string"}}],"inLanguage":"en-US"},{"@type":"Organization","@id":"https:\/\/dubicz.hu\/en\/#organization","name":"Dubicz Bor\u00e1szat & Sz\u0151l\u0151birtok","url":"https:\/\/dubicz.hu\/en\/","logo":{"@type":"ImageObject","inLanguage":"en-US","@id":"https:\/\/dubicz.hu\/en\/#\/schema\/logo\/image\/","url":"https:\/\/dubicz.hu\/en\/wp-content\/uploads\/2021\/09\/dubicz-logo.png","contentUrl":"https:\/\/dubicz.hu\/en\/wp-content\/uploads\/2021\/09\/dubicz-logo.png","width":323,"height":245,"caption":"Dubicz Bor\u00e1szat & Sz\u0151l\u0151birtok"},"image":{"@id":"https:\/\/dubicz.hu\/en\/#\/schema\/logo\/image\/"}}]}},"_links":{"self":[{"href":"https:\/\/dubicz.hu\/en\/wp-json\/wp\/v2\/pages\/51","targetHints":{"allow":["GET"]}}],"collection":[{"href":"https:\/\/dubicz.hu\/en\/wp-json\/wp\/v2\/pages"}],"about":[{"href":"https:\/\/dubicz.hu\/en\/wp-json\/wp\/v2\/types\/page"}],"author":[{"embeddable":true,"href":"https:\/\/dubicz.hu\/en\/wp-json\/wp\/v2\/users\/3"}],"replies":[{"embeddable":true,"href":"https:\/\/dubicz.hu\/en\/wp-json\/wp\/v2\/comments?post=51"}],"version-history":[{"count":3,"href":"https:\/\/dubicz.hu\/en\/wp-json\/wp\/v2\/pages\/51\/revisions"}],"predecessor-version":[{"id":8627,"href":"https:\/\/dubicz.hu\/en\/wp-json\/wp\/v2\/pages\/51\/revisions\/8627"}],"wp:attachment":[{"href":"https:\/\/dubicz.hu\/en\/wp-json\/wp\/v2\/media?parent=51"}],"curies":[{"name":"wp","href":"https:\/\/api.w.org\/{rel}","templated":true}]}}