{"id":61,"date":"2021-03-25T10:47:09","date_gmt":"2021-03-25T09:47:09","guid":{"rendered":"https:\/\/dubicz.hu\/en\/?page_id=61"},"modified":"2022-01-13T10:26:51","modified_gmt":"2022-01-13T09:26:51","slug":"the-team","status":"publish","type":"page","link":"https:\/\/dubicz.hu\/en\/winery\/the-team\/","title":{"rendered":"The Team"},"content":{"rendered":"<div id=\"pl-61\"  class=\"panel-layout\" ><div id=\"pg-61-0\"  class=\"panel-grid panel-has-style\" ><div class=\"panel-row-style panel-row-style-for-61-0\" ><div id=\"pgc-61-0-0\"  class=\"panel-grid-cell\" ><div id=\"panel-61-0-0-0\" class=\"so-panel widget widget_ndm-image panel-first-child panel-last-child\" data-index=\"0\" ><div\n\t\t\t\n\t\t\tclass=\"so-widget-ndm-image so-widget-ndm-image-default-d75171398898-61\"\n\t\t\t\n\t\t><img decoding=\"async\" src=\"https:\/\/dubicz.hu\/en\/wp-content\/uploads\/2021\/09\/dunai-agi-es-detti-scaled.jpg\" class=\"img-fluid ndm-img-br mb-2 mb-lg-4\" alt=\"\"><\/div><\/div><\/div><div id=\"pgc-61-0-1\"  class=\"panel-grid-cell\" ><div id=\"panel-61-0-1-0\" class=\"so-panel widget widget_sow-editor panel-first-child panel-last-child\" data-index=\"1\" ><div\n\t\t\t\n\t\t\tclass=\"so-widget-sow-editor so-widget-sow-editor-base\"\n\t\t\t\n\t\t>\n<div class=\"siteorigin-widget-tinymce textwidget\">\n\t<p><strong>Our family has been the owner of the winery operating in the building and cellar of the Wine Palace in Gy\u00f6ngy\u00f6s, built in an eclectic style, since 2003.<\/strong><\/p>\n<p>From the very first moment, we have considered it to be our main task to modernize the cellar with long history and to produce M\u00e1tra wines of excellent quality. In recent years, we have equipped the winery with state-of-the-art wine-production technology, while also placing a high emphasis on making our wines from high-quality grapes of our own.<\/p>\n<p>In 2016, we decided it was time to give our name to wines we produce, thus ensuring excellent quality and strengthening our personal relationship with consumers, so we have been making our presence in front of the clients as Dubicz Winery and Vineyard since then.<\/p>\n<\/div>\n<\/div><\/div><\/div><\/div><\/div><div id=\"pg-61-1\"  class=\"panel-grid panel-has-style\" ><div class=\"siteorigin-panels-stretch panel-row-style panel-row-style-for-61-1\" data-stretch-type=\"full-stretched\" ><div id=\"pgc-61-1-0\"  class=\"panel-grid-cell\" ><div id=\"panel-61-1-0-0\" class=\"so-panel widget widget_ndm-wave panel-first-child panel-last-child\" data-index=\"2\" ><div\n\t\t\t\n\t\t\tclass=\"so-widget-ndm-wave so-widget-ndm-wave-default-d75171398898-61\"\n\t\t\t\n\t\t><div class=\"ndm-footer-widgets-wave w-100 p-0\">\r\n\t<svg xmlns=\"http:\/\/www.w3.org\/2000\/svg\" viewBox=\"0 0 25 2\">\r\n\t\t<path d=\"m 0 2 c 14 0 14 -2 25 -1 l 0 1 l -25 0\" fill=\"#3f4c59\"\/>\r\n\t<\/svg>\r\n<\/div><\/div><\/div><\/div><\/div><\/div><div id=\"pg-61-2\"  class=\"panel-grid panel-has-style\" ><div class=\"siteorigin-panels-stretch panel-row-style panel-row-style-for-61-2\" data-stretch-type=\"full\" ><div id=\"pgc-61-2-0\"  class=\"panel-grid-cell\" ><div id=\"panel-61-2-0-0\" class=\"so-panel widget widget_ndm-image panel-first-child\" data-index=\"3\" ><div class=\"panel-widget-style panel-widget-style-for-61-2-0-0\" ><div\n\t\t\t\n\t\t\tclass=\"so-widget-ndm-image so-widget-ndm-image-default-d75171398898-61\"\n\t\t\t\n\t\t><img decoding=\"async\" src=\"https:\/\/dubicz.hu\/en\/wp-content\/uploads\/2021\/09\/csapatfoto-scaled.jpg\" class=\"img-fluid ndm-img-br mb-2 mb-lg-4\" alt=\"\"><\/div><\/div><\/div><div id=\"panel-61-2-0-1\" class=\"so-panel widget widget_ndm-paragraph panel-last-child\" data-index=\"4\" ><div\n\t\t\t\n\t\t\tclass=\"so-widget-ndm-paragraph so-widget-ndm-paragraph-default-d75171398898-61\"\n\t\t\t\n\t\t><div class=\"ndm-paragraph row\"><div class=\"col-md-8 ml-auto mr-auto\"><p class=\"text-left text-white mb-0\">We believe in hard work and unity and we work and make decisions as a team helping each other. We think alike of wines and values, and everyone considers the Dubicz-quality to be important, therefore we cooperate easily also when attending daily tasks. We work as a close-knit community of people like family, while everyone has their own areas, responsibilities and expertise.<\/p><\/div><\/div><\/div><\/div><\/div><\/div><\/div><div id=\"pg-61-3\"  class=\"panel-grid panel-has-style\" ><div class=\"siteorigin-panels-stretch panel-row-style panel-row-style-for-61-3\" data-stretch-type=\"full-stretched\" ><div id=\"pgc-61-3-0\"  class=\"panel-grid-cell\" ><div id=\"panel-61-3-0-0\" class=\"so-panel widget widget_ndm-wave panel-first-child panel-last-child\" data-index=\"5\" ><div\n\t\t\t\n\t\t\tclass=\"so-widget-ndm-wave so-widget-ndm-wave-default-d75171398898-61\"\n\t\t\t\n\t\t><div class=\"ndm-footer-widgets-wave w-100 p-0\">\r\n\t<svg xmlns=\"http:\/\/www.w3.org\/2000\/svg\" viewBox=\"0 0 25 2\">\r\n\t\t<path d=\"m 0 2 c 14 0 14 -2 25 -1 l 0 1 l -25 0\" fill=\"#fff\"\/>\r\n\t<\/svg>\r\n<\/div><\/div><\/div><\/div><\/div><\/div><\/div>","protected":false},"excerpt":{"rendered":"<p>Our family has been the owner of the winery operating in the building and cellar of the Wine Palace in [&hellip;]<\/p>\n","protected":false},"author":3,"featured_media":0,"parent":37,"menu_order":10,"comment_status":"closed","ping_status":"closed","template":"fullwidth.php","meta":{"footnotes":""},"class_list":["post-61","page","type-page","status-publish","hentry"],"yoast_head":"<!-- This site is optimized with the Yoast SEO plugin v27.3 - https:\/\/yoast.com\/product\/yoast-seo-wordpress\/ -->\n<title>The Team &#8226; Dubicz Winery and Vineyard<\/title>\n<meta name=\"robots\" content=\"index, follow, max-snippet:-1, max-image-preview:large, max-video-preview:-1\" \/>\n<link rel=\"canonical\" href=\"https:\/\/dubicz.hu\/en\/winery\/the-team\/\" \/>\n<meta property=\"og:locale\" content=\"en_US\" \/>\n<meta property=\"og:type\" content=\"article\" \/>\n<meta property=\"og:title\" content=\"The Team &#8226; Dubicz Winery and Vineyard\" \/>\n<meta property=\"og:description\" content=\"Our family has been the owner of the winery operating in the building and cellar of the Wine Palace in [&hellip;]\" \/>\n<meta property=\"og:url\" content=\"https:\/\/dubicz.hu\/en\/winery\/the-team\/\" \/>\n<meta property=\"og:site_name\" content=\"Dubicz Winery and Vineyard\" \/>\n<meta property=\"article:modified_time\" content=\"2022-01-13T09:26:51+00:00\" \/>\n<meta name=\"twitter:card\" content=\"summary_large_image\" \/>\n<meta name=\"twitter:label1\" content=\"Est. reading time\" \/>\n\t<meta name=\"twitter:data1\" content=\"1 minute\" \/>\n<script type=\"application\/ld+json\" class=\"yoast-schema-graph\">{\"@context\":\"https:\\\/\\\/schema.org\",\"@graph\":[{\"@type\":\"WebPage\",\"@id\":\"https:\\\/\\\/dubicz.hu\\\/en\\\/winery\\\/the-team\\\/\",\"url\":\"https:\\\/\\\/dubicz.hu\\\/en\\\/winery\\\/the-team\\\/\",\"name\":\"The Team &#8226; Dubicz Winery and Vineyard\",\"isPartOf\":{\"@id\":\"https:\\\/\\\/dubicz.hu\\\/en\\\/#website\"},\"datePublished\":\"2021-03-25T09:47:09+00:00\",\"dateModified\":\"2022-01-13T09:26:51+00:00\",\"breadcrumb\":{\"@id\":\"https:\\\/\\\/dubicz.hu\\\/en\\\/winery\\\/the-team\\\/#breadcrumb\"},\"inLanguage\":\"en-US\",\"potentialAction\":[{\"@type\":\"ReadAction\",\"target\":[\"https:\\\/\\\/dubicz.hu\\\/en\\\/winery\\\/the-team\\\/\"]}]},{\"@type\":\"BreadcrumbList\",\"@id\":\"https:\\\/\\\/dubicz.hu\\\/en\\\/winery\\\/the-team\\\/#breadcrumb\",\"itemListElement\":[{\"@type\":\"ListItem\",\"position\":1,\"name\":\"Kezd\u0151lap\",\"item\":\"https:\\\/\\\/dubicz.hu\\\/en\\\/\"},{\"@type\":\"ListItem\",\"position\":2,\"name\":\"Winery\",\"item\":\"https:\\\/\\\/dubicz.hu\\\/en\\\/winery\\\/\"},{\"@type\":\"ListItem\",\"position\":3,\"name\":\"The Team\"}]},{\"@type\":\"WebSite\",\"@id\":\"https:\\\/\\\/dubicz.hu\\\/en\\\/#website\",\"url\":\"https:\\\/\\\/dubicz.hu\\\/en\\\/\",\"name\":\"Dubicz Winery and Vineyard\",\"description\":\"\",\"publisher\":{\"@id\":\"https:\\\/\\\/dubicz.hu\\\/en\\\/#organization\"},\"potentialAction\":[{\"@type\":\"SearchAction\",\"target\":{\"@type\":\"EntryPoint\",\"urlTemplate\":\"https:\\\/\\\/dubicz.hu\\\/en\\\/?s={search_term_string}\"},\"query-input\":{\"@type\":\"PropertyValueSpecification\",\"valueRequired\":true,\"valueName\":\"search_term_string\"}}],\"inLanguage\":\"en-US\"},{\"@type\":\"Organization\",\"@id\":\"https:\\\/\\\/dubicz.hu\\\/en\\\/#organization\",\"name\":\"Dubicz Bor\u00e1szat & Sz\u0151l\u0151birtok\",\"url\":\"https:\\\/\\\/dubicz.hu\\\/en\\\/\",\"logo\":{\"@type\":\"ImageObject\",\"inLanguage\":\"en-US\",\"@id\":\"https:\\\/\\\/dubicz.hu\\\/en\\\/#\\\/schema\\\/logo\\\/image\\\/\",\"url\":\"https:\\\/\\\/dubicz.hu\\\/en\\\/wp-content\\\/uploads\\\/2021\\\/09\\\/dubicz-logo.png\",\"contentUrl\":\"https:\\\/\\\/dubicz.hu\\\/en\\\/wp-content\\\/uploads\\\/2021\\\/09\\\/dubicz-logo.png\",\"width\":323,\"height\":245,\"caption\":\"Dubicz Bor\u00e1szat & Sz\u0151l\u0151birtok\"},\"image\":{\"@id\":\"https:\\\/\\\/dubicz.hu\\\/en\\\/#\\\/schema\\\/logo\\\/image\\\/\"}}]}<\/script>\n<!-- \/ Yoast SEO plugin. -->","yoast_head_json":{"title":"The Team &#8226; Dubicz Winery and Vineyard","robots":{"index":"index","follow":"follow","max-snippet":"max-snippet:-1","max-image-preview":"max-image-preview:large","max-video-preview":"max-video-preview:-1"},"canonical":"https:\/\/dubicz.hu\/en\/winery\/the-team\/","og_locale":"en_US","og_type":"article","og_title":"The Team &#8226; Dubicz Winery and Vineyard","og_description":"Our family has been the owner of the winery operating in the building and cellar of the Wine Palace in [&hellip;]","og_url":"https:\/\/dubicz.hu\/en\/winery\/the-team\/","og_site_name":"Dubicz Winery and Vineyard","article_modified_time":"2022-01-13T09:26:51+00:00","twitter_card":"summary_large_image","twitter_misc":{"Est. reading time":"1 minute"},"schema":{"@context":"https:\/\/schema.org","@graph":[{"@type":"WebPage","@id":"https:\/\/dubicz.hu\/en\/winery\/the-team\/","url":"https:\/\/dubicz.hu\/en\/winery\/the-team\/","name":"The Team &#8226; Dubicz Winery and Vineyard","isPartOf":{"@id":"https:\/\/dubicz.hu\/en\/#website"},"datePublished":"2021-03-25T09:47:09+00:00","dateModified":"2022-01-13T09:26:51+00:00","breadcrumb":{"@id":"https:\/\/dubicz.hu\/en\/winery\/the-team\/#breadcrumb"},"inLanguage":"en-US","potentialAction":[{"@type":"ReadAction","target":["https:\/\/dubicz.hu\/en\/winery\/the-team\/"]}]},{"@type":"BreadcrumbList","@id":"https:\/\/dubicz.hu\/en\/winery\/the-team\/#breadcrumb","itemListElement":[{"@type":"ListItem","position":1,"name":"Kezd\u0151lap","item":"https:\/\/dubicz.hu\/en\/"},{"@type":"ListItem","position":2,"name":"Winery","item":"https:\/\/dubicz.hu\/en\/winery\/"},{"@type":"ListItem","position":3,"name":"The Team"}]},{"@type":"WebSite","@id":"https:\/\/dubicz.hu\/en\/#website","url":"https:\/\/dubicz.hu\/en\/","name":"Dubicz Winery and Vineyard","description":"","publisher":{"@id":"https:\/\/dubicz.hu\/en\/#organization"},"potentialAction":[{"@type":"SearchAction","target":{"@type":"EntryPoint","urlTemplate":"https:\/\/dubicz.hu\/en\/?s={search_term_string}"},"query-input":{"@type":"PropertyValueSpecification","valueRequired":true,"valueName":"search_term_string"}}],"inLanguage":"en-US"},{"@type":"Organization","@id":"https:\/\/dubicz.hu\/en\/#organization","name":"Dubicz Bor\u00e1szat & Sz\u0151l\u0151birtok","url":"https:\/\/dubicz.hu\/en\/","logo":{"@type":"ImageObject","inLanguage":"en-US","@id":"https:\/\/dubicz.hu\/en\/#\/schema\/logo\/image\/","url":"https:\/\/dubicz.hu\/en\/wp-content\/uploads\/2021\/09\/dubicz-logo.png","contentUrl":"https:\/\/dubicz.hu\/en\/wp-content\/uploads\/2021\/09\/dubicz-logo.png","width":323,"height":245,"caption":"Dubicz Bor\u00e1szat & Sz\u0151l\u0151birtok"},"image":{"@id":"https:\/\/dubicz.hu\/en\/#\/schema\/logo\/image\/"}}]}},"_links":{"self":[{"href":"https:\/\/dubicz.hu\/en\/wp-json\/wp\/v2\/pages\/61","targetHints":{"allow":["GET"]}}],"collection":[{"href":"https:\/\/dubicz.hu\/en\/wp-json\/wp\/v2\/pages"}],"about":[{"href":"https:\/\/dubicz.hu\/en\/wp-json\/wp\/v2\/types\/page"}],"author":[{"embeddable":true,"href":"https:\/\/dubicz.hu\/en\/wp-json\/wp\/v2\/users\/3"}],"replies":[{"embeddable":true,"href":"https:\/\/dubicz.hu\/en\/wp-json\/wp\/v2\/comments?post=61"}],"version-history":[{"count":0,"href":"https:\/\/dubicz.hu\/en\/wp-json\/wp\/v2\/pages\/61\/revisions"}],"up":[{"embeddable":true,"href":"https:\/\/dubicz.hu\/en\/wp-json\/wp\/v2\/pages\/37"}],"wp:attachment":[{"href":"https:\/\/dubicz.hu\/en\/wp-json\/wp\/v2\/media?parent=61"}],"curies":[{"name":"wp","href":"https:\/\/api.w.org\/{rel}","templated":true}]}}