{"id":63,"date":"2021-03-25T10:47:31","date_gmt":"2021-03-25T09:47:31","guid":{"rendered":"https:\/\/dubicz.hu\/en\/?page_id=63"},"modified":"2022-01-13T10:28:57","modified_gmt":"2022-01-13T09:28:57","slug":"territories","status":"publish","type":"page","link":"https:\/\/dubicz.hu\/en\/winery\/territories\/","title":{"rendered":"Territories"},"content":{"rendered":"<div id=\"pl-63\"  class=\"panel-layout\" ><div id=\"pg-63-0\"  class=\"panel-grid panel-has-style\" ><div class=\"panel-row-style panel-row-style-for-63-0\" ><div id=\"pgc-63-0-0\"  class=\"panel-grid-cell\" ><div id=\"panel-63-0-0-0\" class=\"so-panel widget widget_ndm-paragraph panel-first-child panel-last-child\" data-index=\"0\" ><div\n\t\t\t\n\t\t\tclass=\"so-widget-ndm-paragraph so-widget-ndm-paragraph-default-d75171398898-63\"\n\t\t\t\n\t\t><div class=\"ndm-paragraph row\"><div class=\"col-md-8 ml-auto mr-auto\"><p class=\"text-left mb-0\"><strong>Our professionally recognized wines produced from grapes growing on the volcanic slopes of M\u00e1tra protected by the mountain range of the Carpathian Mountain are a great choice for everyone.<\/strong>\n<br \/><br \/>\nThe M\u00e1tra Wine Region is Hungary\u2019s second largest wine-producing region, where a large wine production was already present also in the Middle Ages, due to its natural advantages. On the sunny slopes protected from extreme and inclement weather conditions by the Carpathian Mountains, we offer fresh, fragrant, and light wines of excellent value for money, as well as fuller-bodied wine selections fermented and aged in barrels, by combining traditions with state-of-the-art technologies.<\/p><\/div><\/div><\/div><\/div><\/div><\/div><\/div><div id=\"pg-63-1\"  class=\"panel-grid panel-has-style\" ><div class=\"siteorigin-panels-stretch panel-row-style panel-row-style-for-63-1\" data-stretch-type=\"full-stretched\" ><div id=\"pgc-63-1-0\"  class=\"panel-grid-cell\" ><div id=\"panel-63-1-0-0\" class=\"so-panel widget widget_ndm-wave panel-first-child panel-last-child\" data-index=\"1\" ><div\n\t\t\t\n\t\t\tclass=\"so-widget-ndm-wave so-widget-ndm-wave-default-d75171398898-63\"\n\t\t\t\n\t\t><div class=\"ndm-footer-widgets-wave w-100 p-0\">\r\n\t<svg xmlns=\"http:\/\/www.w3.org\/2000\/svg\" viewBox=\"0 0 25 2\">\r\n\t\t<path d=\"m 0 2 c 14 0 14 -2 25 -1 l 0 1 l -25 0\" fill=\"#3f4c59\"\/>\r\n\t<\/svg>\r\n<\/div><\/div><\/div><\/div><\/div><\/div><div id=\"pg-63-2\"  class=\"panel-grid panel-has-style\" ><div class=\"siteorigin-panels-stretch panel-row-style panel-row-style-for-63-2\" data-stretch-type=\"full\" ><div id=\"pgc-63-2-0\"  class=\"panel-grid-cell\" ><div id=\"panel-63-2-0-0\" class=\"so-panel widget widget_ndm-image panel-first-child\" data-index=\"2\" ><div class=\"panel-widget-style panel-widget-style-for-63-2-0-0\" ><div\n\t\t\t\n\t\t\tclass=\"so-widget-ndm-image so-widget-ndm-image-default-d75171398898-63\"\n\t\t\t\n\t\t><img decoding=\"async\" src=\"https:\/\/dubicz.hu\/en\/wp-content\/uploads\/2021\/09\/190618-153729_040A1032_LR01_2000x_web_F01.jpg\" class=\"img-fluid ndm-img-br mb-2 mb-lg-4\" alt=\"\"><\/div><\/div><\/div><div id=\"panel-63-2-0-1\" class=\"so-panel widget widget_ndm-paragraph panel-last-child\" data-index=\"3\" ><div\n\t\t\t\n\t\t\tclass=\"so-widget-ndm-paragraph so-widget-ndm-paragraph-default-d75171398898-63\"\n\t\t\t\n\t\t><div class=\"ndm-paragraph row\"><div class=\"col-md-8 ml-auto mr-auto\"><p class=\"text-left text-white\">The M\u00e1tra is a wine region with specific natural factors, which is one of the largest wine regions in Hungary regarding its area. The excellent igneous rocks are covered by brown forest soil, as a result of which, acids are whole at all times, wines are fragrant and aromatic \u2013 so excellent, high-quality wines are produced.<\/p><\/div><\/div><\/div><\/div><\/div><\/div><\/div><div id=\"pg-63-3\"  class=\"panel-grid panel-has-style\" ><div class=\"siteorigin-panels-stretch panel-row-style panel-row-style-for-63-3\" data-stretch-type=\"full-stretched\" ><div id=\"pgc-63-3-0\"  class=\"panel-grid-cell\" ><div id=\"panel-63-3-0-0\" class=\"so-panel widget widget_ndm-wave panel-first-child panel-last-child\" data-index=\"4\" ><div\n\t\t\t\n\t\t\tclass=\"so-widget-ndm-wave so-widget-ndm-wave-default-d75171398898-63\"\n\t\t\t\n\t\t><div class=\"ndm-footer-widgets-wave w-100 p-0\">\r\n\t<svg xmlns=\"http:\/\/www.w3.org\/2000\/svg\" viewBox=\"0 0 25 2\">\r\n\t\t<path d=\"m 0 2 c 14 0 14 -2 25 -1 l 0 1 l -25 0\" fill=\"#fff\"\/>\r\n\t<\/svg>\r\n<\/div><\/div><\/div><\/div><\/div><\/div><div id=\"pg-63-4\"  class=\"panel-grid panel-has-style\" ><div class=\"siteorigin-panels-stretch panel-row-style panel-row-style-for-63-4\" data-stretch-type=\"full\" ><div id=\"pgc-63-4-0\"  class=\"panel-grid-cell\" ><div id=\"panel-63-4-0-0\" class=\"so-panel widget widget_ndm-paragraph panel-first-child panel-last-child\" data-index=\"5\" ><div\n\t\t\t\n\t\t\tclass=\"so-widget-ndm-paragraph so-widget-ndm-paragraph-default-d75171398898-63\"\n\t\t\t\n\t\t><div class=\"ndm-paragraph row\"><div class=\"col-md-8 ml-auto mr-auto\"><p class=\"text-left mb-0\">From the very first moment, we have considered it to be our main task to modernize the cellar with long history and to produce M\u00e1tra wines of excellent quality. In the last 16 years, we have equipped the winery with state-of-the-art wine-production technology. We place a high emphasis on making our wines from high-quality grapes of our own, therefore we have constantly purchased vineyards and replanted old grapes of bad quality. Currently, we have an area of 114 hectares, and due to our constant plantings, we grow and harvest vine varieties of higher and higher quality, and according to changing market needs; we primarily focus on traditional M\u00e1tra vine varieties.<\/p><\/div><\/div><\/div><\/div><\/div><\/div><\/div><\/div>","protected":false},"excerpt":{"rendered":"<p>Our professionally recognized wines produced from grapes growing on the volcanic slopes of M\u00e1tra protected by the mountain range of [&hellip;]<\/p>\n","protected":false},"author":3,"featured_media":0,"parent":37,"menu_order":12,"comment_status":"closed","ping_status":"closed","template":"fullwidth.php","meta":{"footnotes":""},"class_list":["post-63","page","type-page","status-publish","hentry"],"yoast_head":"<!-- This site is optimized with the Yoast SEO plugin v27.3 - https:\/\/yoast.com\/product\/yoast-seo-wordpress\/ -->\n<title>Territories &#8226; Dubicz Winery and Vineyard<\/title>\n<meta name=\"robots\" content=\"index, follow, max-snippet:-1, max-image-preview:large, max-video-preview:-1\" \/>\n<link rel=\"canonical\" href=\"https:\/\/dubicz.hu\/en\/winery\/territories\/\" \/>\n<meta property=\"og:locale\" content=\"en_US\" \/>\n<meta property=\"og:type\" content=\"article\" \/>\n<meta property=\"og:title\" content=\"Territories &#8226; Dubicz Winery and Vineyard\" \/>\n<meta property=\"og:description\" content=\"Our professionally recognized wines produced from grapes growing on the volcanic slopes of M\u00e1tra protected by the mountain range of [&hellip;]\" \/>\n<meta property=\"og:url\" content=\"https:\/\/dubicz.hu\/en\/winery\/territories\/\" \/>\n<meta property=\"og:site_name\" content=\"Dubicz Winery and Vineyard\" \/>\n<meta property=\"article:modified_time\" content=\"2022-01-13T09:28:57+00:00\" \/>\n<meta name=\"twitter:card\" content=\"summary_large_image\" \/>\n<script type=\"application\/ld+json\" class=\"yoast-schema-graph\">{\"@context\":\"https:\\\/\\\/schema.org\",\"@graph\":[{\"@type\":\"WebPage\",\"@id\":\"https:\\\/\\\/dubicz.hu\\\/en\\\/winery\\\/territories\\\/\",\"url\":\"https:\\\/\\\/dubicz.hu\\\/en\\\/winery\\\/territories\\\/\",\"name\":\"Territories &#8226; Dubicz Winery and Vineyard\",\"isPartOf\":{\"@id\":\"https:\\\/\\\/dubicz.hu\\\/en\\\/#website\"},\"datePublished\":\"2021-03-25T09:47:31+00:00\",\"dateModified\":\"2022-01-13T09:28:57+00:00\",\"breadcrumb\":{\"@id\":\"https:\\\/\\\/dubicz.hu\\\/en\\\/winery\\\/territories\\\/#breadcrumb\"},\"inLanguage\":\"en-US\",\"potentialAction\":[{\"@type\":\"ReadAction\",\"target\":[\"https:\\\/\\\/dubicz.hu\\\/en\\\/winery\\\/territories\\\/\"]}]},{\"@type\":\"BreadcrumbList\",\"@id\":\"https:\\\/\\\/dubicz.hu\\\/en\\\/winery\\\/territories\\\/#breadcrumb\",\"itemListElement\":[{\"@type\":\"ListItem\",\"position\":1,\"name\":\"Kezd\u0151lap\",\"item\":\"https:\\\/\\\/dubicz.hu\\\/en\\\/\"},{\"@type\":\"ListItem\",\"position\":2,\"name\":\"Winery\",\"item\":\"https:\\\/\\\/dubicz.hu\\\/en\\\/winery\\\/\"},{\"@type\":\"ListItem\",\"position\":3,\"name\":\"Territories\"}]},{\"@type\":\"WebSite\",\"@id\":\"https:\\\/\\\/dubicz.hu\\\/en\\\/#website\",\"url\":\"https:\\\/\\\/dubicz.hu\\\/en\\\/\",\"name\":\"Dubicz Winery and Vineyard\",\"description\":\"\",\"publisher\":{\"@id\":\"https:\\\/\\\/dubicz.hu\\\/en\\\/#organization\"},\"potentialAction\":[{\"@type\":\"SearchAction\",\"target\":{\"@type\":\"EntryPoint\",\"urlTemplate\":\"https:\\\/\\\/dubicz.hu\\\/en\\\/?s={search_term_string}\"},\"query-input\":{\"@type\":\"PropertyValueSpecification\",\"valueRequired\":true,\"valueName\":\"search_term_string\"}}],\"inLanguage\":\"en-US\"},{\"@type\":\"Organization\",\"@id\":\"https:\\\/\\\/dubicz.hu\\\/en\\\/#organization\",\"name\":\"Dubicz Bor\u00e1szat & Sz\u0151l\u0151birtok\",\"url\":\"https:\\\/\\\/dubicz.hu\\\/en\\\/\",\"logo\":{\"@type\":\"ImageObject\",\"inLanguage\":\"en-US\",\"@id\":\"https:\\\/\\\/dubicz.hu\\\/en\\\/#\\\/schema\\\/logo\\\/image\\\/\",\"url\":\"https:\\\/\\\/dubicz.hu\\\/en\\\/wp-content\\\/uploads\\\/2021\\\/09\\\/dubicz-logo.png\",\"contentUrl\":\"https:\\\/\\\/dubicz.hu\\\/en\\\/wp-content\\\/uploads\\\/2021\\\/09\\\/dubicz-logo.png\",\"width\":323,\"height\":245,\"caption\":\"Dubicz Bor\u00e1szat & Sz\u0151l\u0151birtok\"},\"image\":{\"@id\":\"https:\\\/\\\/dubicz.hu\\\/en\\\/#\\\/schema\\\/logo\\\/image\\\/\"}}]}<\/script>\n<!-- \/ Yoast SEO plugin. -->","yoast_head_json":{"title":"Territories &#8226; Dubicz Winery and Vineyard","robots":{"index":"index","follow":"follow","max-snippet":"max-snippet:-1","max-image-preview":"max-image-preview:large","max-video-preview":"max-video-preview:-1"},"canonical":"https:\/\/dubicz.hu\/en\/winery\/territories\/","og_locale":"en_US","og_type":"article","og_title":"Territories &#8226; Dubicz Winery and Vineyard","og_description":"Our professionally recognized wines produced from grapes growing on the volcanic slopes of M\u00e1tra protected by the mountain range of [&hellip;]","og_url":"https:\/\/dubicz.hu\/en\/winery\/territories\/","og_site_name":"Dubicz Winery and Vineyard","article_modified_time":"2022-01-13T09:28:57+00:00","twitter_card":"summary_large_image","schema":{"@context":"https:\/\/schema.org","@graph":[{"@type":"WebPage","@id":"https:\/\/dubicz.hu\/en\/winery\/territories\/","url":"https:\/\/dubicz.hu\/en\/winery\/territories\/","name":"Territories &#8226; Dubicz Winery and Vineyard","isPartOf":{"@id":"https:\/\/dubicz.hu\/en\/#website"},"datePublished":"2021-03-25T09:47:31+00:00","dateModified":"2022-01-13T09:28:57+00:00","breadcrumb":{"@id":"https:\/\/dubicz.hu\/en\/winery\/territories\/#breadcrumb"},"inLanguage":"en-US","potentialAction":[{"@type":"ReadAction","target":["https:\/\/dubicz.hu\/en\/winery\/territories\/"]}]},{"@type":"BreadcrumbList","@id":"https:\/\/dubicz.hu\/en\/winery\/territories\/#breadcrumb","itemListElement":[{"@type":"ListItem","position":1,"name":"Kezd\u0151lap","item":"https:\/\/dubicz.hu\/en\/"},{"@type":"ListItem","position":2,"name":"Winery","item":"https:\/\/dubicz.hu\/en\/winery\/"},{"@type":"ListItem","position":3,"name":"Territories"}]},{"@type":"WebSite","@id":"https:\/\/dubicz.hu\/en\/#website","url":"https:\/\/dubicz.hu\/en\/","name":"Dubicz Winery and Vineyard","description":"","publisher":{"@id":"https:\/\/dubicz.hu\/en\/#organization"},"potentialAction":[{"@type":"SearchAction","target":{"@type":"EntryPoint","urlTemplate":"https:\/\/dubicz.hu\/en\/?s={search_term_string}"},"query-input":{"@type":"PropertyValueSpecification","valueRequired":true,"valueName":"search_term_string"}}],"inLanguage":"en-US"},{"@type":"Organization","@id":"https:\/\/dubicz.hu\/en\/#organization","name":"Dubicz Bor\u00e1szat & Sz\u0151l\u0151birtok","url":"https:\/\/dubicz.hu\/en\/","logo":{"@type":"ImageObject","inLanguage":"en-US","@id":"https:\/\/dubicz.hu\/en\/#\/schema\/logo\/image\/","url":"https:\/\/dubicz.hu\/en\/wp-content\/uploads\/2021\/09\/dubicz-logo.png","contentUrl":"https:\/\/dubicz.hu\/en\/wp-content\/uploads\/2021\/09\/dubicz-logo.png","width":323,"height":245,"caption":"Dubicz Bor\u00e1szat & Sz\u0151l\u0151birtok"},"image":{"@id":"https:\/\/dubicz.hu\/en\/#\/schema\/logo\/image\/"}}]}},"_links":{"self":[{"href":"https:\/\/dubicz.hu\/en\/wp-json\/wp\/v2\/pages\/63","targetHints":{"allow":["GET"]}}],"collection":[{"href":"https:\/\/dubicz.hu\/en\/wp-json\/wp\/v2\/pages"}],"about":[{"href":"https:\/\/dubicz.hu\/en\/wp-json\/wp\/v2\/types\/page"}],"author":[{"embeddable":true,"href":"https:\/\/dubicz.hu\/en\/wp-json\/wp\/v2\/users\/3"}],"replies":[{"embeddable":true,"href":"https:\/\/dubicz.hu\/en\/wp-json\/wp\/v2\/comments?post=63"}],"version-history":[{"count":0,"href":"https:\/\/dubicz.hu\/en\/wp-json\/wp\/v2\/pages\/63\/revisions"}],"up":[{"embeddable":true,"href":"https:\/\/dubicz.hu\/en\/wp-json\/wp\/v2\/pages\/37"}],"wp:attachment":[{"href":"https:\/\/dubicz.hu\/en\/wp-json\/wp\/v2\/media?parent=63"}],"curies":[{"name":"wp","href":"https:\/\/api.w.org\/{rel}","templated":true}]}}