{"id":64,"date":"2021-03-25T10:47:41","date_gmt":"2021-03-25T09:47:41","guid":{"rendered":"https:\/\/dubicz.hu\/en\/?page_id=64"},"modified":"2022-01-13T10:31:11","modified_gmt":"2022-01-13T09:31:11","slug":"wine-store","status":"publish","type":"page","link":"https:\/\/dubicz.hu\/en\/winery\/wine-store\/","title":{"rendered":"Wine store"},"content":{"rendered":"<div id=\"pl-64\"  class=\"panel-layout\" ><div id=\"pg-64-0\"  class=\"panel-grid panel-has-style\" ><div class=\"panel-row-style panel-row-style-for-64-0\" ><div id=\"pgc-64-0-0\"  class=\"panel-grid-cell\" ><div id=\"panel-64-0-0-0\" class=\"so-panel widget widget_ndm-paragraph panel-first-child panel-last-child\" data-index=\"0\" ><div\n\t\t\t\n\t\t\tclass=\"so-widget-ndm-paragraph so-widget-ndm-paragraph-default-d75171398898-64\"\n\t\t\t\n\t\t><div class=\"ndm-paragraph row\"><div class=\"col-md-8 ml-auto mr-auto\"><p class=\"text-left\"><strong>Our colleagues are pleased to help you select the most appropriate wine for any occasion!<\/strong>\n<br \/><br \/>\nDue to the dealer network, our wines are available in the whole country as they can be purchased in Auchan, Lidl, Metro, M\u00fcller, Spar, and Tesco stores, in the networks of Borh\u00e1l\u00f3 and Veritas, as well as in a number of tourist places and catering establishments and gastronomic locations. Our wine store located in the yard of our winery allows direct purchase for local consumers, as well as purchase after wine tasting.<\/p><\/div><\/div><\/div><\/div><\/div><\/div><\/div><div id=\"pg-64-1\"  class=\"panel-grid panel-has-style\" ><div class=\"siteorigin-panels-stretch panel-row-style panel-row-style-for-64-1\" data-stretch-type=\"full-stretched\" ><div id=\"pgc-64-1-0\"  class=\"panel-grid-cell\" ><div id=\"panel-64-1-0-0\" class=\"so-panel widget widget_ndm-wave panel-first-child panel-last-child\" data-index=\"1\" ><div\n\t\t\t\n\t\t\tclass=\"so-widget-ndm-wave so-widget-ndm-wave-default-d75171398898-64\"\n\t\t\t\n\t\t><div class=\"ndm-footer-widgets-wave w-100 p-0\">\r\n\t<svg xmlns=\"http:\/\/www.w3.org\/2000\/svg\" viewBox=\"0 0 25 2\">\r\n\t\t<path d=\"m 0 2 c 14 0 14 -2 25 -1 l 0 1 l -25 0\" fill=\"#3f4c59\"\/>\r\n\t<\/svg>\r\n<\/div><\/div><\/div><\/div><\/div><\/div><div id=\"pg-64-2\"  class=\"panel-grid panel-has-style\" ><div class=\"siteorigin-panels-stretch panel-row-style panel-row-style-for-64-2\" data-stretch-type=\"full\" ><div id=\"pgc-64-2-0\"  class=\"panel-grid-cell\" ><div id=\"panel-64-2-0-0\" class=\"so-panel widget widget_ndm-image panel-first-child panel-last-child\" data-index=\"2\" ><div class=\"panel-widget-style panel-widget-style-for-64-2-0-0\" ><div\n\t\t\t\n\t\t\tclass=\"so-widget-ndm-image so-widget-ndm-image-default-d75171398898-64\"\n\t\t\t\n\t\t><img decoding=\"async\" src=\"https:\/\/dubicz.hu\/en\/wp-content\/uploads\/2021\/09\/DSC_3989.jpg\" class=\"img-fluid ndm-img-br mb-2 mb-lg-4\" alt=\"\"><\/div><\/div><\/div><\/div><div id=\"pgc-64-2-1\"  class=\"panel-grid-cell\" ><div id=\"panel-64-2-1-0\" class=\"so-panel widget widget_ndm-paragraph panel-first-child panel-last-child\" data-index=\"3\" ><div\n\t\t\t\n\t\t\tclass=\"so-widget-ndm-paragraph so-widget-ndm-paragraph-default-d75171398898-64\"\n\t\t\t\n\t\t><p class=\"text-left mb-0\"><p class=\"text-white\"><strong>Opening Hours:<\/strong><\/p>\n<ul class=\"ndm-list text-white\">\n<li>Monday: 8:00 \u2013 16:00<\/li>\n<li>Tuesday: 8:00 \u2013 16:00<\/li>\n<li>Wednesday: 8:00 \u2013 16:00<\/li>\n<li>Thursday: 8:00 \u2013 16:00<\/li>\n<li>Friday: 8:00 \u2013 16:00<\/li>\n<li>Saturday: 8:00 \u2013 16:00<\/li>\n<li>Sunday: Closed<\/li>\n<\/ul>\n<p class=\"text-white\">Our wine store is available also for those participating in wine tasting, after wine tasting events for groups.<\/p>\n<\/p><\/div><\/div><\/div><\/div><\/div><div id=\"pg-64-3\"  class=\"panel-grid panel-has-style\" ><div class=\"siteorigin-panels-stretch panel-row-style panel-row-style-for-64-3\" data-stretch-type=\"full-stretched\" ><div id=\"pgc-64-3-0\"  class=\"panel-grid-cell\" ><div id=\"panel-64-3-0-0\" class=\"so-panel widget widget_ndm-wave panel-first-child panel-last-child\" data-index=\"4\" ><div\n\t\t\t\n\t\t\tclass=\"so-widget-ndm-wave so-widget-ndm-wave-default-d75171398898-64\"\n\t\t\t\n\t\t><div class=\"ndm-footer-widgets-wave w-100 p-0\">\r\n\t<svg xmlns=\"http:\/\/www.w3.org\/2000\/svg\" viewBox=\"0 0 25 2\">\r\n\t\t<path d=\"m 0 2 c 14 0 14 -2 25 -1 l 0 1 l -25 0\" fill=\"#fff\"\/>\r\n\t<\/svg>\r\n<\/div><\/div><\/div><\/div><\/div><\/div><\/div>","protected":false},"excerpt":{"rendered":"<p>Our colleagues are pleased to help you select the most appropriate wine for any occasion! Due to the dealer network, [&hellip;]<\/p>\n","protected":false},"author":3,"featured_media":0,"parent":37,"menu_order":13,"comment_status":"closed","ping_status":"closed","template":"fullwidth.php","meta":{"footnotes":""},"class_list":["post-64","page","type-page","status-publish","hentry"],"yoast_head":"<!-- This site is optimized with the Yoast SEO plugin v27.3 - https:\/\/yoast.com\/product\/yoast-seo-wordpress\/ -->\n<title>Wine store &#8226; Dubicz Winery and Vineyard<\/title>\n<meta name=\"robots\" content=\"index, follow, max-snippet:-1, max-image-preview:large, max-video-preview:-1\" \/>\n<link rel=\"canonical\" href=\"https:\/\/dubicz.hu\/en\/winery\/wine-store\/\" \/>\n<meta property=\"og:locale\" content=\"en_US\" \/>\n<meta property=\"og:type\" content=\"article\" \/>\n<meta property=\"og:title\" content=\"Wine store &#8226; Dubicz Winery and Vineyard\" \/>\n<meta property=\"og:description\" content=\"Our colleagues are pleased to help you select the most appropriate wine for any occasion! Due to the dealer network, [&hellip;]\" \/>\n<meta property=\"og:url\" content=\"https:\/\/dubicz.hu\/en\/winery\/wine-store\/\" \/>\n<meta property=\"og:site_name\" content=\"Dubicz Winery and Vineyard\" \/>\n<meta property=\"article:modified_time\" content=\"2022-01-13T09:31:11+00:00\" \/>\n<meta name=\"twitter:card\" content=\"summary_large_image\" \/>\n<script type=\"application\/ld+json\" class=\"yoast-schema-graph\">{\"@context\":\"https:\\\/\\\/schema.org\",\"@graph\":[{\"@type\":\"WebPage\",\"@id\":\"https:\\\/\\\/dubicz.hu\\\/en\\\/winery\\\/wine-store\\\/\",\"url\":\"https:\\\/\\\/dubicz.hu\\\/en\\\/winery\\\/wine-store\\\/\",\"name\":\"Wine store &#8226; Dubicz Winery and Vineyard\",\"isPartOf\":{\"@id\":\"https:\\\/\\\/dubicz.hu\\\/en\\\/#website\"},\"datePublished\":\"2021-03-25T09:47:41+00:00\",\"dateModified\":\"2022-01-13T09:31:11+00:00\",\"breadcrumb\":{\"@id\":\"https:\\\/\\\/dubicz.hu\\\/en\\\/winery\\\/wine-store\\\/#breadcrumb\"},\"inLanguage\":\"en-US\",\"potentialAction\":[{\"@type\":\"ReadAction\",\"target\":[\"https:\\\/\\\/dubicz.hu\\\/en\\\/winery\\\/wine-store\\\/\"]}]},{\"@type\":\"BreadcrumbList\",\"@id\":\"https:\\\/\\\/dubicz.hu\\\/en\\\/winery\\\/wine-store\\\/#breadcrumb\",\"itemListElement\":[{\"@type\":\"ListItem\",\"position\":1,\"name\":\"Kezd\u0151lap\",\"item\":\"https:\\\/\\\/dubicz.hu\\\/en\\\/\"},{\"@type\":\"ListItem\",\"position\":2,\"name\":\"Winery\",\"item\":\"https:\\\/\\\/dubicz.hu\\\/en\\\/winery\\\/\"},{\"@type\":\"ListItem\",\"position\":3,\"name\":\"Wine store\"}]},{\"@type\":\"WebSite\",\"@id\":\"https:\\\/\\\/dubicz.hu\\\/en\\\/#website\",\"url\":\"https:\\\/\\\/dubicz.hu\\\/en\\\/\",\"name\":\"Dubicz Winery and Vineyard\",\"description\":\"\",\"publisher\":{\"@id\":\"https:\\\/\\\/dubicz.hu\\\/en\\\/#organization\"},\"potentialAction\":[{\"@type\":\"SearchAction\",\"target\":{\"@type\":\"EntryPoint\",\"urlTemplate\":\"https:\\\/\\\/dubicz.hu\\\/en\\\/?s={search_term_string}\"},\"query-input\":{\"@type\":\"PropertyValueSpecification\",\"valueRequired\":true,\"valueName\":\"search_term_string\"}}],\"inLanguage\":\"en-US\"},{\"@type\":\"Organization\",\"@id\":\"https:\\\/\\\/dubicz.hu\\\/en\\\/#organization\",\"name\":\"Dubicz Bor\u00e1szat & Sz\u0151l\u0151birtok\",\"url\":\"https:\\\/\\\/dubicz.hu\\\/en\\\/\",\"logo\":{\"@type\":\"ImageObject\",\"inLanguage\":\"en-US\",\"@id\":\"https:\\\/\\\/dubicz.hu\\\/en\\\/#\\\/schema\\\/logo\\\/image\\\/\",\"url\":\"https:\\\/\\\/dubicz.hu\\\/en\\\/wp-content\\\/uploads\\\/2021\\\/09\\\/dubicz-logo.png\",\"contentUrl\":\"https:\\\/\\\/dubicz.hu\\\/en\\\/wp-content\\\/uploads\\\/2021\\\/09\\\/dubicz-logo.png\",\"width\":323,\"height\":245,\"caption\":\"Dubicz Bor\u00e1szat & Sz\u0151l\u0151birtok\"},\"image\":{\"@id\":\"https:\\\/\\\/dubicz.hu\\\/en\\\/#\\\/schema\\\/logo\\\/image\\\/\"}}]}<\/script>\n<!-- \/ Yoast SEO plugin. -->","yoast_head_json":{"title":"Wine store &#8226; Dubicz Winery and Vineyard","robots":{"index":"index","follow":"follow","max-snippet":"max-snippet:-1","max-image-preview":"max-image-preview:large","max-video-preview":"max-video-preview:-1"},"canonical":"https:\/\/dubicz.hu\/en\/winery\/wine-store\/","og_locale":"en_US","og_type":"article","og_title":"Wine store &#8226; Dubicz Winery and Vineyard","og_description":"Our colleagues are pleased to help you select the most appropriate wine for any occasion! Due to the dealer network, [&hellip;]","og_url":"https:\/\/dubicz.hu\/en\/winery\/wine-store\/","og_site_name":"Dubicz Winery and Vineyard","article_modified_time":"2022-01-13T09:31:11+00:00","twitter_card":"summary_large_image","schema":{"@context":"https:\/\/schema.org","@graph":[{"@type":"WebPage","@id":"https:\/\/dubicz.hu\/en\/winery\/wine-store\/","url":"https:\/\/dubicz.hu\/en\/winery\/wine-store\/","name":"Wine store &#8226; Dubicz Winery and Vineyard","isPartOf":{"@id":"https:\/\/dubicz.hu\/en\/#website"},"datePublished":"2021-03-25T09:47:41+00:00","dateModified":"2022-01-13T09:31:11+00:00","breadcrumb":{"@id":"https:\/\/dubicz.hu\/en\/winery\/wine-store\/#breadcrumb"},"inLanguage":"en-US","potentialAction":[{"@type":"ReadAction","target":["https:\/\/dubicz.hu\/en\/winery\/wine-store\/"]}]},{"@type":"BreadcrumbList","@id":"https:\/\/dubicz.hu\/en\/winery\/wine-store\/#breadcrumb","itemListElement":[{"@type":"ListItem","position":1,"name":"Kezd\u0151lap","item":"https:\/\/dubicz.hu\/en\/"},{"@type":"ListItem","position":2,"name":"Winery","item":"https:\/\/dubicz.hu\/en\/winery\/"},{"@type":"ListItem","position":3,"name":"Wine store"}]},{"@type":"WebSite","@id":"https:\/\/dubicz.hu\/en\/#website","url":"https:\/\/dubicz.hu\/en\/","name":"Dubicz Winery and Vineyard","description":"","publisher":{"@id":"https:\/\/dubicz.hu\/en\/#organization"},"potentialAction":[{"@type":"SearchAction","target":{"@type":"EntryPoint","urlTemplate":"https:\/\/dubicz.hu\/en\/?s={search_term_string}"},"query-input":{"@type":"PropertyValueSpecification","valueRequired":true,"valueName":"search_term_string"}}],"inLanguage":"en-US"},{"@type":"Organization","@id":"https:\/\/dubicz.hu\/en\/#organization","name":"Dubicz Bor\u00e1szat & Sz\u0151l\u0151birtok","url":"https:\/\/dubicz.hu\/en\/","logo":{"@type":"ImageObject","inLanguage":"en-US","@id":"https:\/\/dubicz.hu\/en\/#\/schema\/logo\/image\/","url":"https:\/\/dubicz.hu\/en\/wp-content\/uploads\/2021\/09\/dubicz-logo.png","contentUrl":"https:\/\/dubicz.hu\/en\/wp-content\/uploads\/2021\/09\/dubicz-logo.png","width":323,"height":245,"caption":"Dubicz Bor\u00e1szat & Sz\u0151l\u0151birtok"},"image":{"@id":"https:\/\/dubicz.hu\/en\/#\/schema\/logo\/image\/"}}]}},"_links":{"self":[{"href":"https:\/\/dubicz.hu\/en\/wp-json\/wp\/v2\/pages\/64","targetHints":{"allow":["GET"]}}],"collection":[{"href":"https:\/\/dubicz.hu\/en\/wp-json\/wp\/v2\/pages"}],"about":[{"href":"https:\/\/dubicz.hu\/en\/wp-json\/wp\/v2\/types\/page"}],"author":[{"embeddable":true,"href":"https:\/\/dubicz.hu\/en\/wp-json\/wp\/v2\/users\/3"}],"replies":[{"embeddable":true,"href":"https:\/\/dubicz.hu\/en\/wp-json\/wp\/v2\/comments?post=64"}],"version-history":[{"count":1,"href":"https:\/\/dubicz.hu\/en\/wp-json\/wp\/v2\/pages\/64\/revisions"}],"predecessor-version":[{"id":8561,"href":"https:\/\/dubicz.hu\/en\/wp-json\/wp\/v2\/pages\/64\/revisions\/8561"}],"up":[{"embeddable":true,"href":"https:\/\/dubicz.hu\/en\/wp-json\/wp\/v2\/pages\/37"}],"wp:attachment":[{"href":"https:\/\/dubicz.hu\/en\/wp-json\/wp\/v2\/media?parent=64"}],"curies":[{"name":"wp","href":"https:\/\/api.w.org\/{rel}","templated":true}]}}