{"id":7457,"date":"2021-08-16T18:04:50","date_gmt":"2021-08-16T16:04:50","guid":{"rendered":"https:\/\/dubicz.hu\/en\/?page_id=7457"},"modified":"2022-03-07T14:07:32","modified_gmt":"2022-03-07T13:07:32","slug":"sarhegy-dulo","status":"publish","type":"page","link":"https:\/\/dubicz.hu\/en\/sarhegy-dulo\/","title":{"rendered":"S\u00e1rhegy-d\u0171l\u0151"},"content":{"rendered":"<div id=\"pl-7457\"  class=\"panel-layout\" ><div id=\"pg-7457-0\"  class=\"panel-grid panel-has-style\" ><div class=\"siteorigin-panels-stretch panel-row-style panel-row-style-for-7457-0\" data-stretch-type=\"full-stretched\" ><div id=\"pgc-7457-0-0\"  class=\"panel-grid-cell\" ><div id=\"panel-7457-0-0-0\" class=\"so-panel widget widget_ndm-img-grid panel-first-child panel-last-child\" data-index=\"0\" ><div\n\t\t\t\n\t\t\tclass=\"so-widget-ndm-img-grid so-widget-ndm-img-grid-default-d75171398898-7457\"\n\t\t\t\n\t\t>\r\n\t\t<div class=\"ndm-img-grid-container container-fluid pl-2 pr-2 pl-lg-4 pr-lg-4\">\r\n\t\t\t<div class=\"ndm-img-grid row\">\r\n\t\t\t\t<div class=\"col-lg-6 col-xl-3\">\r\n\t\t\t\t\t<div class=\"ndm-img-grid-wrapper mb-2 mb-lg-4\">\r\n\t\t\t\t\t\t<img decoding=\"async\" src=\"https:\/\/dubicz.hu\/en\/wp-content\/uploads\/2021\/09\/sarhegy-sorozat.jpg\" class=\"img-fluid\" alt=\"Dubicz Bor\u00e1szat \u00e9s Sz\u0151l\u0151birtok\">\r\n\t\t\t\t\t<\/div>\r\n\t\t\t\t\t<div class=\"ndm-img-grid-wrapper mb-2 mb-lg-0\">\r\n\t\t\t\t\t\t<img decoding=\"async\" src=\"https:\/\/dubicz.hu\/en\/wp-content\/uploads\/2021\/09\/IMG_5147.jpg\" class=\"img-fluid\" alt=\"Dubicz Bor\u00e1szat \u00e9s Sz\u0151l\u0151birtok\">\r\n\t\t\t\t\t<\/div>\r\n\t\t\t\t<\/div>\r\n\t\t\t\t<div class=\"col-lg-6 col-xl-5 img-center mb-2 mb-lg-0\">\r\n\t\t\t\t\t<img decoding=\"async\" src=\"https:\/\/dubicz.hu\/en\/wp-content\/uploads\/2021\/08\/extrem-borkostolo-fi.jpg\" class=\"img-fluid\" alt=\"Dubicz Bor\u00e1szat \u00e9s Sz\u0151l\u0151birtok\">\r\n\t\t\t\t<\/div>\r\n\t\t\t\t<div class=\"d-flex flex-column justify-content-between col-xl-3 mt-2 mt-lg-4 mt-xl-0\">\r\n\t\t\t\t\t\t\t\t\t\t\t\t\t<a href=\"https:\/\/www.instagram.com\/explore\/tags\/sarhegy\/\" target=\"_blank\" rel=\"noopener\" arial-label=\"Link\">\r\n\t\t\t\t\t\t\t\t\t<h6>#sarhegy<\/h6>\r\n\t\t\t\t\t\t\t\t<\/a>\r\n\t\t\t\t\t\t\t\t\t\t\t\t<div class=\"ndm-img-grid-desc\">\r\n\t\t\t\t\t\t\t<h3 class=\"themecolor mb-2 mb-lg-4\">Sunshine in every grape.<\/h3><p class=\"ndm-img-grid-description mb-0\">We call the Dubicz Winery\u2019s prestigious wines S\u00e1rhegy. Not by chance, as these excellent batches originate from the S\u00e1r Hill near Gy\u00f6ngy\u00f6s, from selected grapes, handled carefully.<\/p>\t\t\t\t\t\t\r\n\t\t\t\t\t<\/div>\r\n\t\t\t\t<\/div>\r\n\t\t\t\t<div class=\"col-xl-1\"><\/div>\r\n\t\t\t<\/div>\r\n\t\t<\/div>\r\n\r\n\t<\/div><\/div><\/div><\/div><\/div><div id=\"pg-7457-1\"  class=\"panel-grid panel-has-style\" ><div class=\"siteorigin-panels-stretch panel-row-style panel-row-style-for-7457-1\" data-stretch-type=\"full-stretched\" ><div id=\"pgc-7457-1-0\"  class=\"panel-grid-cell\" ><div id=\"panel-7457-1-0-0\" class=\"so-panel widget widget_ndm-wave panel-first-child panel-last-child\" data-index=\"1\" ><div\n\t\t\t\n\t\t\tclass=\"so-widget-ndm-wave so-widget-ndm-wave-default-d75171398898-7457\"\n\t\t\t\n\t\t><div class=\"ndm-footer-widgets-wave w-100 p-0\">\r\n\t<svg xmlns=\"http:\/\/www.w3.org\/2000\/svg\" viewBox=\"0 0 25 2\">\r\n\t\t<path d=\"m 0 2 c 14 0 14 -2 25 -1 l 0 1 l -25 0\" fill=\"#3f4c59\"\/>\r\n\t<\/svg>\r\n<\/div><\/div><\/div><\/div><\/div><\/div><div id=\"pg-7457-2\"  class=\"panel-grid panel-has-style\" ><div class=\"siteorigin-panels-stretch panel-row-style panel-row-style-for-7457-2\" data-stretch-type=\"full\" ><div id=\"pgc-7457-2-0\"  class=\"panel-grid-cell\" ><div id=\"panel-7457-2-0-0\" class=\"so-panel widget widget_ndm-title panel-first-child\" data-index=\"2\" ><div\n\t\t\t\n\t\t\tclass=\"so-widget-ndm-title so-widget-ndm-title-default-d75171398898-7457\"\n\t\t\t\n\t\t><h2 class=\"ndm-title  text-white text-center\">Slope<\/h2><p class=\"ndm-title-desc col-lg-8 mx-auto text-center text-white\">As regards volcanos shaping the landscape of the M\u00e1tra, the last one became extinct more than ten million years ago, however, their traces are present in the entire scene, just think of the mountains of Galya-tet\u0151 or K\u00e9kes.<\/p><\/div><\/div><div id=\"panel-7457-2-0-1\" class=\"so-panel widget widget_ndm-image\" data-index=\"3\" ><div class=\"panel-widget-style panel-widget-style-for-7457-2-0-1\" ><div\n\t\t\t\n\t\t\tclass=\"so-widget-ndm-image so-widget-ndm-image-default-d75171398898-7457\"\n\t\t\t\n\t\t><img decoding=\"async\" src=\"https:\/\/dubicz.hu\/en\/wp-content\/uploads\/2021\/08\/IMG_5160-scaled.jpg\" class=\"img-fluid ndm-img-br mb-2 mb-lg-4\" alt=\"\"><\/div><\/div><\/div><div id=\"panel-7457-2-0-2\" class=\"so-panel widget widget_ndm-paragraph panel-last-child\" data-index=\"4\" ><div\n\t\t\t\n\t\t\tclass=\"so-widget-ndm-paragraph so-widget-ndm-paragraph-default-d75171398898-7457\"\n\t\t\t\n\t\t><div class=\"ndm-paragraph row\"><div class=\"col-md-8 ml-auto mr-auto\"><p class=\"text-left text-white\">As the southernmost member of former volcanos, still on the surface, the S\u00e1r Hill has become a hill of really special composition. It consists of fragmented igneous rocks in the top regions, with loessoid deposit at the bottom, which is one of the best possible combinations together with its southern location for quality wine grapes. Therefore, it is not a surprise that in the last centuries, the entire hill has become one huge vineyard as one of the basic locations of vine growing around Gy\u00f6ngy\u00f6s, with a history of around one thousand years.\n<br \/><br \/>\nBy reaching the top of the hill, we can see the entire circular panorama of the southern region of the M\u00e1tra, while the stone wall-labyrinth of the former parcels gives a very unique atmosphere to the landscape.<\/p><\/div><\/div><\/div><\/div><\/div><\/div><\/div><div id=\"pg-7457-3\"  class=\"panel-grid panel-has-style\" ><div class=\"siteorigin-panels-stretch panel-row-style panel-row-style-for-7457-3\" data-stretch-type=\"full-stretched\" ><div id=\"pgc-7457-3-0\"  class=\"panel-grid-cell\" ><div id=\"panel-7457-3-0-0\" class=\"so-panel widget widget_ndm-wave panel-first-child panel-last-child\" data-index=\"5\" ><div\n\t\t\t\n\t\t\tclass=\"so-widget-ndm-wave so-widget-ndm-wave-default-d75171398898-7457\"\n\t\t\t\n\t\t><div class=\"ndm-footer-widgets-wave w-100 p-0\">\r\n\t<svg xmlns=\"http:\/\/www.w3.org\/2000\/svg\" viewBox=\"0 0 25 2\">\r\n\t\t<path d=\"m 0 2 c 14 0 14 -2 25 -1 l 0 1 l -25 0\" fill=\"#fff\"\/>\r\n\t<\/svg>\r\n<\/div><\/div><\/div><\/div><\/div><\/div><div id=\"pg-7457-4\"  class=\"panel-grid panel-has-style\" ><div class=\"siteorigin-panels-stretch panel-row-style panel-row-style-for-7457-4\" data-stretch-type=\"full\" ><div id=\"pgc-7457-4-0\"  class=\"panel-grid-cell\" ><div id=\"panel-7457-4-0-0\" class=\"so-panel widget widget_ndm-title panel-first-child panel-last-child\" data-index=\"6\" ><div\n\t\t\t\n\t\t\tclass=\"so-widget-ndm-title so-widget-ndm-title-default-d75171398898-7457\"\n\t\t\t\n\t\t><h2 class=\"ndm-title  dubicz-darkblue text-center\">Wines<\/h2><p class=\"ndm-title-desc col-lg-8 mx-auto text-center\">Dubicz Winery has one white wine and one red wine in the S\u00e1rhegy category, both of which are single vineyard batches, meaning that they exclusively originate from the S\u00e1r Hill-slope. Due to the soil- and microclimatic factors, you can feel the territory\u2019s characteristics and the power of nature in these wines.<\/p><\/div><\/div><\/div><\/div><\/div><div id=\"pg-7457-5\"  class=\"panel-grid panel-has-style\" ><div class=\"panel-row-style panel-row-style-for-7457-5\" ><div id=\"pgc-7457-5-0\"  class=\"panel-grid-cell\" ><div id=\"panel-7457-5-0-0\" class=\"so-panel widget widget_ndm-wine-box panel-first-child panel-last-child\" data-index=\"7\" ><div\n\t\t\t\n\t\t\tclass=\"so-widget-ndm-wine-box so-widget-ndm-wine-box-default-d75171398898-7457\"\n\t\t\t\n\t\t><div class=\"ndm-wine-box\">\r\n\t<div class=\"ndm-wine-box-top\">\r\n\t\t<img decoding=\"async\" src=\"https:\/\/dubicz.hu\/en\/wp-content\/uploads\/2021\/09\/sarhegy-olaszrizling-1.jpg\" class=\"img-fluid\"><img decoding=\"async\" src=\"https:\/\/dubicz.hu\/en\/wp-content\/themes\/dubicz\/img\/wave\/wave-dark-small.png\" class=\"img-fluid ndm-wavebox-wave\">\t<\/div>\r\n\t<div class=\"ndm-wine-box-bottom\">\r\n\t\t<h4 class=\"text-white mb-2\">\r\n\t\t\tS\u00e1rhegy Olaszrizling barrique\t\t<\/h4>\r\n\t\t<p class=\"text-white mb-0\">\r\n\t\t\tMatured, straw yellow, a fine wooden cask tone in fragrance. It is felt to be a properly matured material, which is worthy of being aged in wooden casks. The acids and the body are in an elegant balance due to the barrique aging of a few months. It is a complex wine displaying sweet spice, a little bit of anise, quince, pear, yellow greengage and caramel.\t\t<\/p>\r\n\t<\/div>\r\n<\/div><\/div><\/div><\/div><div id=\"pgc-7457-5-1\"  class=\"panel-grid-cell\" ><div id=\"panel-7457-5-1-0\" class=\"so-panel widget widget_ndm-wine-box panel-first-child panel-last-child\" data-index=\"8\" ><div\n\t\t\t\n\t\t\tclass=\"so-widget-ndm-wine-box so-widget-ndm-wine-box-default-d75171398898-7457\"\n\t\t\t\n\t\t><div class=\"ndm-wine-box\">\r\n\t<div class=\"ndm-wine-box-top\">\r\n\t\t<img decoding=\"async\" src=\"https:\/\/dubicz.hu\/en\/wp-content\/uploads\/2021\/09\/sarhegy-kekfrankos-1.jpg\" class=\"img-fluid\"><img decoding=\"async\" src=\"https:\/\/dubicz.hu\/en\/wp-content\/themes\/dubicz\/img\/wave\/wave-dark-small.png\" class=\"img-fluid ndm-wavebox-wave\">\t<\/div>\r\n\t<div class=\"ndm-wine-box-bottom\">\r\n\t\t<h4 class=\"text-white mb-2\">\r\n\t\t\tS\u00e1rhegy K\u00e9kfrankos\t\t<\/h4>\r\n\t\t<p class=\"text-white mb-0\">\r\n\t\t\tSingle vineyard, premium batch. In this remarkable vintage, our Blue Frankish grown on the S\u00e1r Hill, one of the most excellent slopes of the M\u00e1tra, produced a wine of exceptional quality. Vanilla and blackberry are the dominant fragrances with an intense flavor of dark chocolate, which is really exciting due to the soft character of the barrique.\t\t<\/p>\r\n\t<\/div>\r\n<\/div><\/div><\/div><\/div><\/div><\/div><div id=\"pg-7457-6\"  class=\"panel-grid panel-no-style\" ><div id=\"pgc-7457-6-0\"  class=\"panel-grid-cell\" ><div id=\"panel-7457-6-0-0\" class=\"so-panel widget widget_ndm-paragraph panel-first-child panel-last-child\" data-index=\"9\" ><div\n\t\t\t\n\t\t\tclass=\"so-widget-ndm-paragraph so-widget-ndm-paragraph-default-d75171398898-7457\"\n\t\t\t\n\t\t><div class=\"ndm-paragraph row\"><div class=\"col-md-8 ml-auto mr-auto\"><p class=\"text-left\"><p>Every vintage of our prestigious wines produced on the S\u00e1r Hill-slope has been recognized nationally and internationally on a number of occasions in recent years:<\/p>\n<\/p><\/div><\/div><\/div><\/div><\/div><\/div><div id=\"pg-7457-7\"  class=\"panel-grid panel-no-style\" ><div id=\"pgc-7457-7-0\"  class=\"panel-grid-cell\" ><div id=\"panel-7457-7-0-0\" class=\"so-panel widget widget_ndm-paragraph panel-first-child\" data-index=\"10\" ><div\n\t\t\t\n\t\t\tclass=\"so-widget-ndm-paragraph so-widget-ndm-paragraph-default-d75171398898-7457\"\n\t\t\t\n\t\t><p class=\"text-left mb-0\"><p><strong>Olaszrizling \u2013 Year 2018:<\/strong><\/p>\n<\/p><\/div><\/div><div id=\"panel-7457-7-0-1\" class=\"so-panel widget widget_ndm-list panel-last-child\" data-index=\"11\" ><div\n\t\t\t\n\t\t\tclass=\"so-widget-ndm-list so-widget-ndm-list-default-d75171398898-7457\"\n\t\t\t\n\t\t><ul class=\"ndm-list\">        <li\n                >Semmelweis Egyetem Bora Orsz\u00e1gos Borverseny - Gold medal<\/li>\n            <li\n                >Egri \u00c9rsek Bora 2021<\/li>\n            <li\n                >Vinagora Nemzetk\u00f6zi Borverseny 2021 - silver<\/li>\n    <\/ul><\/div><\/div><\/div><div id=\"pgc-7457-7-1\"  class=\"panel-grid-cell\" ><div id=\"panel-7457-7-1-0\" class=\"so-panel widget widget_ndm-paragraph panel-first-child\" data-index=\"12\" ><div\n\t\t\t\n\t\t\tclass=\"so-widget-ndm-paragraph so-widget-ndm-paragraph-default-d75171398898-7457\"\n\t\t\t\n\t\t><p class=\"text-left mb-0\"><p><strong>Olaszrizling \u2013 Year 2017:<\/strong><\/p>\n<\/p><\/div><\/div><div id=\"panel-7457-7-1-1\" class=\"so-panel widget widget_ndm-list panel-last-child\" data-index=\"13\" ><div\n\t\t\t\n\t\t\tclass=\"so-widget-ndm-list so-widget-ndm-list-default-d75171398898-7457\"\n\t\t\t\n\t\t><ul class=\"ndm-list\">        <li\n                >Mundus Vini Spring Tasting \u2013 silver<\/li>\n            <li\n                >VinCE Magazin Nagy Olaszrizling teszt \u2013 1. place<\/li>\n            <li\n                >XXIV. M\u00e1trai Borvid\u00e9ki Borverseny 2019 - big gold<\/li>\n            <li\n                >2019. \u00e9vi Orsz\u00e1gos Borverseny \u2013 gold<\/li>\n            <li\n                >Gy\u00f6ngy\u00f6si Hegyk\u00f6zs\u00e9gi Borverseny 2019 \u2013 silver<\/li>\n            <li\n                >Decanter World Wine \u2013 \u201eCommended\u201d<\/li>\n            <li\n                >Vinagora Nemzetk\u00f6zi Borverseny 2020 - gold<\/li>\n    <\/ul><\/div><\/div><\/div><\/div><div id=\"pg-7457-8\"  class=\"panel-grid panel-no-style\" ><div id=\"pgc-7457-8-0\"  class=\"panel-grid-cell\" ><div id=\"panel-7457-8-0-0\" class=\"so-panel widget widget_ndm-paragraph panel-first-child\" data-index=\"14\" ><div\n\t\t\t\n\t\t\tclass=\"so-widget-ndm-paragraph so-widget-ndm-paragraph-default-d75171398898-7457\"\n\t\t\t\n\t\t><p class=\"text-left mb-0\"><p><strong>Olaszrizling \u2013\u00a0Year 2016:<\/strong><\/p>\n<\/p><\/div><\/div><div id=\"panel-7457-8-0-1\" class=\"so-panel widget widget_ndm-list panel-last-child\" data-index=\"15\" ><div\n\t\t\t\n\t\t\tclass=\"so-widget-ndm-list so-widget-ndm-list-default-d75171398898-7457\"\n\t\t\t\n\t\t><ul class=\"ndm-list\">        <li\n                >Semmelweis Egyetem Bora Orsz\u00e1gos Borverseny - big gold medal<\/li>\n            <li\n                >VinCE Magazin Nagy Olaszrizling teszt \u2013 1. place<\/li>\n            <li\n                >Syngenta Borverseny - gold<\/li>\n            <li\n                >Aranyt\u0151ke Nemzetk\u00f6zi Olaszrizling Borszemle \u2013 gold<\/li>\n            <li\n                >Gy\u00f6ngy\u00f6si Hegyk\u00f6zs\u00e9gi Borverseny 2018 \u2013 gold<\/li>\n            <li\n                >19. Vinagora Nemzetk\u00f6zi Borverseny \u2013 silver<\/li>\n            <li\n                >XXVII.BASF Borverseny Nagyr\u00e9de 2018 - silver<\/li>\n    <\/ul><\/div><\/div><\/div><div id=\"pgc-7457-8-1\"  class=\"panel-grid-cell\" ><div id=\"panel-7457-8-1-0\" class=\"so-panel widget widget_ndm-paragraph panel-first-child\" data-index=\"16\" ><div\n\t\t\t\n\t\t\tclass=\"so-widget-ndm-paragraph so-widget-ndm-paragraph-default-d75171398898-7457\"\n\t\t\t\n\t\t><p class=\"text-left mb-0\"><p><strong>Olaszrizling \u2013\u00a0Year 2015:<\/strong><\/p>\n<\/p><\/div><\/div><div id=\"panel-7457-8-1-1\" class=\"so-panel widget widget_ndm-list panel-last-child\" data-index=\"17\" ><div\n\t\t\t\n\t\t\tclass=\"so-widget-ndm-list so-widget-ndm-list-default-d75171398898-7457\"\n\t\t\t\n\t\t><ul class=\"ndm-list\">        <li\n                >Vinagora Nemzetk\u00f6zi Borverseny 2016 - silver<\/li>\n            <li\n                >Semmelweis Egyetem Bora Orsz\u00e1gos Borverseny - gold<\/li>\n            <li\n                >Aranyt\u0151ke Nemzetk\u00f6zi Olaszrizling Borszemle \u2013 gold<\/li>\n    <\/ul><\/div><\/div><\/div><\/div><div id=\"pg-7457-9\"  class=\"panel-grid panel-no-style\" ><div id=\"pgc-7457-9-0\"  class=\"panel-grid-cell\" ><div id=\"panel-7457-9-0-0\" class=\"so-panel widget widget_ndm-paragraph panel-first-child\" data-index=\"18\" ><div\n\t\t\t\n\t\t\tclass=\"so-widget-ndm-paragraph so-widget-ndm-paragraph-default-d75171398898-7457\"\n\t\t\t\n\t\t><p class=\"text-left mb-0\"><p><strong>H\u00e1rslevel\u0171 \u2013\u00a0Year 2008:<\/strong><\/p>\n<\/p><\/div><\/div><div id=\"panel-7457-9-0-1\" class=\"so-panel widget widget_ndm-list panel-last-child\" data-index=\"19\" ><div\n\t\t\t\n\t\t\tclass=\"so-widget-ndm-list so-widget-ndm-list-default-d75171398898-7457\"\n\t\t\t\n\t\t><ul class=\"ndm-list\">        <li\n                >LES CITADELLES DU VIN (Franciaorsz\u00e1g, Bordeaux): CS\u00daCSBOR<\/li>\n            <li\n                >Vinitaly 2011 (Verona) : Diploma di Gran Menzione<\/li>\n            <li\n                >Prestige Reserve GRAND AWARD <\/li>\n            <li\n                >Les Citadelles du Vin 2011: Troph\u00e9e Excellence<\/li>\n            <li\n                >DECANTER WORLD WINE AWARDS 2011 (London): silver medal<\/li>\n            <li\n                >Decanter World Wine Awards 2010 (London): silver medal<\/li>\n            <li\n                >Vinalies Internationales 2011 (P\u00e1rizs, Franciaorsz\u00e1g): silver medal<\/li>\n            <li\n                >INTERNATIONAL WINE CHALLENGE 2011 (London): silver medal<\/li>\n    <\/ul><\/div><\/div><\/div><div id=\"pgc-7457-9-1\"  class=\"panel-grid-cell\" ><div id=\"panel-7457-9-1-0\" class=\"so-panel widget widget_ndm-list panel-first-child panel-last-child\" data-index=\"20\" ><div\n\t\t\t\n\t\t\tclass=\"so-widget-ndm-list so-widget-ndm-list-default-d75171398898-7457\"\n\t\t\t\n\t\t><ul class=\"ndm-list\">        <li\n                >IX. Orsz\u00e1gos Syngenta Borverseny - big gold<\/li>\n            <li\n                >A Nagyr\u00e9dei Hegyk\u00f6zs\u00e9g 2011. \u00e9vi borversenye: big gold<\/li>\n            <li\n                >XIV. M\u00e1trai Borvid\u00e9ki Borverseny \u2013 gold<\/li>\n            <li\n                >XVII. B\u00fckkaljai Borfesztiv\u00e1l \u00e9s Nemzetk\u00f6zi Borverseny: big gold<\/li>\n            <li\n                >VIII. Orsz\u00e1gos Syngenta Borverseny \u2013 gold<\/li>\n            <li\n                >VinCE 2010 ki\u00e1ll\u00edt\u00e1s szakmai szavaz\u00e1s\u00e1n 2. place<\/li>\n            <li\n                >Semmelweis Egyetem Borversenye - big gold - 2016<\/li>\n            <li\n                >VI. Bayer Borverseny: gold<\/li>\n            <li\n                >Egyh\u00e1zi \u00e9s Vil\u00e1gi Borok Versenye: gold<\/li>\n            <li\n                >A Magyar Tudom\u00e1nyos Akad\u00e9mia Bora 2010 : A Fels\u0151 kateg\u00f3ria Feh\u00e9rbora<\/li>\n    <\/ul><\/div><\/div><\/div><\/div><\/div>","protected":false},"excerpt":{"rendered":"<p>#sarhegy Sunshine in every grape.We call the Dubicz Winery\u2019s prestigious wines S\u00e1rhegy. Not by chance, as these excellent batches originate [&hellip;]<\/p>\n","protected":false},"author":3,"featured_media":0,"parent":0,"menu_order":20,"comment_status":"closed","ping_status":"closed","template":"fullwidth.php","meta":{"footnotes":""},"class_list":["post-7457","page","type-page","status-publish","hentry"],"yoast_head":"<!-- This site is optimized with the Yoast SEO plugin v27.3 - https:\/\/yoast.com\/product\/yoast-seo-wordpress\/ -->\n<title>S\u00e1rhegy-d\u0171l\u0151 &#8226; Dubicz Winery and Vineyard<\/title>\n<meta name=\"robots\" content=\"index, follow, max-snippet:-1, max-image-preview:large, max-video-preview:-1\" \/>\n<link rel=\"canonical\" href=\"https:\/\/dubicz.hu\/en\/sarhegy-dulo\/\" \/>\n<meta property=\"og:locale\" content=\"en_US\" \/>\n<meta property=\"og:type\" content=\"article\" \/>\n<meta property=\"og:title\" content=\"S\u00e1rhegy-d\u0171l\u0151 &#8226; Dubicz Winery and Vineyard\" \/>\n<meta property=\"og:description\" content=\"#sarhegy Sunshine in every grape.We call the Dubicz Winery\u2019s prestigious wines S\u00e1rhegy. Not by chance, as these excellent batches originate [&hellip;]\" \/>\n<meta property=\"og:url\" content=\"https:\/\/dubicz.hu\/en\/sarhegy-dulo\/\" \/>\n<meta property=\"og:site_name\" content=\"Dubicz Winery and Vineyard\" \/>\n<meta property=\"article:modified_time\" content=\"2022-03-07T13:07:32+00:00\" \/>\n<meta name=\"twitter:card\" content=\"summary_large_image\" \/>\n<meta name=\"twitter:label1\" content=\"Est. reading time\" \/>\n\t<meta name=\"twitter:data1\" content=\"1 minute\" \/>\n<script type=\"application\/ld+json\" class=\"yoast-schema-graph\">{\"@context\":\"https:\\\/\\\/schema.org\",\"@graph\":[{\"@type\":\"WebPage\",\"@id\":\"https:\\\/\\\/dubicz.hu\\\/en\\\/sarhegy-dulo\\\/\",\"url\":\"https:\\\/\\\/dubicz.hu\\\/en\\\/sarhegy-dulo\\\/\",\"name\":\"S\u00e1rhegy-d\u0171l\u0151 &#8226; Dubicz Winery and Vineyard\",\"isPartOf\":{\"@id\":\"https:\\\/\\\/dubicz.hu\\\/en\\\/#website\"},\"datePublished\":\"2021-08-16T16:04:50+00:00\",\"dateModified\":\"2022-03-07T13:07:32+00:00\",\"breadcrumb\":{\"@id\":\"https:\\\/\\\/dubicz.hu\\\/en\\\/sarhegy-dulo\\\/#breadcrumb\"},\"inLanguage\":\"en-US\",\"potentialAction\":[{\"@type\":\"ReadAction\",\"target\":[\"https:\\\/\\\/dubicz.hu\\\/en\\\/sarhegy-dulo\\\/\"]}]},{\"@type\":\"BreadcrumbList\",\"@id\":\"https:\\\/\\\/dubicz.hu\\\/en\\\/sarhegy-dulo\\\/#breadcrumb\",\"itemListElement\":[{\"@type\":\"ListItem\",\"position\":1,\"name\":\"Kezd\u0151lap\",\"item\":\"https:\\\/\\\/dubicz.hu\\\/en\\\/\"},{\"@type\":\"ListItem\",\"position\":2,\"name\":\"S\u00e1rhegy-d\u0171l\u0151\"}]},{\"@type\":\"WebSite\",\"@id\":\"https:\\\/\\\/dubicz.hu\\\/en\\\/#website\",\"url\":\"https:\\\/\\\/dubicz.hu\\\/en\\\/\",\"name\":\"Dubicz Winery and Vineyard\",\"description\":\"\",\"publisher\":{\"@id\":\"https:\\\/\\\/dubicz.hu\\\/en\\\/#organization\"},\"potentialAction\":[{\"@type\":\"SearchAction\",\"target\":{\"@type\":\"EntryPoint\",\"urlTemplate\":\"https:\\\/\\\/dubicz.hu\\\/en\\\/?s={search_term_string}\"},\"query-input\":{\"@type\":\"PropertyValueSpecification\",\"valueRequired\":true,\"valueName\":\"search_term_string\"}}],\"inLanguage\":\"en-US\"},{\"@type\":\"Organization\",\"@id\":\"https:\\\/\\\/dubicz.hu\\\/en\\\/#organization\",\"name\":\"Dubicz Bor\u00e1szat & Sz\u0151l\u0151birtok\",\"url\":\"https:\\\/\\\/dubicz.hu\\\/en\\\/\",\"logo\":{\"@type\":\"ImageObject\",\"inLanguage\":\"en-US\",\"@id\":\"https:\\\/\\\/dubicz.hu\\\/en\\\/#\\\/schema\\\/logo\\\/image\\\/\",\"url\":\"https:\\\/\\\/dubicz.hu\\\/en\\\/wp-content\\\/uploads\\\/2021\\\/09\\\/dubicz-logo.png\",\"contentUrl\":\"https:\\\/\\\/dubicz.hu\\\/en\\\/wp-content\\\/uploads\\\/2021\\\/09\\\/dubicz-logo.png\",\"width\":323,\"height\":245,\"caption\":\"Dubicz Bor\u00e1szat & Sz\u0151l\u0151birtok\"},\"image\":{\"@id\":\"https:\\\/\\\/dubicz.hu\\\/en\\\/#\\\/schema\\\/logo\\\/image\\\/\"}}]}<\/script>\n<!-- \/ Yoast SEO plugin. -->","yoast_head_json":{"title":"S\u00e1rhegy-d\u0171l\u0151 &#8226; Dubicz Winery and Vineyard","robots":{"index":"index","follow":"follow","max-snippet":"max-snippet:-1","max-image-preview":"max-image-preview:large","max-video-preview":"max-video-preview:-1"},"canonical":"https:\/\/dubicz.hu\/en\/sarhegy-dulo\/","og_locale":"en_US","og_type":"article","og_title":"S\u00e1rhegy-d\u0171l\u0151 &#8226; Dubicz Winery and Vineyard","og_description":"#sarhegy Sunshine in every grape.We call the Dubicz Winery\u2019s prestigious wines S\u00e1rhegy. Not by chance, as these excellent batches originate [&hellip;]","og_url":"https:\/\/dubicz.hu\/en\/sarhegy-dulo\/","og_site_name":"Dubicz Winery and Vineyard","article_modified_time":"2022-03-07T13:07:32+00:00","twitter_card":"summary_large_image","twitter_misc":{"Est. reading time":"1 minute"},"schema":{"@context":"https:\/\/schema.org","@graph":[{"@type":"WebPage","@id":"https:\/\/dubicz.hu\/en\/sarhegy-dulo\/","url":"https:\/\/dubicz.hu\/en\/sarhegy-dulo\/","name":"S\u00e1rhegy-d\u0171l\u0151 &#8226; Dubicz Winery and Vineyard","isPartOf":{"@id":"https:\/\/dubicz.hu\/en\/#website"},"datePublished":"2021-08-16T16:04:50+00:00","dateModified":"2022-03-07T13:07:32+00:00","breadcrumb":{"@id":"https:\/\/dubicz.hu\/en\/sarhegy-dulo\/#breadcrumb"},"inLanguage":"en-US","potentialAction":[{"@type":"ReadAction","target":["https:\/\/dubicz.hu\/en\/sarhegy-dulo\/"]}]},{"@type":"BreadcrumbList","@id":"https:\/\/dubicz.hu\/en\/sarhegy-dulo\/#breadcrumb","itemListElement":[{"@type":"ListItem","position":1,"name":"Kezd\u0151lap","item":"https:\/\/dubicz.hu\/en\/"},{"@type":"ListItem","position":2,"name":"S\u00e1rhegy-d\u0171l\u0151"}]},{"@type":"WebSite","@id":"https:\/\/dubicz.hu\/en\/#website","url":"https:\/\/dubicz.hu\/en\/","name":"Dubicz Winery and Vineyard","description":"","publisher":{"@id":"https:\/\/dubicz.hu\/en\/#organization"},"potentialAction":[{"@type":"SearchAction","target":{"@type":"EntryPoint","urlTemplate":"https:\/\/dubicz.hu\/en\/?s={search_term_string}"},"query-input":{"@type":"PropertyValueSpecification","valueRequired":true,"valueName":"search_term_string"}}],"inLanguage":"en-US"},{"@type":"Organization","@id":"https:\/\/dubicz.hu\/en\/#organization","name":"Dubicz Bor\u00e1szat & Sz\u0151l\u0151birtok","url":"https:\/\/dubicz.hu\/en\/","logo":{"@type":"ImageObject","inLanguage":"en-US","@id":"https:\/\/dubicz.hu\/en\/#\/schema\/logo\/image\/","url":"https:\/\/dubicz.hu\/en\/wp-content\/uploads\/2021\/09\/dubicz-logo.png","contentUrl":"https:\/\/dubicz.hu\/en\/wp-content\/uploads\/2021\/09\/dubicz-logo.png","width":323,"height":245,"caption":"Dubicz Bor\u00e1szat & Sz\u0151l\u0151birtok"},"image":{"@id":"https:\/\/dubicz.hu\/en\/#\/schema\/logo\/image\/"}}]}},"_links":{"self":[{"href":"https:\/\/dubicz.hu\/en\/wp-json\/wp\/v2\/pages\/7457","targetHints":{"allow":["GET"]}}],"collection":[{"href":"https:\/\/dubicz.hu\/en\/wp-json\/wp\/v2\/pages"}],"about":[{"href":"https:\/\/dubicz.hu\/en\/wp-json\/wp\/v2\/types\/page"}],"author":[{"embeddable":true,"href":"https:\/\/dubicz.hu\/en\/wp-json\/wp\/v2\/users\/3"}],"replies":[{"embeddable":true,"href":"https:\/\/dubicz.hu\/en\/wp-json\/wp\/v2\/comments?post=7457"}],"version-history":[{"count":3,"href":"https:\/\/dubicz.hu\/en\/wp-json\/wp\/v2\/pages\/7457\/revisions"}],"predecessor-version":[{"id":8601,"href":"https:\/\/dubicz.hu\/en\/wp-json\/wp\/v2\/pages\/7457\/revisions\/8601"}],"wp:attachment":[{"href":"https:\/\/dubicz.hu\/en\/wp-json\/wp\/v2\/media?parent=7457"}],"curies":[{"name":"wp","href":"https:\/\/api.w.org\/{rel}","templated":true}]}}