{"id":120,"date":"2021-07-19T10:00:25","date_gmt":"2021-07-19T08:00:25","guid":{"rendered":"https:\/\/dubicz.hu\/en\/?post_type=product&#038;p=120"},"modified":"2025-10-06T14:15:35","modified_gmt":"2025-10-06T12:15:35","slug":"muscat-ottonel","status":"publish","type":"product","link":"https:\/\/dubicz.hu\/en\/wine\/muscat-ottonel\/","title":{"rendered":"Muscat Ottonel"},"content":{"rendered":"<div id=\"pl-120\"  class=\"panel-layout\" ><div id=\"pg-120-0\"  class=\"panel-grid panel-no-style\" ><div id=\"pgc-120-0-0\"  class=\"panel-grid-cell\" ><div id=\"panel-120-0-0-0\" class=\"so-panel widget widget_ndm-product-meta panel-first-child panel-last-child\" data-index=\"0\" ><div\n\t\t\t\n\t\t\tclass=\"so-widget-ndm-product-meta so-widget-ndm-product-meta-default-d75171398898-120\"\n\t\t\t\n\t\t><ul class=\"ndm-product-meta\">\r\n\r\n\t\t\t<li class=\"mb-2\">\r\n\t\t\t\t<div class=\"ndm-product-meta-icon mr-3\">\r\n\t\t\t\t\t<img decoding=\"async\" src=\"https:\/\/dubicz.hu\/en\/wp-content\/themes\/dubicz\/img\/dubicz-ikon.svg\" alt=\"Life pairing\">\r\n\t\t\t\t<\/div>\r\n\t\t\t\t<div class=\"ndm-product-meta-content\">\r\n\t\t\t\t\t<h6 class=\"themecolor mb-0\">Life pairing<\/h6>\r\n\t\t\t\t\t<p class=\"mb-0\">When you listen to that song for the 100th time<\/p>\r\n\t\t\t\t<\/div>\r\n\t\t\t<\/li>\r\n\t\t\t\t\t<li class=\"mb-2\">\r\n\t\t\t\t<div class=\"ndm-product-meta-icon mr-3\">\r\n\t\t\t\t\t<img decoding=\"async\" src=\"https:\/\/dubicz.hu\/en\/wp-content\/themes\/dubicz\/img\/alkohol-ikon.svg\" alt=\"Alcohol\">\r\n\t\t\t\t<\/div>\r\n\t\t\t\t<div class=\"ndm-product-meta-content\">\r\n\t\t\t\t\t<h6 class=\"mb-0\">Alcohol<\/h6>\r\n\t\t\t\t\t<p class=\"mb-0\">12%<\/p>\r\n\t\t\t\t<\/div>\r\n\t\t\t<\/li>\r\n\t\t\t\t\t<li class=\"mb-2\">\r\n\t\t\t\t<div class=\"ndm-product-meta-icon mr-3\">\r\n\t\t\t\t\t<img decoding=\"async\" src=\"https:\/\/dubicz.hu\/en\/wp-content\/themes\/dubicz\/img\/borkeszites-ikon.svg\" alt=\"Wine Making\">\r\n\t\t\t\t<\/div>\r\n\t\t\t\t<div class=\"ndm-product-meta-content\">\r\n\t\t\t\t\t<h6 class=\"mb-0\">Wine Making<\/h6>\r\n\t\t\t\t\t<p class=\"mb-0\">reductive<\/p>\r\n\t\t\t\t<\/div>\r\n\t\t\t<\/li>\r\n\t\t\t\t\t<li class=\"mb-2\">\r\n\t\t\t\t<div class=\"ndm-product-meta-icon mr-3\">\r\n\t\t\t\t\t<img decoding=\"async\" src=\"https:\/\/dubicz.hu\/en\/wp-content\/themes\/dubicz\/img\/szervirozas-ikon.svg\" alt=\"Food pairing\">\r\n\t\t\t\t<\/div>\r\n\t\t\t\t<div class=\"ndm-product-meta-content\">\r\n\t\t\t\t\t<h6 class=\"mb-0\">Food pairing<\/h6>\r\n\t\t\t\t\t<p class=\"mb-0\">poultry, fruit salads<\/p>\r\n\t\t\t\t<\/div>\r\n\t\t\t<\/li>\r\n\t\t\r\n<\/ul><\/div><\/div><\/div><\/div><\/div>","protected":false},"excerpt":{"rendered":"<p>Wine flower and tea rose spoil our nose in its scent. The acids counterpoint the residual sugar and make drinking to a revitalizing experience, presenting exotic fruits and fragrant flowers. We recommend this wine to salads made of tropical fruits as well as cakes, or simply for accompanying girls\u2019 chattering in summer.<\/p>\n","protected":false},"featured_media":8721,"template":"","meta":[],"product_brand":[],"product_cat":[17],"product_tag":[],"class_list":{"0":"post-120","1":"product","2":"type-product","3":"status-publish","4":"has-post-thumbnail","6":"product_cat-matra","8":"first","9":"instock","10":"shipping-taxable","11":"purchasable","12":"product-type-simple"},"yoast_head":"<!-- This site is optimized with the Yoast SEO plugin v27.3 - https:\/\/yoast.com\/product\/yoast-seo-wordpress\/ -->\n<title>Muscat Ottonel &#8226; Dubicz Winery and Vineyard<\/title>\n<meta name=\"robots\" content=\"index, follow, max-snippet:-1, max-image-preview:large, max-video-preview:-1\" \/>\n<link rel=\"canonical\" href=\"https:\/\/dubicz.hu\/en\/wine\/muscat-ottonel\/\" \/>\n<meta property=\"og:locale\" content=\"en_US\" \/>\n<meta property=\"og:type\" content=\"article\" \/>\n<meta property=\"og:title\" content=\"Muscat Ottonel &#8226; Dubicz Winery and Vineyard\" \/>\n<meta property=\"og:description\" content=\"Wine flower and tea rose spoil our nose in its scent. The acids counterpoint the residual sugar and make drinking to a revitalizing experience, presenting exotic fruits and fragrant flowers. We recommend this wine to salads made of tropical fruits as well as cakes, or simply for accompanying girls\u2019 chattering in summer.\" \/>\n<meta property=\"og:url\" content=\"https:\/\/dubicz.hu\/en\/wine\/muscat-ottonel\/\" \/>\n<meta property=\"og:site_name\" content=\"Dubicz Winery and Vineyard\" \/>\n<meta property=\"article:modified_time\" content=\"2025-10-06T12:15:35+00:00\" \/>\n<meta property=\"og:image\" content=\"https:\/\/dubicz.hu\/en\/wp-content\/uploads\/2021\/07\/Palack-fotok-png-webre-muscat.png\" \/>\n\t<meta property=\"og:image:width\" content=\"580\" \/>\n\t<meta property=\"og:image:height\" content=\"800\" \/>\n\t<meta property=\"og:image:type\" content=\"image\/png\" \/>\n<meta name=\"twitter:card\" content=\"summary_large_image\" \/>\n<meta name=\"twitter:label1\" content=\"Est. reading time\" \/>\n\t<meta name=\"twitter:data1\" content=\"2 minutes\" \/>\n<script type=\"application\/ld+json\" class=\"yoast-schema-graph\">{\"@context\":\"https:\\\/\\\/schema.org\",\"@graph\":[{\"@type\":\"WebPage\",\"@id\":\"https:\\\/\\\/dubicz.hu\\\/en\\\/wine\\\/muscat-ottonel\\\/\",\"url\":\"https:\\\/\\\/dubicz.hu\\\/en\\\/wine\\\/muscat-ottonel\\\/\",\"name\":\"Muscat Ottonel &#8226; Dubicz Winery and Vineyard\",\"isPartOf\":{\"@id\":\"https:\\\/\\\/dubicz.hu\\\/en\\\/#website\"},\"primaryImageOfPage\":{\"@id\":\"https:\\\/\\\/dubicz.hu\\\/en\\\/wine\\\/muscat-ottonel\\\/#primaryimage\"},\"image\":{\"@id\":\"https:\\\/\\\/dubicz.hu\\\/en\\\/wine\\\/muscat-ottonel\\\/#primaryimage\"},\"thumbnailUrl\":\"https:\\\/\\\/dubicz.hu\\\/en\\\/wp-content\\\/uploads\\\/2021\\\/07\\\/Palack-fotok-png-webre-muscat.png\",\"datePublished\":\"2021-07-19T08:00:25+00:00\",\"dateModified\":\"2025-10-06T12:15:35+00:00\",\"breadcrumb\":{\"@id\":\"https:\\\/\\\/dubicz.hu\\\/en\\\/wine\\\/muscat-ottonel\\\/#breadcrumb\"},\"inLanguage\":\"en-US\",\"potentialAction\":[{\"@type\":\"ReadAction\",\"target\":[\"https:\\\/\\\/dubicz.hu\\\/en\\\/wine\\\/muscat-ottonel\\\/\"]}]},{\"@type\":\"ImageObject\",\"inLanguage\":\"en-US\",\"@id\":\"https:\\\/\\\/dubicz.hu\\\/en\\\/wine\\\/muscat-ottonel\\\/#primaryimage\",\"url\":\"https:\\\/\\\/dubicz.hu\\\/en\\\/wp-content\\\/uploads\\\/2021\\\/07\\\/Palack-fotok-png-webre-muscat.png\",\"contentUrl\":\"https:\\\/\\\/dubicz.hu\\\/en\\\/wp-content\\\/uploads\\\/2021\\\/07\\\/Palack-fotok-png-webre-muscat.png\",\"width\":580,\"height\":800},{\"@type\":\"BreadcrumbList\",\"@id\":\"https:\\\/\\\/dubicz.hu\\\/en\\\/wine\\\/muscat-ottonel\\\/#breadcrumb\",\"itemListElement\":[{\"@type\":\"ListItem\",\"position\":1,\"name\":\"Kezd\u0151lap\",\"item\":\"https:\\\/\\\/dubicz.hu\\\/en\\\/\"},{\"@type\":\"ListItem\",\"position\":2,\"name\":\"Wines\",\"item\":\"https:\\\/\\\/dubicz.hu\\\/en\\\/wines\\\/\"},{\"@type\":\"ListItem\",\"position\":3,\"name\":\"Muscat Ottonel\"}]},{\"@type\":\"WebSite\",\"@id\":\"https:\\\/\\\/dubicz.hu\\\/en\\\/#website\",\"url\":\"https:\\\/\\\/dubicz.hu\\\/en\\\/\",\"name\":\"Dubicz Winery and Vineyard\",\"description\":\"\",\"publisher\":{\"@id\":\"https:\\\/\\\/dubicz.hu\\\/en\\\/#organization\"},\"potentialAction\":[{\"@type\":\"SearchAction\",\"target\":{\"@type\":\"EntryPoint\",\"urlTemplate\":\"https:\\\/\\\/dubicz.hu\\\/en\\\/?s={search_term_string}\"},\"query-input\":{\"@type\":\"PropertyValueSpecification\",\"valueRequired\":true,\"valueName\":\"search_term_string\"}}],\"inLanguage\":\"en-US\"},{\"@type\":\"Organization\",\"@id\":\"https:\\\/\\\/dubicz.hu\\\/en\\\/#organization\",\"name\":\"Dubicz Bor\u00e1szat & Sz\u0151l\u0151birtok\",\"url\":\"https:\\\/\\\/dubicz.hu\\\/en\\\/\",\"logo\":{\"@type\":\"ImageObject\",\"inLanguage\":\"en-US\",\"@id\":\"https:\\\/\\\/dubicz.hu\\\/en\\\/#\\\/schema\\\/logo\\\/image\\\/\",\"url\":\"https:\\\/\\\/dubicz.hu\\\/en\\\/wp-content\\\/uploads\\\/2021\\\/09\\\/dubicz-logo.png\",\"contentUrl\":\"https:\\\/\\\/dubicz.hu\\\/en\\\/wp-content\\\/uploads\\\/2021\\\/09\\\/dubicz-logo.png\",\"width\":323,\"height\":245,\"caption\":\"Dubicz Bor\u00e1szat & Sz\u0151l\u0151birtok\"},\"image\":{\"@id\":\"https:\\\/\\\/dubicz.hu\\\/en\\\/#\\\/schema\\\/logo\\\/image\\\/\"}}]}<\/script>\n<!-- \/ Yoast SEO plugin. -->","yoast_head_json":{"title":"Muscat Ottonel &#8226; Dubicz Winery and Vineyard","robots":{"index":"index","follow":"follow","max-snippet":"max-snippet:-1","max-image-preview":"max-image-preview:large","max-video-preview":"max-video-preview:-1"},"canonical":"https:\/\/dubicz.hu\/en\/wine\/muscat-ottonel\/","og_locale":"en_US","og_type":"article","og_title":"Muscat Ottonel &#8226; Dubicz Winery and Vineyard","og_description":"Wine flower and tea rose spoil our nose in its scent. The acids counterpoint the residual sugar and make drinking to a revitalizing experience, presenting exotic fruits and fragrant flowers. We recommend this wine to salads made of tropical fruits as well as cakes, or simply for accompanying girls\u2019 chattering in summer.","og_url":"https:\/\/dubicz.hu\/en\/wine\/muscat-ottonel\/","og_site_name":"Dubicz Winery and Vineyard","article_modified_time":"2025-10-06T12:15:35+00:00","og_image":[{"width":580,"height":800,"url":"https:\/\/dubicz.hu\/en\/wp-content\/uploads\/2021\/07\/Palack-fotok-png-webre-muscat.png","type":"image\/png"}],"twitter_card":"summary_large_image","twitter_misc":{"Est. reading time":"2 minutes"},"schema":{"@context":"https:\/\/schema.org","@graph":[{"@type":"WebPage","@id":"https:\/\/dubicz.hu\/en\/wine\/muscat-ottonel\/","url":"https:\/\/dubicz.hu\/en\/wine\/muscat-ottonel\/","name":"Muscat Ottonel &#8226; Dubicz Winery and Vineyard","isPartOf":{"@id":"https:\/\/dubicz.hu\/en\/#website"},"primaryImageOfPage":{"@id":"https:\/\/dubicz.hu\/en\/wine\/muscat-ottonel\/#primaryimage"},"image":{"@id":"https:\/\/dubicz.hu\/en\/wine\/muscat-ottonel\/#primaryimage"},"thumbnailUrl":"https:\/\/dubicz.hu\/en\/wp-content\/uploads\/2021\/07\/Palack-fotok-png-webre-muscat.png","datePublished":"2021-07-19T08:00:25+00:00","dateModified":"2025-10-06T12:15:35+00:00","breadcrumb":{"@id":"https:\/\/dubicz.hu\/en\/wine\/muscat-ottonel\/#breadcrumb"},"inLanguage":"en-US","potentialAction":[{"@type":"ReadAction","target":["https:\/\/dubicz.hu\/en\/wine\/muscat-ottonel\/"]}]},{"@type":"ImageObject","inLanguage":"en-US","@id":"https:\/\/dubicz.hu\/en\/wine\/muscat-ottonel\/#primaryimage","url":"https:\/\/dubicz.hu\/en\/wp-content\/uploads\/2021\/07\/Palack-fotok-png-webre-muscat.png","contentUrl":"https:\/\/dubicz.hu\/en\/wp-content\/uploads\/2021\/07\/Palack-fotok-png-webre-muscat.png","width":580,"height":800},{"@type":"BreadcrumbList","@id":"https:\/\/dubicz.hu\/en\/wine\/muscat-ottonel\/#breadcrumb","itemListElement":[{"@type":"ListItem","position":1,"name":"Kezd\u0151lap","item":"https:\/\/dubicz.hu\/en\/"},{"@type":"ListItem","position":2,"name":"Wines","item":"https:\/\/dubicz.hu\/en\/wines\/"},{"@type":"ListItem","position":3,"name":"Muscat Ottonel"}]},{"@type":"WebSite","@id":"https:\/\/dubicz.hu\/en\/#website","url":"https:\/\/dubicz.hu\/en\/","name":"Dubicz Winery and Vineyard","description":"","publisher":{"@id":"https:\/\/dubicz.hu\/en\/#organization"},"potentialAction":[{"@type":"SearchAction","target":{"@type":"EntryPoint","urlTemplate":"https:\/\/dubicz.hu\/en\/?s={search_term_string}"},"query-input":{"@type":"PropertyValueSpecification","valueRequired":true,"valueName":"search_term_string"}}],"inLanguage":"en-US"},{"@type":"Organization","@id":"https:\/\/dubicz.hu\/en\/#organization","name":"Dubicz Bor\u00e1szat & Sz\u0151l\u0151birtok","url":"https:\/\/dubicz.hu\/en\/","logo":{"@type":"ImageObject","inLanguage":"en-US","@id":"https:\/\/dubicz.hu\/en\/#\/schema\/logo\/image\/","url":"https:\/\/dubicz.hu\/en\/wp-content\/uploads\/2021\/09\/dubicz-logo.png","contentUrl":"https:\/\/dubicz.hu\/en\/wp-content\/uploads\/2021\/09\/dubicz-logo.png","width":323,"height":245,"caption":"Dubicz Bor\u00e1szat & Sz\u0151l\u0151birtok"},"image":{"@id":"https:\/\/dubicz.hu\/en\/#\/schema\/logo\/image\/"}}]}},"_links":{"self":[{"href":"https:\/\/dubicz.hu\/en\/wp-json\/wp\/v2\/product\/120","targetHints":{"allow":["GET"]}}],"collection":[{"href":"https:\/\/dubicz.hu\/en\/wp-json\/wp\/v2\/product"}],"about":[{"href":"https:\/\/dubicz.hu\/en\/wp-json\/wp\/v2\/types\/product"}],"wp:featuredmedia":[{"embeddable":true,"href":"https:\/\/dubicz.hu\/en\/wp-json\/wp\/v2\/media\/8721"}],"wp:attachment":[{"href":"https:\/\/dubicz.hu\/en\/wp-json\/wp\/v2\/media?parent=120"}],"wp:term":[{"taxonomy":"product_brand","embeddable":true,"href":"https:\/\/dubicz.hu\/en\/wp-json\/wp\/v2\/product_brand?post=120"},{"taxonomy":"product_cat","embeddable":true,"href":"https:\/\/dubicz.hu\/en\/wp-json\/wp\/v2\/product_cat?post=120"},{"taxonomy":"product_tag","embeddable":true,"href":"https:\/\/dubicz.hu\/en\/wp-json\/wp\/v2\/product_tag?post=120"}],"curies":[{"name":"wp","href":"https:\/\/api.w.org\/{rel}","templated":true}]}}