{"id":7712,"date":"2021-09-06T17:55:45","date_gmt":"2021-09-06T15:55:45","guid":{"rendered":"https:\/\/dubicz.hu\/en\/?post_type=product&#038;p=7712"},"modified":"2025-10-06T14:32:00","modified_gmt":"2025-10-06T12:32:00","slug":"sarhegy-kekfrankos","status":"publish","type":"product","link":"https:\/\/dubicz.hu\/en\/wine\/sarhegy-kekfrankos\/","title":{"rendered":"S\u00e1rhegy K\u00e9kfrankos"},"content":{"rendered":"<div id=\"pl-7712\"  class=\"panel-layout\" ><div id=\"pg-7712-0\"  class=\"panel-grid panel-no-style\" ><div id=\"pgc-7712-0-0\"  class=\"panel-grid-cell\" ><div id=\"panel-7712-0-0-0\" class=\"so-panel widget widget_ndm-product-meta panel-first-child panel-last-child\" data-index=\"0\" ><div\n\t\t\t\n\t\t\tclass=\"so-widget-ndm-product-meta so-widget-ndm-product-meta-default-d75171398898-7712\"\n\t\t\t\n\t\t><ul class=\"ndm-product-meta\">\r\n\r\n\t\t\t<li class=\"mb-2\">\r\n\t\t\t\t<div class=\"ndm-product-meta-icon mr-3\">\r\n\t\t\t\t\t<img decoding=\"async\" src=\"https:\/\/dubicz.hu\/en\/wp-content\/themes\/dubicz\/img\/dubicz-ikon.svg\" alt=\"Life pairing\">\r\n\t\t\t\t<\/div>\r\n\t\t\t\t<div class=\"ndm-product-meta-content\">\r\n\t\t\t\t\t<h6 class=\"themecolor mb-0\">Life pairing<\/h6>\r\n\t\t\t\t\t<p class=\"mb-0\">When all good<\/p>\r\n\t\t\t\t<\/div>\r\n\t\t\t<\/li>\r\n\t\t\t\t\t<li class=\"mb-2\">\r\n\t\t\t\t<div class=\"ndm-product-meta-icon mr-3\">\r\n\t\t\t\t\t<img decoding=\"async\" src=\"https:\/\/dubicz.hu\/en\/wp-content\/themes\/dubicz\/img\/alkohol-ikon.svg\" alt=\"Alcohol\">\r\n\t\t\t\t<\/div>\r\n\t\t\t\t<div class=\"ndm-product-meta-content\">\r\n\t\t\t\t\t<h6 class=\"mb-0\">Alcohol<\/h6>\r\n\t\t\t\t\t<p class=\"mb-0\">13.5%<\/p>\r\n\t\t\t\t<\/div>\r\n\t\t\t<\/li>\r\n\t\t\t\t\t<li class=\"mb-2\">\r\n\t\t\t\t<div class=\"ndm-product-meta-icon mr-3\">\r\n\t\t\t\t\t<img decoding=\"async\" src=\"https:\/\/dubicz.hu\/en\/wp-content\/themes\/dubicz\/img\/termohely-ikon.svg\" alt=\"Term\u0151hely\">\r\n\t\t\t\t<\/div>\r\n\t\t\t\t<div class=\"ndm-product-meta-content\">\r\n\t\t\t\t\t<h6 class=\"mb-0\">Term\u0151hely<\/h6>\r\n\t\t\t\t\t<p class=\"mb-0\">S\u00e1rhegy<\/p>\r\n\t\t\t\t<\/div>\r\n\t\t\t<\/li>\r\n\t\t\t\t\t<li class=\"mb-2\">\r\n\t\t\t\t<div class=\"ndm-product-meta-icon mr-3\">\r\n\t\t\t\t\t<img decoding=\"async\" src=\"https:\/\/dubicz.hu\/en\/wp-content\/themes\/dubicz\/img\/borkeszites-ikon.svg\" alt=\"Wine Making\">\r\n\t\t\t\t<\/div>\r\n\t\t\t\t<div class=\"ndm-product-meta-content\">\r\n\t\t\t\t\t<h6 class=\"mb-0\">Wine Making<\/h6>\r\n\t\t\t\t\t<p class=\"mb-0\">barrel process<\/p>\r\n\t\t\t\t<\/div>\r\n\t\t\t<\/li>\r\n\t\t\t\t\t<li class=\"mb-2\">\r\n\t\t\t\t<div class=\"ndm-product-meta-icon mr-3\">\r\n\t\t\t\t\t<img decoding=\"async\" src=\"https:\/\/dubicz.hu\/en\/wp-content\/themes\/dubicz\/img\/szervirozas-ikon.svg\" alt=\"Food pairing\">\r\n\t\t\t\t<\/div>\r\n\t\t\t\t<div class=\"ndm-product-meta-content\">\r\n\t\t\t\t\t<h6 class=\"mb-0\">Food pairing<\/h6>\r\n\t\t\t\t\t<p class=\"mb-0\">pork and beef, game<\/p>\r\n\t\t\t\t<\/div>\r\n\t\t\t<\/li>\r\n\t\t\r\n<\/ul><\/div><\/div><\/div><\/div><\/div>","protected":false},"excerpt":{"rendered":"<p>Vineyard-selected, premium item. Our S\u00e1rhegy K\u00e9kfrankos is one of the most excellent wines of the region with the dominated vanilla, blackberries and intense dark chocolate, which is aged in oak barrels and velvety characteristic. Recommended to red meats, desserts and some kind of cheeses.<\/p>\n","protected":false},"featured_media":8742,"template":"","meta":[],"product_brand":[],"product_cat":[19],"product_tag":[],"class_list":{"0":"post-7712","1":"product","2":"type-product","3":"status-publish","4":"has-post-thumbnail","6":"product_cat-sarhegy","8":"first","9":"instock","10":"shipping-taxable","11":"purchasable","12":"product-type-simple"},"yoast_head":"<!-- This site is optimized with the Yoast SEO plugin v27.3 - https:\/\/yoast.com\/product\/yoast-seo-wordpress\/ -->\n<title>S\u00e1rhegy K\u00e9kfrankos &#8226; Dubicz Winery and Vineyard<\/title>\n<meta name=\"robots\" content=\"index, follow, max-snippet:-1, max-image-preview:large, max-video-preview:-1\" \/>\n<link rel=\"canonical\" href=\"https:\/\/dubicz.hu\/en\/wine\/sarhegy-kekfrankos\/\" \/>\n<meta property=\"og:locale\" content=\"en_US\" \/>\n<meta property=\"og:type\" content=\"article\" \/>\n<meta property=\"og:title\" content=\"S\u00e1rhegy K\u00e9kfrankos &#8226; Dubicz Winery and Vineyard\" \/>\n<meta property=\"og:description\" content=\"Vineyard-selected, premium item. Our S\u00e1rhegy K\u00e9kfrankos is one of the most excellent wines of the region with the dominated vanilla, blackberries and intense dark chocolate, which is aged in oak barrels and velvety characteristic. Recommended to red meats, desserts and some kind of cheeses.\" \/>\n<meta property=\"og:url\" content=\"https:\/\/dubicz.hu\/en\/wine\/sarhegy-kekfrankos\/\" \/>\n<meta property=\"og:site_name\" content=\"Dubicz Winery and Vineyard\" \/>\n<meta property=\"article:modified_time\" content=\"2025-10-06T12:32:00+00:00\" \/>\n<meta property=\"og:image\" content=\"https:\/\/dubicz.hu\/en\/wp-content\/uploads\/2021\/09\/Palack-fotok-png-webre-sarhegy-kekfrankos.png\" \/>\n\t<meta property=\"og:image:width\" content=\"580\" \/>\n\t<meta property=\"og:image:height\" content=\"800\" \/>\n\t<meta property=\"og:image:type\" content=\"image\/png\" \/>\n<meta name=\"twitter:card\" content=\"summary_large_image\" \/>\n<meta name=\"twitter:label1\" content=\"Est. reading time\" \/>\n\t<meta name=\"twitter:data1\" content=\"2 minutes\" \/>\n<script type=\"application\/ld+json\" class=\"yoast-schema-graph\">{\"@context\":\"https:\\\/\\\/schema.org\",\"@graph\":[{\"@type\":\"WebPage\",\"@id\":\"https:\\\/\\\/dubicz.hu\\\/en\\\/wine\\\/sarhegy-kekfrankos\\\/\",\"url\":\"https:\\\/\\\/dubicz.hu\\\/en\\\/wine\\\/sarhegy-kekfrankos\\\/\",\"name\":\"S\u00e1rhegy K\u00e9kfrankos &#8226; Dubicz Winery and Vineyard\",\"isPartOf\":{\"@id\":\"https:\\\/\\\/dubicz.hu\\\/en\\\/#website\"},\"primaryImageOfPage\":{\"@id\":\"https:\\\/\\\/dubicz.hu\\\/en\\\/wine\\\/sarhegy-kekfrankos\\\/#primaryimage\"},\"image\":{\"@id\":\"https:\\\/\\\/dubicz.hu\\\/en\\\/wine\\\/sarhegy-kekfrankos\\\/#primaryimage\"},\"thumbnailUrl\":\"https:\\\/\\\/dubicz.hu\\\/en\\\/wp-content\\\/uploads\\\/2021\\\/09\\\/Palack-fotok-png-webre-sarhegy-kekfrankos.png\",\"datePublished\":\"2021-09-06T15:55:45+00:00\",\"dateModified\":\"2025-10-06T12:32:00+00:00\",\"breadcrumb\":{\"@id\":\"https:\\\/\\\/dubicz.hu\\\/en\\\/wine\\\/sarhegy-kekfrankos\\\/#breadcrumb\"},\"inLanguage\":\"en-US\",\"potentialAction\":[{\"@type\":\"ReadAction\",\"target\":[\"https:\\\/\\\/dubicz.hu\\\/en\\\/wine\\\/sarhegy-kekfrankos\\\/\"]}]},{\"@type\":\"ImageObject\",\"inLanguage\":\"en-US\",\"@id\":\"https:\\\/\\\/dubicz.hu\\\/en\\\/wine\\\/sarhegy-kekfrankos\\\/#primaryimage\",\"url\":\"https:\\\/\\\/dubicz.hu\\\/en\\\/wp-content\\\/uploads\\\/2021\\\/09\\\/Palack-fotok-png-webre-sarhegy-kekfrankos.png\",\"contentUrl\":\"https:\\\/\\\/dubicz.hu\\\/en\\\/wp-content\\\/uploads\\\/2021\\\/09\\\/Palack-fotok-png-webre-sarhegy-kekfrankos.png\",\"width\":580,\"height\":800},{\"@type\":\"BreadcrumbList\",\"@id\":\"https:\\\/\\\/dubicz.hu\\\/en\\\/wine\\\/sarhegy-kekfrankos\\\/#breadcrumb\",\"itemListElement\":[{\"@type\":\"ListItem\",\"position\":1,\"name\":\"Kezd\u0151lap\",\"item\":\"https:\\\/\\\/dubicz.hu\\\/en\\\/\"},{\"@type\":\"ListItem\",\"position\":2,\"name\":\"Wines\",\"item\":\"https:\\\/\\\/dubicz.hu\\\/en\\\/wines\\\/\"},{\"@type\":\"ListItem\",\"position\":3,\"name\":\"S\u00e1rhegy K\u00e9kfrankos\"}]},{\"@type\":\"WebSite\",\"@id\":\"https:\\\/\\\/dubicz.hu\\\/en\\\/#website\",\"url\":\"https:\\\/\\\/dubicz.hu\\\/en\\\/\",\"name\":\"Dubicz Winery and Vineyard\",\"description\":\"\",\"publisher\":{\"@id\":\"https:\\\/\\\/dubicz.hu\\\/en\\\/#organization\"},\"potentialAction\":[{\"@type\":\"SearchAction\",\"target\":{\"@type\":\"EntryPoint\",\"urlTemplate\":\"https:\\\/\\\/dubicz.hu\\\/en\\\/?s={search_term_string}\"},\"query-input\":{\"@type\":\"PropertyValueSpecification\",\"valueRequired\":true,\"valueName\":\"search_term_string\"}}],\"inLanguage\":\"en-US\"},{\"@type\":\"Organization\",\"@id\":\"https:\\\/\\\/dubicz.hu\\\/en\\\/#organization\",\"name\":\"Dubicz Bor\u00e1szat & Sz\u0151l\u0151birtok\",\"url\":\"https:\\\/\\\/dubicz.hu\\\/en\\\/\",\"logo\":{\"@type\":\"ImageObject\",\"inLanguage\":\"en-US\",\"@id\":\"https:\\\/\\\/dubicz.hu\\\/en\\\/#\\\/schema\\\/logo\\\/image\\\/\",\"url\":\"https:\\\/\\\/dubicz.hu\\\/en\\\/wp-content\\\/uploads\\\/2021\\\/09\\\/dubicz-logo.png\",\"contentUrl\":\"https:\\\/\\\/dubicz.hu\\\/en\\\/wp-content\\\/uploads\\\/2021\\\/09\\\/dubicz-logo.png\",\"width\":323,\"height\":245,\"caption\":\"Dubicz Bor\u00e1szat & Sz\u0151l\u0151birtok\"},\"image\":{\"@id\":\"https:\\\/\\\/dubicz.hu\\\/en\\\/#\\\/schema\\\/logo\\\/image\\\/\"}}]}<\/script>\n<!-- \/ Yoast SEO plugin. -->","yoast_head_json":{"title":"S\u00e1rhegy K\u00e9kfrankos &#8226; Dubicz Winery and Vineyard","robots":{"index":"index","follow":"follow","max-snippet":"max-snippet:-1","max-image-preview":"max-image-preview:large","max-video-preview":"max-video-preview:-1"},"canonical":"https:\/\/dubicz.hu\/en\/wine\/sarhegy-kekfrankos\/","og_locale":"en_US","og_type":"article","og_title":"S\u00e1rhegy K\u00e9kfrankos &#8226; Dubicz Winery and Vineyard","og_description":"Vineyard-selected, premium item. Our S\u00e1rhegy K\u00e9kfrankos is one of the most excellent wines of the region with the dominated vanilla, blackberries and intense dark chocolate, which is aged in oak barrels and velvety characteristic. Recommended to red meats, desserts and some kind of cheeses.","og_url":"https:\/\/dubicz.hu\/en\/wine\/sarhegy-kekfrankos\/","og_site_name":"Dubicz Winery and Vineyard","article_modified_time":"2025-10-06T12:32:00+00:00","og_image":[{"width":580,"height":800,"url":"https:\/\/dubicz.hu\/en\/wp-content\/uploads\/2021\/09\/Palack-fotok-png-webre-sarhegy-kekfrankos.png","type":"image\/png"}],"twitter_card":"summary_large_image","twitter_misc":{"Est. reading time":"2 minutes"},"schema":{"@context":"https:\/\/schema.org","@graph":[{"@type":"WebPage","@id":"https:\/\/dubicz.hu\/en\/wine\/sarhegy-kekfrankos\/","url":"https:\/\/dubicz.hu\/en\/wine\/sarhegy-kekfrankos\/","name":"S\u00e1rhegy K\u00e9kfrankos &#8226; Dubicz Winery and Vineyard","isPartOf":{"@id":"https:\/\/dubicz.hu\/en\/#website"},"primaryImageOfPage":{"@id":"https:\/\/dubicz.hu\/en\/wine\/sarhegy-kekfrankos\/#primaryimage"},"image":{"@id":"https:\/\/dubicz.hu\/en\/wine\/sarhegy-kekfrankos\/#primaryimage"},"thumbnailUrl":"https:\/\/dubicz.hu\/en\/wp-content\/uploads\/2021\/09\/Palack-fotok-png-webre-sarhegy-kekfrankos.png","datePublished":"2021-09-06T15:55:45+00:00","dateModified":"2025-10-06T12:32:00+00:00","breadcrumb":{"@id":"https:\/\/dubicz.hu\/en\/wine\/sarhegy-kekfrankos\/#breadcrumb"},"inLanguage":"en-US","potentialAction":[{"@type":"ReadAction","target":["https:\/\/dubicz.hu\/en\/wine\/sarhegy-kekfrankos\/"]}]},{"@type":"ImageObject","inLanguage":"en-US","@id":"https:\/\/dubicz.hu\/en\/wine\/sarhegy-kekfrankos\/#primaryimage","url":"https:\/\/dubicz.hu\/en\/wp-content\/uploads\/2021\/09\/Palack-fotok-png-webre-sarhegy-kekfrankos.png","contentUrl":"https:\/\/dubicz.hu\/en\/wp-content\/uploads\/2021\/09\/Palack-fotok-png-webre-sarhegy-kekfrankos.png","width":580,"height":800},{"@type":"BreadcrumbList","@id":"https:\/\/dubicz.hu\/en\/wine\/sarhegy-kekfrankos\/#breadcrumb","itemListElement":[{"@type":"ListItem","position":1,"name":"Kezd\u0151lap","item":"https:\/\/dubicz.hu\/en\/"},{"@type":"ListItem","position":2,"name":"Wines","item":"https:\/\/dubicz.hu\/en\/wines\/"},{"@type":"ListItem","position":3,"name":"S\u00e1rhegy K\u00e9kfrankos"}]},{"@type":"WebSite","@id":"https:\/\/dubicz.hu\/en\/#website","url":"https:\/\/dubicz.hu\/en\/","name":"Dubicz Winery and Vineyard","description":"","publisher":{"@id":"https:\/\/dubicz.hu\/en\/#organization"},"potentialAction":[{"@type":"SearchAction","target":{"@type":"EntryPoint","urlTemplate":"https:\/\/dubicz.hu\/en\/?s={search_term_string}"},"query-input":{"@type":"PropertyValueSpecification","valueRequired":true,"valueName":"search_term_string"}}],"inLanguage":"en-US"},{"@type":"Organization","@id":"https:\/\/dubicz.hu\/en\/#organization","name":"Dubicz Bor\u00e1szat & Sz\u0151l\u0151birtok","url":"https:\/\/dubicz.hu\/en\/","logo":{"@type":"ImageObject","inLanguage":"en-US","@id":"https:\/\/dubicz.hu\/en\/#\/schema\/logo\/image\/","url":"https:\/\/dubicz.hu\/en\/wp-content\/uploads\/2021\/09\/dubicz-logo.png","contentUrl":"https:\/\/dubicz.hu\/en\/wp-content\/uploads\/2021\/09\/dubicz-logo.png","width":323,"height":245,"caption":"Dubicz Bor\u00e1szat & Sz\u0151l\u0151birtok"},"image":{"@id":"https:\/\/dubicz.hu\/en\/#\/schema\/logo\/image\/"}}]}},"_links":{"self":[{"href":"https:\/\/dubicz.hu\/en\/wp-json\/wp\/v2\/product\/7712","targetHints":{"allow":["GET"]}}],"collection":[{"href":"https:\/\/dubicz.hu\/en\/wp-json\/wp\/v2\/product"}],"about":[{"href":"https:\/\/dubicz.hu\/en\/wp-json\/wp\/v2\/types\/product"}],"wp:featuredmedia":[{"embeddable":true,"href":"https:\/\/dubicz.hu\/en\/wp-json\/wp\/v2\/media\/8742"}],"wp:attachment":[{"href":"https:\/\/dubicz.hu\/en\/wp-json\/wp\/v2\/media?parent=7712"}],"wp:term":[{"taxonomy":"product_brand","embeddable":true,"href":"https:\/\/dubicz.hu\/en\/wp-json\/wp\/v2\/product_brand?post=7712"},{"taxonomy":"product_cat","embeddable":true,"href":"https:\/\/dubicz.hu\/en\/wp-json\/wp\/v2\/product_cat?post=7712"},{"taxonomy":"product_tag","embeddable":true,"href":"https:\/\/dubicz.hu\/en\/wp-json\/wp\/v2\/product_tag?post=7712"}],"curies":[{"name":"wp","href":"https:\/\/api.w.org\/{rel}","templated":true}]}}