{"id":8750,"date":"2025-10-06T15:25:57","date_gmt":"2025-10-06T13:25:57","guid":{"rendered":"https:\/\/dubicz.hu\/en\/?post_type=product&#038;p=8750"},"modified":"2025-10-06T15:25:57","modified_gmt":"2025-10-06T13:25:57","slug":"virgoncz","status":"publish","type":"product","link":"https:\/\/dubicz.hu\/en\/wine\/virgoncz\/","title":{"rendered":"Virgoncz"},"content":{"rendered":"<div id=\"pl-8750\"  class=\"panel-layout\" ><div id=\"pg-8750-0\"  class=\"panel-grid panel-no-style\" ><div id=\"pgc-8750-0-0\"  class=\"panel-grid-cell\" ><div id=\"panel-8750-0-0-0\" class=\"so-panel widget widget_ndm-product-meta panel-first-child panel-last-child\" data-index=\"0\" ><div\n\t\t\t\n\t\t\tclass=\"so-widget-ndm-product-meta so-widget-ndm-product-meta-default-d75171398898-8750\"\n\t\t\t\n\t\t><ul class=\"ndm-product-meta\">\r\n\r\n\t\t\t<li class=\"mb-2\">\r\n\t\t\t\t<div class=\"ndm-product-meta-icon mr-3\">\r\n\t\t\t\t\t<img decoding=\"async\" src=\"https:\/\/dubicz.hu\/en\/wp-content\/themes\/dubicz\/img\/alkohol-ikon.svg\" alt=\"Alcohol\">\r\n\t\t\t\t<\/div>\r\n\t\t\t\t<div class=\"ndm-product-meta-content\">\r\n\t\t\t\t\t<h6 class=\"mb-0\">Alcohol<\/h6>\r\n\t\t\t\t\t<p class=\"mb-0\">12%<\/p>\r\n\t\t\t\t<\/div>\r\n\t\t\t<\/li>\r\n\t\t\t\t\t<li class=\"mb-2\">\r\n\t\t\t\t<div class=\"ndm-product-meta-icon mr-3\">\r\n\t\t\t\t\t<img decoding=\"async\" src=\"https:\/\/dubicz.hu\/en\/wp-content\/themes\/dubicz\/img\/borkeszites-ikon.svg\" alt=\"Wine Making\">\r\n\t\t\t\t<\/div>\r\n\t\t\t\t<div class=\"ndm-product-meta-content\">\r\n\t\t\t\t\t<h6 class=\"mb-0\">Wine Making<\/h6>\r\n\t\t\t\t\t<p class=\"mb-0\">reductive process<\/p>\r\n\t\t\t\t<\/div>\r\n\t\t\t<\/li>\r\n\t\t\t\t\t<li class=\"mb-2\">\r\n\t\t\t\t<div class=\"ndm-product-meta-icon mr-3\">\r\n\t\t\t\t\t<img decoding=\"async\" src=\"https:\/\/dubicz.hu\/en\/wp-content\/themes\/dubicz\/img\/szervirozas-ikon.svg\" alt=\"Food pairing\">\r\n\t\t\t\t<\/div>\r\n\t\t\t\t<div class=\"ndm-product-meta-content\">\r\n\t\t\t\t\t<h6 class=\"mb-0\">Food pairing<\/h6>\r\n\t\t\t\t\t<p class=\"mb-0\">poultry, fish, grilled dishes<\/p>\r\n\t\t\t\t<\/div>\r\n\t\t\t<\/li>\r\n\t\t\t\t\t<li class=\"mb-2\">\r\n\t\t\t\t<div class=\"ndm-product-meta-icon mr-3\">\r\n\t\t\t\t\t<img decoding=\"async\" src=\"https:\/\/dubicz.hu\/en\/wp-content\/themes\/dubicz\/img\/dijak-ikon.svg\" alt=\"Awards\">\r\n\t\t\t\t<\/div>\r\n\t\t\t\t<div class=\"ndm-product-meta-content\">\r\n\t\t\t\t\t<h6 class=\"mb-0\">Awards<\/h6>\r\n\t\t\t\t\t<p class=\"mb-0\">Gy\u00f6ngy\u00f6s Wine Competition 2024 - gold medal<br \/><\/p>\r\n\t\t\t\t<\/div>\r\n\t\t\t<\/li>\r\n\t\t\r\n<\/ul><\/div><\/div><\/div><\/div><\/div>","protected":false},"excerpt":{"rendered":"<p>Our true crowd favorite wine was born from the domestication of three deservedly popular varieties: Irsai Oliv\u00e9r, Olaszrizling, and Sauvignon Blanc. It owes its lively acidity and backbone to the characteristics of Olaszrizling and Sauvignon Blanc. Its aroma profile features the floral and springtime notes of Irsai Oliv\u00e9r, the citrus and green apple character of Olaszrizling, and the floral and gooseberry character of Sauvignon Blanc.<\/p>\n","protected":false},"featured_media":8751,"template":"","meta":[],"product_brand":[],"product_cat":[17],"product_tag":[],"class_list":{"0":"post-8750","1":"product","2":"type-product","3":"status-publish","4":"has-post-thumbnail","6":"product_cat-matra","8":"first","9":"instock","10":"shipping-taxable","11":"product-type-simple"},"yoast_head":"<!-- This site is optimized with the Yoast SEO plugin v27.3 - https:\/\/yoast.com\/product\/yoast-seo-wordpress\/ -->\n<title>Virgoncz &#8226; Dubicz Winery and Vineyard<\/title>\n<meta name=\"robots\" content=\"index, follow, max-snippet:-1, max-image-preview:large, max-video-preview:-1\" \/>\n<link rel=\"canonical\" href=\"https:\/\/dubicz.hu\/en\/wine\/virgoncz\/\" \/>\n<meta property=\"og:locale\" content=\"en_US\" \/>\n<meta property=\"og:type\" content=\"article\" \/>\n<meta property=\"og:title\" content=\"Virgoncz &#8226; Dubicz Winery and Vineyard\" \/>\n<meta property=\"og:description\" content=\"Our true crowd favorite wine was born from the domestication of three deservedly popular varieties: Irsai Oliv\u00e9r, Olaszrizling, and Sauvignon Blanc. It owes its lively acidity and backbone to the characteristics of Olaszrizling and Sauvignon Blanc. Its aroma profile features the floral and springtime notes of Irsai Oliv\u00e9r, the citrus and green apple character of Olaszrizling, and the floral and gooseberry character of Sauvignon Blanc.\" \/>\n<meta property=\"og:url\" content=\"https:\/\/dubicz.hu\/en\/wine\/virgoncz\/\" \/>\n<meta property=\"og:site_name\" content=\"Dubicz Winery and Vineyard\" \/>\n<meta property=\"og:image\" content=\"https:\/\/dubicz.hu\/en\/wp-content\/uploads\/2025\/10\/Palack-fotok-png-webre-Virgoncz.png\" \/>\n\t<meta property=\"og:image:width\" content=\"580\" \/>\n\t<meta property=\"og:image:height\" content=\"800\" \/>\n\t<meta property=\"og:image:type\" content=\"image\/png\" \/>\n<meta name=\"twitter:card\" content=\"summary_large_image\" \/>\n<meta name=\"twitter:label1\" content=\"Est. reading time\" \/>\n\t<meta name=\"twitter:data1\" content=\"1 minute\" \/>\n<script type=\"application\/ld+json\" class=\"yoast-schema-graph\">{\"@context\":\"https:\\\/\\\/schema.org\",\"@graph\":[{\"@type\":\"WebPage\",\"@id\":\"https:\\\/\\\/dubicz.hu\\\/en\\\/wine\\\/virgoncz\\\/\",\"url\":\"https:\\\/\\\/dubicz.hu\\\/en\\\/wine\\\/virgoncz\\\/\",\"name\":\"Virgoncz &#8226; Dubicz Winery and Vineyard\",\"isPartOf\":{\"@id\":\"https:\\\/\\\/dubicz.hu\\\/en\\\/#website\"},\"primaryImageOfPage\":{\"@id\":\"https:\\\/\\\/dubicz.hu\\\/en\\\/wine\\\/virgoncz\\\/#primaryimage\"},\"image\":{\"@id\":\"https:\\\/\\\/dubicz.hu\\\/en\\\/wine\\\/virgoncz\\\/#primaryimage\"},\"thumbnailUrl\":\"https:\\\/\\\/dubicz.hu\\\/en\\\/wp-content\\\/uploads\\\/2025\\\/10\\\/Palack-fotok-png-webre-Virgoncz.png\",\"datePublished\":\"2025-10-06T13:25:57+00:00\",\"breadcrumb\":{\"@id\":\"https:\\\/\\\/dubicz.hu\\\/en\\\/wine\\\/virgoncz\\\/#breadcrumb\"},\"inLanguage\":\"en-US\",\"potentialAction\":[{\"@type\":\"ReadAction\",\"target\":[\"https:\\\/\\\/dubicz.hu\\\/en\\\/wine\\\/virgoncz\\\/\"]}]},{\"@type\":\"ImageObject\",\"inLanguage\":\"en-US\",\"@id\":\"https:\\\/\\\/dubicz.hu\\\/en\\\/wine\\\/virgoncz\\\/#primaryimage\",\"url\":\"https:\\\/\\\/dubicz.hu\\\/en\\\/wp-content\\\/uploads\\\/2025\\\/10\\\/Palack-fotok-png-webre-Virgoncz.png\",\"contentUrl\":\"https:\\\/\\\/dubicz.hu\\\/en\\\/wp-content\\\/uploads\\\/2025\\\/10\\\/Palack-fotok-png-webre-Virgoncz.png\",\"width\":580,\"height\":800},{\"@type\":\"BreadcrumbList\",\"@id\":\"https:\\\/\\\/dubicz.hu\\\/en\\\/wine\\\/virgoncz\\\/#breadcrumb\",\"itemListElement\":[{\"@type\":\"ListItem\",\"position\":1,\"name\":\"Kezd\u0151lap\",\"item\":\"https:\\\/\\\/dubicz.hu\\\/en\\\/\"},{\"@type\":\"ListItem\",\"position\":2,\"name\":\"Wines\",\"item\":\"https:\\\/\\\/dubicz.hu\\\/en\\\/wines\\\/\"},{\"@type\":\"ListItem\",\"position\":3,\"name\":\"Virgoncz\"}]},{\"@type\":\"WebSite\",\"@id\":\"https:\\\/\\\/dubicz.hu\\\/en\\\/#website\",\"url\":\"https:\\\/\\\/dubicz.hu\\\/en\\\/\",\"name\":\"Dubicz Winery and Vineyard\",\"description\":\"\",\"publisher\":{\"@id\":\"https:\\\/\\\/dubicz.hu\\\/en\\\/#organization\"},\"potentialAction\":[{\"@type\":\"SearchAction\",\"target\":{\"@type\":\"EntryPoint\",\"urlTemplate\":\"https:\\\/\\\/dubicz.hu\\\/en\\\/?s={search_term_string}\"},\"query-input\":{\"@type\":\"PropertyValueSpecification\",\"valueRequired\":true,\"valueName\":\"search_term_string\"}}],\"inLanguage\":\"en-US\"},{\"@type\":\"Organization\",\"@id\":\"https:\\\/\\\/dubicz.hu\\\/en\\\/#organization\",\"name\":\"Dubicz Bor\u00e1szat & Sz\u0151l\u0151birtok\",\"url\":\"https:\\\/\\\/dubicz.hu\\\/en\\\/\",\"logo\":{\"@type\":\"ImageObject\",\"inLanguage\":\"en-US\",\"@id\":\"https:\\\/\\\/dubicz.hu\\\/en\\\/#\\\/schema\\\/logo\\\/image\\\/\",\"url\":\"https:\\\/\\\/dubicz.hu\\\/en\\\/wp-content\\\/uploads\\\/2021\\\/09\\\/dubicz-logo.png\",\"contentUrl\":\"https:\\\/\\\/dubicz.hu\\\/en\\\/wp-content\\\/uploads\\\/2021\\\/09\\\/dubicz-logo.png\",\"width\":323,\"height\":245,\"caption\":\"Dubicz Bor\u00e1szat & Sz\u0151l\u0151birtok\"},\"image\":{\"@id\":\"https:\\\/\\\/dubicz.hu\\\/en\\\/#\\\/schema\\\/logo\\\/image\\\/\"}}]}<\/script>\n<!-- \/ Yoast SEO plugin. -->","yoast_head_json":{"title":"Virgoncz &#8226; Dubicz Winery and Vineyard","robots":{"index":"index","follow":"follow","max-snippet":"max-snippet:-1","max-image-preview":"max-image-preview:large","max-video-preview":"max-video-preview:-1"},"canonical":"https:\/\/dubicz.hu\/en\/wine\/virgoncz\/","og_locale":"en_US","og_type":"article","og_title":"Virgoncz &#8226; Dubicz Winery and Vineyard","og_description":"Our true crowd favorite wine was born from the domestication of three deservedly popular varieties: Irsai Oliv\u00e9r, Olaszrizling, and Sauvignon Blanc. It owes its lively acidity and backbone to the characteristics of Olaszrizling and Sauvignon Blanc. Its aroma profile features the floral and springtime notes of Irsai Oliv\u00e9r, the citrus and green apple character of Olaszrizling, and the floral and gooseberry character of Sauvignon Blanc.","og_url":"https:\/\/dubicz.hu\/en\/wine\/virgoncz\/","og_site_name":"Dubicz Winery and Vineyard","og_image":[{"width":580,"height":800,"url":"https:\/\/dubicz.hu\/en\/wp-content\/uploads\/2025\/10\/Palack-fotok-png-webre-Virgoncz.png","type":"image\/png"}],"twitter_card":"summary_large_image","twitter_misc":{"Est. reading time":"1 minute"},"schema":{"@context":"https:\/\/schema.org","@graph":[{"@type":"WebPage","@id":"https:\/\/dubicz.hu\/en\/wine\/virgoncz\/","url":"https:\/\/dubicz.hu\/en\/wine\/virgoncz\/","name":"Virgoncz &#8226; Dubicz Winery and Vineyard","isPartOf":{"@id":"https:\/\/dubicz.hu\/en\/#website"},"primaryImageOfPage":{"@id":"https:\/\/dubicz.hu\/en\/wine\/virgoncz\/#primaryimage"},"image":{"@id":"https:\/\/dubicz.hu\/en\/wine\/virgoncz\/#primaryimage"},"thumbnailUrl":"https:\/\/dubicz.hu\/en\/wp-content\/uploads\/2025\/10\/Palack-fotok-png-webre-Virgoncz.png","datePublished":"2025-10-06T13:25:57+00:00","breadcrumb":{"@id":"https:\/\/dubicz.hu\/en\/wine\/virgoncz\/#breadcrumb"},"inLanguage":"en-US","potentialAction":[{"@type":"ReadAction","target":["https:\/\/dubicz.hu\/en\/wine\/virgoncz\/"]}]},{"@type":"ImageObject","inLanguage":"en-US","@id":"https:\/\/dubicz.hu\/en\/wine\/virgoncz\/#primaryimage","url":"https:\/\/dubicz.hu\/en\/wp-content\/uploads\/2025\/10\/Palack-fotok-png-webre-Virgoncz.png","contentUrl":"https:\/\/dubicz.hu\/en\/wp-content\/uploads\/2025\/10\/Palack-fotok-png-webre-Virgoncz.png","width":580,"height":800},{"@type":"BreadcrumbList","@id":"https:\/\/dubicz.hu\/en\/wine\/virgoncz\/#breadcrumb","itemListElement":[{"@type":"ListItem","position":1,"name":"Kezd\u0151lap","item":"https:\/\/dubicz.hu\/en\/"},{"@type":"ListItem","position":2,"name":"Wines","item":"https:\/\/dubicz.hu\/en\/wines\/"},{"@type":"ListItem","position":3,"name":"Virgoncz"}]},{"@type":"WebSite","@id":"https:\/\/dubicz.hu\/en\/#website","url":"https:\/\/dubicz.hu\/en\/","name":"Dubicz Winery and Vineyard","description":"","publisher":{"@id":"https:\/\/dubicz.hu\/en\/#organization"},"potentialAction":[{"@type":"SearchAction","target":{"@type":"EntryPoint","urlTemplate":"https:\/\/dubicz.hu\/en\/?s={search_term_string}"},"query-input":{"@type":"PropertyValueSpecification","valueRequired":true,"valueName":"search_term_string"}}],"inLanguage":"en-US"},{"@type":"Organization","@id":"https:\/\/dubicz.hu\/en\/#organization","name":"Dubicz Bor\u00e1szat & Sz\u0151l\u0151birtok","url":"https:\/\/dubicz.hu\/en\/","logo":{"@type":"ImageObject","inLanguage":"en-US","@id":"https:\/\/dubicz.hu\/en\/#\/schema\/logo\/image\/","url":"https:\/\/dubicz.hu\/en\/wp-content\/uploads\/2021\/09\/dubicz-logo.png","contentUrl":"https:\/\/dubicz.hu\/en\/wp-content\/uploads\/2021\/09\/dubicz-logo.png","width":323,"height":245,"caption":"Dubicz Bor\u00e1szat & Sz\u0151l\u0151birtok"},"image":{"@id":"https:\/\/dubicz.hu\/en\/#\/schema\/logo\/image\/"}}]}},"_links":{"self":[{"href":"https:\/\/dubicz.hu\/en\/wp-json\/wp\/v2\/product\/8750","targetHints":{"allow":["GET"]}}],"collection":[{"href":"https:\/\/dubicz.hu\/en\/wp-json\/wp\/v2\/product"}],"about":[{"href":"https:\/\/dubicz.hu\/en\/wp-json\/wp\/v2\/types\/product"}],"wp:featuredmedia":[{"embeddable":true,"href":"https:\/\/dubicz.hu\/en\/wp-json\/wp\/v2\/media\/8751"}],"wp:attachment":[{"href":"https:\/\/dubicz.hu\/en\/wp-json\/wp\/v2\/media?parent=8750"}],"wp:term":[{"taxonomy":"product_brand","embeddable":true,"href":"https:\/\/dubicz.hu\/en\/wp-json\/wp\/v2\/product_brand?post=8750"},{"taxonomy":"product_cat","embeddable":true,"href":"https:\/\/dubicz.hu\/en\/wp-json\/wp\/v2\/product_cat?post=8750"},{"taxonomy":"product_tag","embeddable":true,"href":"https:\/\/dubicz.hu\/en\/wp-json\/wp\/v2\/product_tag?post=8750"}],"curies":[{"name":"wp","href":"https:\/\/api.w.org\/{rel}","templated":true}]}}